{"id":6679,"date":"2024-05-15T10:34:29","date_gmt":"2024-05-15T10:34:29","guid":{"rendered":"https:\/\/wordpress2.thedevelopment.in\/dd\/ccr.group\/easyconnect-smart-dialer\/"},"modified":"2025-02-20T08:55:40","modified_gmt":"2025-02-20T08:55:40","slug":"easyconnect-smart-dialer","status":"publish","type":"page","link":"https:\/\/ccr.group\/en\/easyconnect-smart-dialer\/","title":{"rendered":"EasyConnect Smart Dialer"},"content":{"rendered":"\t\t<div data-elementor-type=\"wp-page\" data-elementor-id=\"6679\" class=\"elementor elementor-6679 elementor-4012\" data-elementor-post-type=\"page\">\n\t\t\t\t<div class=\"elementor-element elementor-element-6ab76187 e-flex e-con-boxed e-con e-parent\" data-id=\"6ab76187\" data-element_type=\"container\" data-e-type=\"container\" data-settings=\"{&quot;background_background&quot;:&quot;classic&quot;}\">\n\t\t\t\t\t<div class=\"e-con-inner\">\n\t\t<div class=\"elementor-element elementor-element-d865c0f e-con-full e-flex e-con e-child\" data-id=\"d865c0f\" data-element_type=\"container\" data-e-type=\"container\">\n\t\t\t\t<div class=\"elementor-element elementor-element-9e8091e elementor-widget elementor-widget-image\" data-id=\"9e8091e\" data-element_type=\"widget\" data-e-type=\"widget\" data-widget_type=\"image.default\">\n\t\t\t\t<div class=\"elementor-widget-container\">\n\t\t\t\t\t\t\t\t\t\t\t\t\t\t\t<img decoding=\"async\" width=\"300\" height=\"117\" src=\"https:\/\/ccr.group\/wp-content\/uploads\/2024\/05\/easy-connect-smart-dialer-300x117-1.png\" class=\"attachment-large size-large wp-image-5900\" alt=\"\" \/>\t\t\t\t\t\t\t\t\t\t\t\t\t\t\t<\/div>\n\t\t\t\t<\/div>\n\t\t\t\t<div class=\"elementor-element elementor-element-4095a6b elementor-widget elementor-widget-heading\" data-id=\"4095a6b\" data-element_type=\"widget\" data-e-type=\"widget\" data-widget_type=\"heading.default\">\n\t\t\t\t<div class=\"elementor-widget-container\">\n\t\t\t\t\t<h1 class=\"elementor-heading-title elementor-size-default\">Secure Source Management with EasyConnect Smart Dialer\n\n<\/h1>\t\t\t\t<\/div>\n\t\t\t\t<\/div>\n\t\t\t\t<div class=\"elementor-element elementor-element-23b70d8 elementor-widget elementor-widget-heading\" data-id=\"23b70d8\" data-element_type=\"widget\" data-e-type=\"widget\" data-widget_type=\"heading.default\">\n\t\t\t\t<div class=\"elementor-widget-container\">\n\t\t\t\t\t<h6 class=\"elementor-heading-title elementor-size-default\">What is EasyConnect Smart Dialer?\n\n\n<\/h6>\t\t\t\t<\/div>\n\t\t\t\t<\/div>\n\t\t\t\t<div class=\"elementor-element elementor-element-72aa0817 elementor-widget elementor-widget-text-editor\" data-id=\"72aa0817\" data-element_type=\"widget\" data-e-type=\"widget\" data-widget_type=\"text-editor.default\">\n\t\t\t\t<div class=\"elementor-widget-container\">\n\t\t\t\t\t\t\t\t\tEasyConnect Smart Dialer is a secure internal and outsource management platform that can take inbound and blended calls and deliver preview, predictive, power and agentless calls in line with BTK and BDDK regulations without having to share customer data with outsourcing firms.<\/p>\n\nEasyConnect Smart Dialer is an End-to-End Call Center Platform where customer representative applications, IVR flows and external call rules are designed once, enabling operational standardization, dynamism and cost reduction.\t\t\t\t\t\t\t\t<\/div>\n\t\t\t\t<\/div>\n\t\t\t\t<div class=\"elementor-element elementor-element-9c4a1d5 elementor-align-left elementor-mobile-align-center elementor-widget elementor-widget-button\" data-id=\"9c4a1d5\" data-element_type=\"widget\" data-e-type=\"widget\" data-widget_type=\"button.default\">\n\t\t\t\t<div class=\"elementor-widget-container\">\n\t\t\t\t\t\t\t\t\t<div class=\"elementor-button-wrapper\">\n\t\t\t\t\t<a class=\"elementor-button elementor-button-link elementor-size-sm elementor-animation-pulse\" href=\"#demotalebi\">\n\t\t\t\t\t\t<span class=\"elementor-button-content-wrapper\">\n\t\t\t\t\t\t<span class=\"elementor-button-icon\">\n\t\t\t\t\t\t\t<\/span>\n\t\t\t\t\t\t\t\t\t<span class=\"elementor-button-text\">Demo Request<\/span>\n\t\t\t\t\t<\/span>\n\t\t\t\t\t<\/a>\n\t\t\t\t<\/div>\n\t\t\t\t\t\t\t\t<\/div>\n\t\t\t\t<\/div>\n\t\t\t\t<\/div>\n\t\t<div class=\"elementor-element elementor-element-59cb3dbb e-con-full e-flex e-con e-child\" data-id=\"59cb3dbb\" data-element_type=\"container\" data-e-type=\"container\">\n\t\t\t\t<div class=\"elementor-element elementor-element-8b3bfe5 elementor-widget__width-inherit elementor-widget elementor-widget-image\" data-id=\"8b3bfe5\" data-element_type=\"widget\" data-e-type=\"widget\" data-widget_type=\"image.default\">\n\t\t\t\t<div class=\"elementor-widget-container\">\n\t\t\t\t\t\t\t\t\t\t\t\t\t\t\t<img fetchpriority=\"high\" decoding=\"async\" width=\"500\" height=\"500\" src=\"https:\/\/ccr.group\/wp-content\/uploads\/2024\/09\/Easyconnect-Smart-Dialer.webp\" class=\"attachment-full size-full wp-image-17256\" alt=\"Easyconnect-Smart-Dialer\" srcset=\"https:\/\/ccr.group\/wp-content\/uploads\/2024\/09\/Easyconnect-Smart-Dialer.webp 500w, https:\/\/ccr.group\/wp-content\/uploads\/2024\/09\/Easyconnect-Smart-Dialer-300x300.webp 300w, https:\/\/ccr.group\/wp-content\/uploads\/2024\/09\/Easyconnect-Smart-Dialer-150x150.webp 150w\" sizes=\"(max-width: 500px) 100vw, 500px\" \/>\t\t\t\t\t\t\t\t\t\t\t\t\t\t\t<\/div>\n\t\t\t\t<\/div>\n\t\t\t\t<\/div>\n\t\t\t\t\t<\/div>\n\t\t\t\t<\/div>\n\t\t\t\t<section class=\"elementor-section elementor-top-section elementor-element elementor-element-610ec1c elementor-section-content-middle elementor-section-boxed elementor-section-height-default elementor-section-height-default\" data-id=\"610ec1c\" data-element_type=\"section\" data-e-type=\"section\" data-settings=\"{&quot;background_background&quot;:&quot;classic&quot;}\">\n\t\t\t\t\t\t<div class=\"elementor-container elementor-column-gap-no\">\n\t\t\t\t\t<div class=\"elementor-column elementor-col-100 elementor-top-column elementor-element elementor-element-97f6a9e\" data-id=\"97f6a9e\" data-element_type=\"column\" data-e-type=\"column\">\n\t\t\t<div class=\"elementor-widget-wrap elementor-element-populated\">\n\t\t\t\t\t\t<section class=\"elementor-section elementor-inner-section elementor-element elementor-element-2b06ddf elementor-section-content-middle elementor-section-boxed elementor-section-height-default elementor-section-height-default\" data-id=\"2b06ddf\" data-element_type=\"section\" data-e-type=\"section\" data-settings=\"{&quot;background_background&quot;:&quot;classic&quot;}\">\n\t\t\t\t\t\t<div class=\"elementor-container elementor-column-gap-no\">\n\t\t\t\t\t<div class=\"elementor-column elementor-col-50 elementor-inner-column elementor-element elementor-element-649cf70\" data-id=\"649cf70\" data-element_type=\"column\" data-e-type=\"column\">\n\t\t\t<div class=\"elementor-widget-wrap elementor-element-populated\">\n\t\t\t\t\t\t<div class=\"elementor-element elementor-element-cf23e4b elementor-widget elementor-widget-image\" data-id=\"cf23e4b\" data-element_type=\"widget\" data-e-type=\"widget\" data-widget_type=\"image.default\">\n\t\t\t\t<div class=\"elementor-widget-container\">\n\t\t\t\t\t\t\t\t\t\t\t\t\t\t\t<img decoding=\"async\" width=\"700\" height=\"443\" src=\"https:\/\/ccr.group\/wp-content\/uploads\/2024\/05\/easyconnect-smart-dialer-en-2.webp\" class=\"attachment-full size-full wp-image-5902\" alt=\"\" srcset=\"https:\/\/ccr.group\/wp-content\/uploads\/2024\/05\/easyconnect-smart-dialer-en-2.webp 700w, https:\/\/ccr.group\/wp-content\/uploads\/2024\/05\/easyconnect-smart-dialer-en-2-300x190.webp 300w\" sizes=\"(max-width: 700px) 100vw, 700px\" \/>\t\t\t\t\t\t\t\t\t\t\t\t\t\t\t<\/div>\n\t\t\t\t<\/div>\n\t\t\t\t\t<\/div>\n\t\t<\/div>\n\t\t\t\t<div class=\"elementor-column elementor-col-50 elementor-inner-column elementor-element elementor-element-02b90c6\" data-id=\"02b90c6\" data-element_type=\"column\" data-e-type=\"column\">\n\t\t\t<div class=\"elementor-widget-wrap elementor-element-populated\">\n\t\t\t\t\t\t<div class=\"elementor-element elementor-element-58763a9 elementor-widget elementor-widget-heading\" data-id=\"58763a9\" data-element_type=\"widget\" data-e-type=\"widget\" data-widget_type=\"heading.default\">\n\t\t\t\t<div class=\"elementor-widget-container\">\n\t\t\t\t\t<h3 class=\"elementor-heading-title elementor-size-default\">What Are the Fundamental Features of the Product?\n<\/h3>\t\t\t\t<\/div>\n\t\t\t\t<\/div>\n\t\t\t\t<div class=\"elementor-element elementor-element-6b306a6 elementor-widget elementor-widget-text-editor\" data-id=\"6b306a6\" data-element_type=\"widget\" data-e-type=\"widget\" data-widget_type=\"text-editor.default\">\n\t\t\t\t<div class=\"elementor-widget-container\">\n\t\t\t\t\t\t\t\t\t<ul>\n<li>It consists of Desktop, Web and Service applications.<\/li>\n<li>It is flexible and configurable.<\/li>\n<li>It can be upgraded, or customized for the customer.<\/li>\n<li>It\u2019s secure and it limits process and data share, and it\u2019s monitored.<\/li>\n<li>It can be used in both inbound and outbound process management.&gt;<\/li>\n<li>It reduces the costs by executing Preview, Predictive, Power and Blended campaign models.<\/li>\n<\/ul>\n\t\t\t\t\t\t\t\t<\/div>\n\t\t\t\t<\/div>\n\t\t\t\t\t<\/div>\n\t\t<\/div>\n\t\t\t\t\t<\/div>\n\t\t<\/section>\n\t\t\t\t<section class=\"elementor-section elementor-inner-section elementor-element elementor-element-db26966 elementor-section-content-middle elementor-section-boxed elementor-section-height-default elementor-section-height-default\" data-id=\"db26966\" data-element_type=\"section\" data-e-type=\"section\" data-settings=\"{&quot;background_background&quot;:&quot;classic&quot;}\">\n\t\t\t\t\t\t<div class=\"elementor-container elementor-column-gap-no\">\n\t\t\t\t\t<div class=\"elementor-column elementor-col-100 elementor-inner-column elementor-element elementor-element-2dbb3e8\" data-id=\"2dbb3e8\" data-element_type=\"column\" data-e-type=\"column\">\n\t\t\t<div class=\"elementor-widget-wrap elementor-element-populated\">\n\t\t\t\t\t\t<div class=\"elementor-element elementor-element-e477aea elementor-widget elementor-widget-heading\" data-id=\"e477aea\" data-element_type=\"widget\" data-e-type=\"widget\" data-widget_type=\"heading.default\">\n\t\t\t\t<div class=\"elementor-widget-container\">\n\t\t\t\t\t<h3 class=\"elementor-heading-title elementor-size-default\">What Are the Advantages of Smart Dialer?\n<\/h3>\t\t\t\t<\/div>\n\t\t\t\t<\/div>\n\t\t\t\t<div class=\"elementor-element elementor-element-f944726 elementor-widget elementor-widget-text-editor\" data-id=\"f944726\" data-element_type=\"widget\" data-e-type=\"widget\" data-widget_type=\"text-editor.default\">\n\t\t\t\t<div class=\"elementor-widget-container\">\n\t\t\t\t\t\t\t\t\t<ul>\n \t<li>Administrative follow-up, Legal follow-up etc. Its historical data accumulation capability in Sales, Collection, projects and rich customer data provide up to 70% efficiency increase\n<\/li>\n \t<li>Customer data is loaded, processed and reported systematically from end-to-end without sharing\n<\/li>\n \t<li>Provides developed scripts and screens to be used by all outsourcing firms simultaneously\n<\/li>\n \t<li>Provides comparative, graphical and statistical reporting on outsourcing firm performance\n<\/li>\n \t<li>Data-based authorization allows outsourcing firms to manage and report on their own operations\n<\/li>\n \t<li>Allows the system owner to instantly monitor all internal and external customer representative status and efficiency statistics\n<\/li>\n<li>The Real Time Speech Analytics module provides additional sales opportunities and customer satisfaction\n<\/li>\n<li>Allows before, during and after call processes to be customized with the possibility of integration to internal systems\n<\/li>\n<li>Determines the actual cost of sales or collection by measuring the effort based on data\n<\/li>\n<li>Allows data to be handled by back office users by defining business processes for all campaign types\n<\/li>\n<li>It is continuously being developed and improved by R&amp;D operations\n<\/li>\n<\/ul>\t\t\t\t\t\t\t\t<\/div>\n\t\t\t\t<\/div>\n\t\t\t\t\t<\/div>\n\t\t<\/div>\n\t\t\t\t\t<\/div>\n\t\t<\/section>\n\t\t\t\t\t<\/div>\n\t\t<\/div>\n\t\t\t\t\t<\/div>\n\t\t<\/section>\n\t\t<div class=\"elementor-element elementor-element-2a83505 e-flex e-con-boxed e-con e-parent\" data-id=\"2a83505\" data-element_type=\"container\" data-e-type=\"container\" id=\"demotalebi\" data-settings=\"{&quot;background_background&quot;:&quot;classic&quot;}\">\n\t\t\t\t\t<div class=\"e-con-inner\">\n\t\t\t\t<div class=\"elementor-element elementor-element-844ca83 elementor-widget elementor-widget-heading\" data-id=\"844ca83\" data-element_type=\"widget\" data-e-type=\"widget\" data-widget_type=\"heading.default\">\n\t\t\t\t<div class=\"elementor-widget-container\">\n\t\t\t\t\t<h3 class=\"elementor-heading-title elementor-size-default\">Demo Request\n<\/h3>\t\t\t\t<\/div>\n\t\t\t\t<\/div>\n\t\t\t\t<div class=\"elementor-element elementor-element-890eff3 elementor-widget elementor-widget-shortcode\" data-id=\"890eff3\" data-element_type=\"widget\" data-e-type=\"widget\" data-widget_type=\"shortcode.default\">\n\t\t\t\t<div class=\"elementor-widget-container\">\n\t\t\t\t\t\t\t<div class=\"elementor-shortcode\"><div class=\"forminator-ui forminator-custom-form forminator-custom-form-3064 forminator-design--default  forminator_ajax\" data-forminator-render=\"0\" data-form=\"forminator-module-3064\" data-uid=\"69d2a5a995bb2\"><br\/><\/div><form\n\t\t\t\tid=\"forminator-module-3064\"\n\t\t\t\tclass=\"forminator-ui forminator-custom-form forminator-custom-form-3064 forminator-design--default  forminator_ajax\"\n\t\t\t\tmethod=\"post\"\n\t\t\t\tdata-forminator-render=\"0\"\n\t\t\t\tdata-form-id=\"3064\"\n\t\t\t\t data-color-option=\"default\" data-design=\"default\" data-grid=\"open\" style=\"display: none;\"\n\t\t\t\tdata-uid=\"69d2a5a995bb2\"\n\t\t\t><div role=\"alert\" aria-live=\"polite\" class=\"forminator-response-message forminator-error\" aria-hidden=\"true\"><\/div><div class=\"forminator-row\"><div id=\"name-1\" class=\"forminator-field-name forminator-col forminator-col-6 \"><div class=\"forminator-row forminator-no-margin\" data-multiple=\"true\"><div class=\"forminator-col forminator-col-md-6\"><div class=\"forminator-field\"><label for=\"forminator-field-first-name-1_69d2a5a995bb2\" id=\"forminator-field-first-name-1_69d2a5a995bb2-label\" class=\"forminator-label\">First Name <span class=\"forminator-required\">*<\/span><\/label><input type=\"text\" name=\"name-1-first-name\" placeholder=\"Ad\u0131n\u0131z\" id=\"forminator-field-first-name-1_69d2a5a995bb2\" class=\"forminator-input\" aria-required=\"true\" data-multi=\"1\" autocomplete=\"given-name\" value=\"\" \/><\/div><\/div><div class=\"forminator-col forminator-col-md-6\"><div class=\"forminator-field\"><label for=\"forminator-field-last-name-1_69d2a5a995bb2\" id=\"forminator-field-last-name-1_69d2a5a995bb2-label\" class=\"forminator-label\">Last Name<\/label><input type=\"text\" name=\"name-1-last-name\" placeholder=\"Soyad\u0131n\u0131z\" id=\"forminator-field-last-name-1_69d2a5a995bb2\" class=\"forminator-input\" aria-required=\"false\" data-multi=\"1\" autocomplete=\"family-name\" value=\"\" \/><\/div><\/div><\/div><\/div><div id=\"text-2\" class=\"forminator-field-text forminator-col forminator-col-6 \"><div class=\"forminator-field\"><label for=\"forminator-field-text-2_69d2a5a995bb2\" id=\"forminator-field-text-2_69d2a5a995bb2-label\" class=\"forminator-label\">Company Name<\/label><input type=\"text\" name=\"text-2\" value=\"\" placeholder=\"Firma ad\u0131n\u0131z\" id=\"forminator-field-text-2_69d2a5a995bb2\" class=\"forminator-input forminator-name--field\" data-required=\"\" \/><\/div><\/div><\/div><div class=\"forminator-row\"><div id=\"email-1\" class=\"forminator-field-email forminator-col forminator-col-4 \"><div class=\"forminator-field\"><label for=\"forminator-field-email-1_69d2a5a995bb2\" id=\"forminator-field-email-1_69d2a5a995bb2-label\" class=\"forminator-label\">Email Address <span class=\"forminator-required\">*<\/span><\/label><input type=\"email\" name=\"email-1\" value=\"\" placeholder=\"Email\" id=\"forminator-field-email-1_69d2a5a995bb2\" class=\"forminator-input forminator-email--field\" data-required=\"true\" aria-required=\"true\" autocomplete=\"email\" \/><\/div><\/div><div id=\"text-1\" class=\"forminator-field-text forminator-col forminator-col-4 \"><div class=\"forminator-field\"><label for=\"forminator-field-text-1_69d2a5a995bb2\" id=\"forminator-field-text-1_69d2a5a995bb2-label\" class=\"forminator-label\">Subject<\/label><input type=\"text\" name=\"text-1\" value=\"\" placeholder=\"Konu\" id=\"forminator-field-text-1_69d2a5a995bb2\" class=\"forminator-input forminator-name--field\" data-required=\"\" \/><\/div><\/div><div id=\"phone-1\" class=\"forminator-field-phone forminator-col forminator-col-4 \"><div class=\"forminator-field\"><label for=\"forminator-field-phone-1_69d2a5a995bb2\" id=\"forminator-field-phone-1_69d2a5a995bb2-label\" class=\"forminator-label\">Phone Number<\/label><input type=\"text\" name=\"phone-1\" value=\"\" placeholder=\"Telefon\" id=\"forminator-field-phone-1_69d2a5a995bb2\" class=\"forminator-input forminator-field--phone\" data-required=\"\" aria-required=\"false\" autocomplete=\"off\" \/><\/div><\/div><\/div><div class=\"forminator-row\"><div id=\"textarea-1\" class=\"forminator-field-textarea forminator-col forminator-col-12 \"><div class=\"forminator-field\"><label for=\"forminator-field-textarea-1_69d2a5a995bb2\" id=\"forminator-field-textarea-1_69d2a5a995bb2-label\" class=\"forminator-label\">Message<\/label><textarea name=\"textarea-1\" placeholder=\"A\u00e7\u0131klama\" id=\"forminator-field-textarea-1_69d2a5a995bb2\" class=\"forminator-textarea\" rows=\"6\" style=\"min-height:140px;\" maxlength=\"180\" ><\/textarea><span id=\"forminator-field-textarea-1_69d2a5a995bb2-description\" class=\"forminator-description\"><span data-limit=\"180\" data-type=\"characters\" data-editor=\"\">0 \/ 180<\/span><\/span><\/div><\/div><\/div><div class=\"forminator-row\"><div id=\"consent-1\" class=\"forminator-field-consent forminator-col forminator-col-12  consent1\"><div class=\"forminator-field\"><label for=\"forminator-field-consent-1_69d2a5a995bb2\" id=\"forminator-field-consent-1_69d2a5a995bb2-label\" class=\"forminator-label\">Consent <span class=\"forminator-required\">*<\/span><\/label><div class=\"forminator-checkbox__wrapper\"><label id=\"forminator-field-consent-1_69d2a5a995bb2__label\" class=\"forminator-checkbox forminator-consent\"><input type=\"checkbox\" name=\"consent-1\" id=\"forminator-field-consent-1_69d2a5a995bb2\" value=\"checked\" aria-labelledby=\"forminator-field-consent-1_69d2a5a995bb2-label\" aria-describedby=\"forminator-field-consent-1_69d2a5a995bb2__description\" data-required=\"true\" aria-required=\"true\" \/><span class=\"forminator-checkbox-box\" aria-hidden=\"true\"><\/span><\/label><div id=\"forminator-field-consent-1_69d2a5a995bb2__description\" class=\"forminator-checkbox__label forminator-consent__label\"><p><a href=\"https:\/\/ccr.group\/urun-hizmet-alan-kisiler-icin-kisisel-verilerinin-is-faaliyetleri-kapsaminda-islenmesine-iliskin-aydinlatma-metni\/\">Ki\u015fisel Verilerin \u0130\u015flenmesine ili\u015fkin Ayd\u0131nlatma Metni<\/a>\u2019ni okudum.<\/p><\/div><\/div><\/div><\/div><\/div><div class=\"forminator-row\"><div id=\"consent-2\" class=\"forminator-field-consent forminator-col forminator-col-12  consent2\"><div class=\"forminator-field\"><label for=\"forminator-field-consent-2_69d2a5a995bb2\" id=\"forminator-field-consent-2_69d2a5a995bb2-label\" class=\"forminator-label\">Consent<\/label><div class=\"forminator-checkbox__wrapper\"><label id=\"forminator-field-consent-2_69d2a5a995bb2__label\" class=\"forminator-checkbox forminator-consent\"><input type=\"checkbox\" name=\"consent-2\" id=\"forminator-field-consent-2_69d2a5a995bb2\" value=\"checked\" aria-labelledby=\"forminator-field-consent-2_69d2a5a995bb2-label\" aria-describedby=\"forminator-field-consent-2_69d2a5a995bb2__description\" data-required=\"false\" aria-required=\"false\" \/><span class=\"forminator-checkbox-box\" aria-hidden=\"true\"><\/span><\/label><div id=\"forminator-field-consent-2_69d2a5a995bb2__description\" class=\"forminator-checkbox__label forminator-consent__label\"><p><a href=\"https:\/\/ccr.group\/ticari-elektronik-ileti-izni\/\">A\u00e7\u0131k R\u0131za Metni Kapsam\u0131nda <\/a>Ticari elektronik ileti ve e-b\u00fclten g\u00f6nderilmesini kabul ediyorum.<\/p><\/div><\/div><\/div><\/div><\/div><div class=\"forminator-row forminator-hidden\"><div id=\"hidden-1\" class=\"forminator-field-hidden  forminator-col-12 \"><input type=\"hidden\" id=\"hidden-1_69d2a5a995bb2\" name=\"hidden-1\" value=\"EasyConnect Smart Dialer\" \/><\/div><\/div><input type=\"hidden\" name=\"referer_url\" value=\"\" \/><div class=\"forminator-row forminator-row-last\"><div class=\"forminator-col\"><div class=\"forminator-field\"><button class=\"forminator-button forminator-button-submit\">G&ouml;nder<\/button><\/div><\/div><\/div><input type=\"hidden\" id=\"forminator_nonce\" name=\"forminator_nonce\" value=\"5d9d3060f6\" \/><input type=\"hidden\" name=\"_wp_http_referer\" value=\"\/en\/wp-json\/wp\/v2\/pages\/6679\" \/><input type=\"hidden\" name=\"form_id\" value=\"3064\"><input type=\"hidden\" name=\"page_id\" value=\"6679\"><input type=\"hidden\" name=\"form_type\" value=\"default\"><input type=\"hidden\" name=\"current_url\" value=\"https:\/\/ccr.group\/en\/easyconnect-smart-dialer\/\"><input type=\"hidden\" name=\"render_id\" value=\"0\"><input type=\"hidden\" name=\"action\" value=\"forminator_submit_form_custom-forms\"><\/form><\/div>\n\t\t\t\t\t\t<\/div>\n\t\t\t\t<\/div>\n\t\t\t\t\t<\/div>\n\t\t\t\t<\/div>\n\t\t\t\t<\/div>\n\t\t","protected":false},"excerpt":{"rendered":"<p>Secure Source Management with EasyConnect Smart Dialer What is EasyConnect Smart Dialer? EasyConnect Smart Dialer is a secure internal and outsource management platform that can take inbound and blended calls and deliver preview, predictive, power and agentless calls in line with BTK and BDDK regulations without having to share customer data with outsourcing firms. EasyConnect [&hellip;]<\/p>\n","protected":false},"author":1,"featured_media":0,"parent":0,"menu_order":0,"comment_status":"closed","ping_status":"closed","template":"elementor_header_footer","meta":{"_uag_custom_page_level_css":"","site-sidebar-layout":"no-sidebar","site-content-layout":"page-builder","ast-site-content-layout":"full-width-container","site-content-style":"default","site-sidebar-style":"default","ast-global-header-display":"","ast-banner-title-visibility":"","ast-main-header-display":"","ast-hfb-above-header-display":"","ast-hfb-below-header-display":"","ast-hfb-mobile-header-display":"","site-post-title":"disabled","ast-breadcrumbs-content":"","ast-featured-img":"disabled","footer-sml-layout":"","ast-disable-related-posts":"","theme-transparent-header-meta":"default","adv-header-id-meta":"","stick-header-meta":"","header-above-stick-meta":"","header-main-stick-meta":"","header-below-stick-meta":"","astra-migrate-meta-layouts":"set","ast-page-background-enabled":"default","ast-page-background-meta":{"desktop":{"background-color":"","background-image":"","background-repeat":"repeat","background-position":"center center","background-size":"auto","background-attachment":"scroll","background-type":"","background-media":"","overlay-type":"","overlay-color":"","overlay-opacity":"","overlay-gradient":""},"tablet":{"background-color":"","background-image":"","background-repeat":"repeat","background-position":"center center","background-size":"auto","background-attachment":"scroll","background-type":"","background-media":"","overlay-type":"","overlay-color":"","overlay-opacity":"","overlay-gradient":""},"mobile":{"background-color":"","background-image":"","background-repeat":"repeat","background-position":"center center","background-size":"auto","background-attachment":"scroll","background-type":"","background-media":"","overlay-type":"","overlay-color":"","overlay-opacity":"","overlay-gradient":""}},"ast-content-background-meta":{"desktop":{"background-color":"var(--ast-global-color-5)","background-image":"","background-repeat":"repeat","background-position":"center center","background-size":"auto","background-attachment":"scroll","background-type":"","background-media":"","overlay-type":"","overlay-color":"","overlay-opacity":"","overlay-gradient":""},"tablet":{"background-color":"var(--ast-global-color-5)","background-image":"","background-repeat":"repeat","background-position":"center center","background-size":"auto","background-attachment":"scroll","background-type":"","background-media":"","overlay-type":"","overlay-color":"","overlay-opacity":"","overlay-gradient":""},"mobile":{"background-color":"var(--ast-global-color-5)","background-image":"","background-repeat":"repeat","background-position":"center center","background-size":"auto","background-attachment":"scroll","background-type":"","background-media":"","overlay-type":"","overlay-color":"","overlay-opacity":"","overlay-gradient":""}},"footnotes":""},"class_list":["post-6679","page","type-page","status-publish","hentry"],"uagb_featured_image_src":{"full":false,"thumbnail":false,"medium":false,"medium_large":false,"large":false,"1536x1536":false,"2048x2048":false},"uagb_author_info":{"display_name":"ccr-yonetici","author_link":"https:\/\/ccr.group\/en\/author\/ccr-admin\/"},"uagb_comment_info":0,"uagb_excerpt":"Secure Source Management with EasyConnect Smart Dialer What is EasyConnect Smart Dialer? EasyConnect Smart Dialer is a secure internal and outsource management platform that can take inbound and blended calls and deliver preview, predictive, power and agentless calls in line with BTK and BDDK regulations without having to share customer data with outsourcing firms. EasyConnect&hellip;","_links":{"self":[{"href":"https:\/\/ccr.group\/en\/wp-json\/wp\/v2\/pages\/6679","targetHints":{"allow":["GET"]}}],"collection":[{"href":"https:\/\/ccr.group\/en\/wp-json\/wp\/v2\/pages"}],"about":[{"href":"https:\/\/ccr.group\/en\/wp-json\/wp\/v2\/types\/page"}],"author":[{"embeddable":true,"href":"https:\/\/ccr.group\/en\/wp-json\/wp\/v2\/users\/1"}],"replies":[{"embeddable":true,"href":"https:\/\/ccr.group\/en\/wp-json\/wp\/v2\/comments?post=6679"}],"version-history":[{"count":4,"href":"https:\/\/ccr.group\/en\/wp-json\/wp\/v2\/pages\/6679\/revisions"}],"predecessor-version":[{"id":21975,"href":"https:\/\/ccr.group\/en\/wp-json\/wp\/v2\/pages\/6679\/revisions\/21975"}],"wp:attachment":[{"href":"https:\/\/ccr.group\/en\/wp-json\/wp\/v2\/media?parent=6679"}],"curies":[{"name":"wp","href":"https:\/\/api.w.org\/{rel}","templated":true}]}}