{"id":6657,"date":"2024-05-21T12:35:25","date_gmt":"2024-05-21T12:35:25","guid":{"rendered":"https:\/\/wordpress2.thedevelopment.in\/dd\/ccr.group\/information-text-for-job-application-candidates\/"},"modified":"2025-02-20T10:24:52","modified_gmt":"2025-02-20T10:24:52","slug":"employee-candidate-disclosure-text","status":"publish","type":"page","link":"https:\/\/ccr.group\/en\/employee-candidate-disclosure-text\/","title":{"rendered":"Employee Candidate Disclosure Text"},"content":{"rendered":"\t\t<div data-elementor-type=\"wp-post\" data-elementor-id=\"6657\" class=\"elementor elementor-6657 elementor-4887\" data-elementor-post-type=\"page\">\n\t\t\t\t<div class=\"elementor-element elementor-element-7d12b548 e-flex e-con-boxed e-con e-parent\" data-id=\"7d12b548\" data-element_type=\"container\" data-e-type=\"container\" data-settings=\"{&quot;background_background&quot;:&quot;classic&quot;}\">\n\t\t\t\t\t<div class=\"e-con-inner\">\n\t\t<div class=\"elementor-element elementor-element-7d5f16b1 e-con-full e-flex e-con e-child\" data-id=\"7d5f16b1\" data-element_type=\"container\" data-e-type=\"container\">\n\t\t\t\t<div class=\"elementor-element elementor-element-c7f55c5 elementor-widget__width-inherit elementor-invisible elementor-widget elementor-widget-heading\" data-id=\"c7f55c5\" data-element_type=\"widget\" data-e-type=\"widget\" data-settings=\"{&quot;_animation&quot;:&quot;fadeInUp&quot;}\" data-widget_type=\"heading.default\">\n\t\t\t\t<div class=\"elementor-widget-container\">\n\t\t\t\t\t<h1 class=\"elementor-heading-title elementor-size-default\">INFORMATION TEXT FOR CANDIDATES WHO APPLY FOR JOB\n<\/h1>\t\t\t\t<\/div>\n\t\t\t\t<\/div>\n\t\t\t\t<\/div>\n\t\t\t\t\t<\/div>\n\t\t\t\t<\/div>\n\t\t<div class=\"elementor-element elementor-element-e51ae98 e-flex e-con-boxed e-con e-parent\" data-id=\"e51ae98\" data-element_type=\"container\" data-e-type=\"container\" data-settings=\"{&quot;background_background&quot;:&quot;classic&quot;}\">\n\t\t\t\t\t<div class=\"e-con-inner\">\n\t\t<div class=\"elementor-element elementor-element-e172f17 e-con-full e-flex e-con e-child\" data-id=\"e172f17\" data-element_type=\"container\" data-e-type=\"container\">\n\t\t\t\t<div class=\"elementor-element elementor-element-a0b5588 elementor-widget elementor-widget-text-editor\" data-id=\"a0b5588\" data-element_type=\"widget\" data-e-type=\"widget\" data-widget_type=\"text-editor.default\">\n\t\t\t\t<div class=\"elementor-widget-container\">\n\t\t\t\t\t\t\t\t\t<p>6698 say\u0131l\u0131 Ki\u015fisel Verilerin Korunmas\u0131 Kanunu (\u201cKanun\u201d) gere\u011fince, i\u015f ba\u015fvurusunda bulunan adaylar\u0131n \u00f6zge\u00e7mi\u015fi i\u00e7erisinde yer alan aday\u0131n ad\u0131\/soyad\u0131, adresi, do\u011fum yeri ve tarihi, telefon numaras\u0131, \u00f6\u011frenim durumu, e\u011fitim bilgileri, i\u015f deneyimleri, yabanc\u0131 dil bilgisi, kat\u0131ld\u0131\u011f\u0131 seminerler, konferanslar ve sertifika programlar\u0131, referanslar\u0131 ve ilgili ki\u015fiyi tan\u0131tan t\u00fcm veriler ile varsa i\u015f g\u00f6r\u00fc\u015fmesi s\u00fcrecinde ger\u00e7ekle\u015ftirilen s\u0131nav sonu\u00e7lar\u0131, ilgili birimin adaya ili\u015fkin de\u011ferlendirme notlar\u0131 gibi her t\u00fcrl\u00fc bilgi ve belge, ki\u015fisel veri kapsam\u0131ndad\u0131r.<\/p>\n<p>Yukar\u0131da bahsi ge\u00e7en ki\u015fisel verileriniz; \u201cVeri Sorumlusu\u201d olarak \u201c<strong>Call Center Resources Dan\u0131\u015fmanl\u0131k A.\u015e.<\/strong>\u201d taraf\u0131ndan a\u015fa\u011f\u0131da a\u00e7\u0131klanan kapsamda i\u015flenebilecektir.<\/p>\n\t\t\t\t\t\t\t\t<\/div>\n\t\t\t\t<\/div>\n\t\t\t\t<div class=\"elementor-element elementor-element-a7e84ed elementor-widget elementor-widget-heading\" data-id=\"a7e84ed\" data-element_type=\"widget\" data-e-type=\"widget\" data-widget_type=\"heading.default\">\n\t\t\t\t<div class=\"elementor-widget-container\">\n\t\t\t\t\t<p class=\"elementor-heading-title elementor-size-default\">1. Ki\u015fisel Verilerin Hangi Ama\u00e7la \u0130\u015flenece\u011fi:<\/p>\t\t\t\t<\/div>\n\t\t\t\t<\/div>\n\t\t\t\t<div class=\"elementor-element elementor-element-1ede396 elementor-widget elementor-widget-text-editor\" data-id=\"1ede396\" data-element_type=\"widget\" data-e-type=\"widget\" data-widget_type=\"text-editor.default\">\n\t\t\t\t<div class=\"elementor-widget-container\">\n\t\t\t\t\t\t\t\t\t<p>Ki\u015fisel verileriniz, i\u015f ba\u015fvuru talebinizin ve ilgili pozisyona uygunlu\u011funuzun de\u011ferlendirilmesi, Call Center Resources Dan\u0131\u015fmanl\u0131k A.\u015e.\u2019nin insan kaynaklar\u0131 politikalar\u0131 \u00e7er\u00e7evesinde i\u015fe al\u0131m s\u00fcre\u00e7lerinin y\u00fcr\u00fct\u00fclmesi, sonu\u00e7land\u0131r\u0131lmas\u0131, sonucun olumsuz olmas\u0131 durumlar\u0131nda sonradan olu\u015facak benzer pozisyonlarda ba\u015fvurunuzun de\u011ferlendirmeye al\u0131nmas\u0131 ve bu kapsamda sizinle ileti\u015fime ge\u00e7ilmesi ile Call Center Resources Dan\u0131\u015fmanl\u0131k A.\u015e.\u2019nin i\u015fe al\u0131m prosed\u00fcrlerinin geli\u015ftirilmesi, Call Center Resources Dan\u0131\u015fmanl\u0131k A.\u015e.\u2019nin ticari faaliyetlerinin ve operasyonel s\u00fcre\u00e7lerinin y\u00fcr\u00fct\u00fclmesi i\u00e7in gerekli insan kayna\u011f\u0131n\u0131n sa\u011flanmas\u0131 gibi ama\u00e7larla i\u015flenecektir.<\/p>\n\t\t\t\t\t\t\t\t<\/div>\n\t\t\t\t<\/div>\n\t\t\t\t<div class=\"elementor-element elementor-element-9ccec79 elementor-widget elementor-widget-heading\" data-id=\"9ccec79\" data-element_type=\"widget\" data-e-type=\"widget\" data-widget_type=\"heading.default\">\n\t\t\t\t<div class=\"elementor-widget-container\">\n\t\t\t\t\t<p class=\"elementor-heading-title elementor-size-default\">2. \u0130\u015flenen Ki\u015fisel Verilerin Kimlere ve Hangi Ama\u00e7la Aktar\u0131labilece\u011fi:\n<\/p>\t\t\t\t<\/div>\n\t\t\t\t<\/div>\n\t\t\t\t<div class=\"elementor-element elementor-element-3156917 elementor-widget elementor-widget-text-editor\" data-id=\"3156917\" data-element_type=\"widget\" data-e-type=\"widget\" data-widget_type=\"text-editor.default\">\n\t\t\t\t<div class=\"elementor-widget-container\">\n\t\t\t\t\t\t\t\t\t<p>Call Center Resources Dan\u0131\u015fmanl\u0131k A.\u015e. taraf\u0131ndan i\u015flenen ki\u015fisel verileriniz, Call Center Resources Dan\u0131\u015fmanl\u0131k A.\u015e.\u2019nin yasal y\u00fck\u00fcml\u00fcl\u00fcklerini yerine getirmesi amac\u0131yla ki\u015fisel verileri talep etmeye kanunen yetkili k\u0131l\u0131nan merciler ile payla\u015f\u0131lmas\u0131 d\u0131\u015f\u0131nda, ger\u00e7ek veya t\u00fczel herhangi bir \u00fc\u00e7\u00fcnc\u00fc ki\u015fiyle payla\u015f\u0131lmayacakt\u0131r.<\/p>\n\t\t\t\t\t\t\t\t<\/div>\n\t\t\t\t<\/div>\n\t\t\t\t<div class=\"elementor-element elementor-element-454537b elementor-widget elementor-widget-heading\" data-id=\"454537b\" data-element_type=\"widget\" data-e-type=\"widget\" data-widget_type=\"heading.default\">\n\t\t\t\t<div class=\"elementor-widget-container\">\n\t\t\t\t\t<p class=\"elementor-heading-title elementor-size-default\">3. Ki\u015fisel Veri Toplaman\u0131n Y\u00f6ntemi ve Hukuki Sebebi:\n<\/p>\t\t\t\t<\/div>\n\t\t\t\t<\/div>\n\t\t\t\t<div class=\"elementor-element elementor-element-49be71d elementor-widget elementor-widget-text-editor\" data-id=\"49be71d\" data-element_type=\"widget\" data-e-type=\"widget\" data-widget_type=\"text-editor.default\">\n\t\t\t\t<div class=\"elementor-widget-container\">\n\t\t\t\t\t\t\t\t\t<p>Kanun\u2019un 5. ve 6. maddelerinde belirtilen ki\u015fisel veri i\u015fleme \u015fartlar\u0131 ve ama\u00e7lar\u0131 kapsam\u0131nda ki\u015fisel verileriniz, Call Center Resources Dan\u0131\u015fmanl\u0131k A.\u015e.\u2019nin insan kaynaklar\u0131 politikalar\u0131 \u00e7er\u00e7evesinde i\u015fe al\u0131m s\u00fcre\u00e7lerinin y\u00fcr\u00fct\u00fclmesi, sonu\u00e7land\u0131r\u0131lmas\u0131 ve bu kapsamda sizinle ileti\u015fime ge\u00e7ilmesi ile Call Center Resources Dan\u0131\u015fmanl\u0131k A.\u015e.\u2019nin ticari faaliyetlerinin ve operasyonel s\u00fcre\u00e7lerinin y\u00fcr\u00fct\u00fclmesi gibi ama\u00e7larla ve temel hak ve \u00f6zg\u00fcrl\u00fcklerinize zarar vermemek kayd\u0131yla Call Center Resources Dan\u0131\u015fmanl\u0131k A.\u015e.\u2019nin me\u015fru menfaati ve a\u00e7\u0131k r\u0131za al\u0131nmas\u0131 hukuki sebebine dayanarak, mail yolu ile Call Center Resources Dan\u0131\u015fmanl\u0131k A.\u015e.\u2019nin internet sitesi vas\u0131tas\u0131yla, insan kaynaklar\u0131 siteleri, fiziki ortamda ve formlar ile toplanmaktad\u0131r.<\/p>\n\t\t\t\t\t\t\t\t<\/div>\n\t\t\t\t<\/div>\n\t\t\t\t<div class=\"elementor-element elementor-element-0cf6026 elementor-widget elementor-widget-heading\" data-id=\"0cf6026\" data-element_type=\"widget\" data-e-type=\"widget\" data-widget_type=\"heading.default\">\n\t\t\t\t<div class=\"elementor-widget-container\">\n\t\t\t\t\t<p class=\"elementor-heading-title elementor-size-default\">4. Veri Sahibinin Kanun\u2019un 11. maddesinde Say\u0131lan Haklar\u0131:\n\n<\/p>\t\t\t\t<\/div>\n\t\t\t\t<\/div>\n\t\t\t\t<div class=\"elementor-element elementor-element-9ac317d elementor-widget elementor-widget-text-editor\" data-id=\"9ac317d\" data-element_type=\"widget\" data-e-type=\"widget\" data-widget_type=\"text-editor.default\">\n\t\t\t\t<div class=\"elementor-widget-container\">\n\t\t\t\t\t\t\t\t\t<p>Kanun\u2019un 11. maddesi uyar\u0131nca; veri sahibi, Ki\u015fisel Verileri Koruma Kurulu\u2019nun belirledi\u011fi y\u00f6ntemlerle Call Center Resources Dan\u0131\u015fmanl\u0131k A.\u015e.\u2019ye ba\u015fvurarak;<\/p>\n\t\t\t\t\t\t\t\t<\/div>\n\t\t\t\t<\/div>\n\t\t\t\t<div class=\"elementor-element elementor-element-567b1b4 elementor-widget elementor-widget-text-editor\" data-id=\"567b1b4\" data-element_type=\"widget\" data-e-type=\"widget\" data-widget_type=\"text-editor.default\">\n\t\t\t\t<div class=\"elementor-widget-container\">\n\t\t\t\t\t\t\t\t\t<ul>\n<li data-sider-select-id=\"ff089830-8abc-4c03-a0dd-3a549c4d4ac7\">Ki\u015fisel verilerinin i\u015flenip i\u015flenmedi\u011fini \u00f6\u011frenme,<\/li>\n<li>Ki\u015fisel verileri i\u015flenmi\u015fse buna ili\u015fkin bilgi talep etme,<\/li>\n<li>Ki\u015fisel verileri i\u015fleniyorsa, ki\u015fisel verilerin i\u015flenme amac\u0131n\u0131 ve bunlar\u0131n amac\u0131na uygun kullan\u0131l\u0131p kullan\u0131lmad\u0131\u011f\u0131n\u0131 \u00f6\u011frenme,<\/li>\n<li>Ki\u015fisel verileri yurt i\u00e7inde veya yurt d\u0131\u015f\u0131nda \u00fc\u00e7\u00fcnc\u00fc ki\u015filere aktar\u0131l\u0131yorsa, ki\u015fisel verilerin aktar\u0131ld\u0131\u011f\u0131 \u00fc\u00e7\u00fcnc\u00fc ki\u015fileri bilme,<\/li>\n<li>Ki\u015fisel verilerin eksik veya yanl\u0131\u015f i\u015flenmi\u015f olmas\u0131 halinde bunlar\u0131n d\u00fczeltilmesini isteme ve bu kapsamda yap\u0131lan i\u015flemin ki\u015fisel verilerin aktar\u0131ld\u0131\u011f\u0131 \u00fc\u00e7\u00fcnc\u00fc ki\u015filere de bildirilmesini isteme,<\/li>\n<li>Kanun ve ilgili di\u011fer kanun h\u00fck\u00fcmlerine uygun olarak i\u015flenmi\u015f olmas\u0131na ra\u011fmen, i\u015flenmesini gerektiren sebeplerin ortadan kalkmas\u0131 halinde ki\u015fisel verilerin silinmesini veya yok edilmesini isteme ve bu kapsamda yap\u0131lan i\u015flemin ki\u015fisel verilerin aktar\u0131ld\u0131\u011f\u0131 \u00fc\u00e7\u00fcnc\u00fc ki\u015filere bildirilmesini isteme,<\/li>\n<li>\u0130\u015flenen verilerin m\u00fcnhas\u0131ran otomatik sistemler vas\u0131tas\u0131yla analiz edilmesi suretiyle ki\u015finin kendisi aleyhine bir sonucun ortaya \u00e7\u0131kmas\u0131na itiraz etme,<\/li>\n<li>Ki\u015fisel verilerin kanuna ayk\u0131r\u0131 olarak i\u015flenmesi sebebiyle zarara u\u011framas\u0131 halinde, zarar\u0131n giderilmesini talep etme haklar\u0131na sahiptir.<\/li>\n<\/ul>\n\t\t\t\t\t\t\t\t<\/div>\n\t\t\t\t<\/div>\n\t\t\t\t<div class=\"elementor-element elementor-element-9d66d87 elementor-widget elementor-widget-heading\" data-id=\"9d66d87\" data-element_type=\"widget\" data-e-type=\"widget\" data-widget_type=\"heading.default\">\n\t\t\t\t<div class=\"elementor-widget-container\">\n\t\t\t\t\t<p class=\"elementor-heading-title elementor-size-default\">K\u0130\u015e\u0130SEL VER\u0130LER\u0130N \u0130\u015eLENME \u015eARTLARI\n<\/p>\t\t\t\t<\/div>\n\t\t\t\t<\/div>\n\t\t\t\t<div class=\"elementor-element elementor-element-abf2148 elementor-widget elementor-widget-heading\" data-id=\"abf2148\" data-element_type=\"widget\" data-e-type=\"widget\" data-widget_type=\"heading.default\">\n\t\t\t\t<div class=\"elementor-widget-container\">\n\t\t\t\t\t<p class=\"elementor-heading-title elementor-size-default\">Yaz\u0131l\u0131 olarak talepte bulunulmas\u0131 halinde;\n\n<\/p>\t\t\t\t<\/div>\n\t\t\t\t<\/div>\n\t\t\t\t<div class=\"elementor-element elementor-element-ff3c98c elementor-widget elementor-widget-text-editor\" data-id=\"ff3c98c\" data-element_type=\"widget\" data-e-type=\"widget\" data-widget_type=\"text-editor.default\">\n\t\t\t\t<div class=\"elementor-widget-container\">\n\t\t\t\t\t\t\t\t\t<p>\u0130nternet sitemizde (https:\/\/www.ccr.group\/ ) yer alan \u201cKVKK Ba\u015fvuru Formu\u201dnun \u0131slak imzal\u0131 bir n\u00fcshas\u0131n\u0131, kimli\u011finizi tespit edici bir belge ile \u015fahsen veya 11. Madde kapsam\u0131nda say\u0131lan haklara ili\u015fkin ba\u015fvuru yapmaya yetkili oldu\u011funuzu g\u00f6sterir ve noter tasdikli bir vek\u00e2letname ile vekaleten teslim edebilir, ya da noter arac\u0131l\u0131\u011f\u0131yla \u201c<strong>CCR \u2013 CALL CENTER RESOURCES DANI\u015eMANLIK A.\u015e- Nanda Plaza, Kozyata\u011f\u0131 Mahallesi Kaya Sultan Sk. No:83\/1 A Kat:8 34742 Kad\u0131k\u00f6y Istanbul T\u00fcrkiye<\/strong>\u201d adresine g\u00f6nderebilirsiniz.<\/p>\n<strong>Elektronik olarak talepte bulunulmas\u0131 halinde;<\/strong><\/p>\n\nKVKK Ba\u015fvuru Formu\u2019nu, 5070 say\u0131l\u0131 Elektronik \u0130mza Kanunu\u2019nda tan\u0131ml\u0131 olan \u201cg\u00fcvenli elektronik imza\u201d sertifikas\u0131na sahip bir elektronik ya da mobil imza ile imzalayarak, \u015eirketimiz Kay\u0131tl\u0131 Elektronik Posta (KEP) adresi olan <a href=\"mailto:callcenterresources@hs02.kep.tr\">callcenterresources@hs02.kep.tr<\/a> adresine, yada \u015eirketimize daha \u00f6nce bildirdi\u011finiz ve sistemlerimizde kay\u0131tl\u0131 bulunan elektronik posta adresini kullanmak suretiyle \u201c<a href=\"mailto:kvkk@ccr.group\">kvkk@ccr.group<\/a>\u201d e-posta adresine iletebilirsiniz.<\/p>\n\n\u015eirketimize iletti\u011finiz talepleriniz, talebinizin niteli\u011fine g\u00f6re en k\u0131sa s\u00fcrede ve en ge\u00e7 otuz g\u00fcn i\u00e7erisinde, yaz\u0131l\u0131 olarak veya elektronik ortamda cevapland\u0131r\u0131lacakt\u0131r.\t\t\t\t\t\t\t\t<\/div>\n\t\t\t\t<\/div>\n\t\t<div class=\"elementor-element elementor-element-7827842 e-flex e-con-boxed e-con e-child\" data-id=\"7827842\" data-element_type=\"container\" data-e-type=\"container\">\n\t\t\t\t\t<div class=\"e-con-inner\">\n\t\t\t\t<div class=\"elementor-element elementor-element-b13a4d7 elementor-widget__width-initial elementor-widget elementor-widget-heading\" data-id=\"b13a4d7\" data-element_type=\"widget\" data-e-type=\"widget\" data-widget_type=\"heading.default\">\n\t\t\t\t<div class=\"elementor-widget-container\">\n\t\t\t\t\t<p class=\"elementor-heading-title elementor-size-default\">Aday\u0131n Ad\u0131-Soyad\u0131: <\/p>\t\t\t\t<\/div>\n\t\t\t\t<\/div>\n\t\t\t\t<div class=\"elementor-element elementor-element-71e9cc6 elementor-widget__width-initial elementor-widget elementor-widget-heading\" data-id=\"71e9cc6\" data-element_type=\"widget\" data-e-type=\"widget\" data-widget_type=\"heading.default\">\n\t\t\t\t<div class=\"elementor-widget-container\">\n\t\t\t\t\t<p class=\"elementor-heading-title elementor-size-default\">\u0130mza:<\/p>\t\t\t\t<\/div>\n\t\t\t\t<\/div>\n\t\t\t\t<div class=\"elementor-element elementor-element-cbab0cb elementor-widget__width-initial elementor-widget elementor-widget-heading\" data-id=\"cbab0cb\" data-element_type=\"widget\" data-e-type=\"widget\" data-widget_type=\"heading.default\">\n\t\t\t\t<div class=\"elementor-widget-container\">\n\t\t\t\t\t<p class=\"elementor-heading-title elementor-size-default\">Tarih:<\/p>\t\t\t\t<\/div>\n\t\t\t\t<\/div>\n\t\t\t\t\t<\/div>\n\t\t\t\t<\/div>\n\t\t\t\t<\/div>\n\t\t\t\t\t<\/div>\n\t\t\t\t<\/div>\n\t\t\t\t<\/div>\n\t\t","protected":false},"excerpt":{"rendered":"<p>INFORMATION TEXT FOR CANDIDATES WHO APPLY FOR JOB 6698 say\u0131l\u0131 Ki\u015fisel Verilerin Korunmas\u0131 Kanunu (\u201cKanun\u201d) gere\u011fince, i\u015f ba\u015fvurusunda bulunan adaylar\u0131n \u00f6zge\u00e7mi\u015fi i\u00e7erisinde yer alan aday\u0131n ad\u0131\/soyad\u0131, adresi, do\u011fum yeri ve tarihi, telefon numaras\u0131, \u00f6\u011frenim durumu, e\u011fitim bilgileri, i\u015f deneyimleri, yabanc\u0131 dil bilgisi, kat\u0131ld\u0131\u011f\u0131 seminerler, konferanslar ve sertifika programlar\u0131, referanslar\u0131 ve ilgili ki\u015fiyi tan\u0131tan t\u00fcm veriler [&hellip;]<\/p>\n","protected":false},"author":1,"featured_media":0,"parent":0,"menu_order":0,"comment_status":"closed","ping_status":"closed","template":"","meta":{"_uag_custom_page_level_css":"","site-sidebar-layout":"no-sidebar","site-content-layout":"page-builder","ast-site-content-layout":"full-width-container","site-content-style":"unboxed","site-sidebar-style":"unboxed","ast-global-header-display":"","ast-banner-title-visibility":"","ast-main-header-display":"","ast-hfb-above-header-display":"","ast-hfb-below-header-display":"","ast-hfb-mobile-header-display":"","site-post-title":"disabled","ast-breadcrumbs-content":"","ast-featured-img":"disabled","footer-sml-layout":"","ast-disable-related-posts":"","theme-transparent-header-meta":"enabled","adv-header-id-meta":"","stick-header-meta":"","header-above-stick-meta":"","header-main-stick-meta":"","header-below-stick-meta":"","astra-migrate-meta-layouts":"set","ast-page-background-enabled":"default","ast-page-background-meta":{"desktop":{"background-color":"","background-image":"","background-repeat":"repeat","background-position":"center center","background-size":"auto","background-attachment":"scroll","background-type":"","background-media":"","overlay-type":"","overlay-color":"","overlay-opacity":"","overlay-gradient":""},"tablet":{"background-color":"","background-image":"","background-repeat":"repeat","background-position":"center center","background-size":"auto","background-attachment":"scroll","background-type":"","background-media":"","overlay-type":"","overlay-color":"","overlay-opacity":"","overlay-gradient":""},"mobile":{"background-color":"","background-image":"","background-repeat":"repeat","background-position":"center center","background-size":"auto","background-attachment":"scroll","background-type":"","background-media":"","overlay-type":"","overlay-color":"","overlay-opacity":"","overlay-gradient":""}},"ast-content-background-meta":{"desktop":{"background-color":"var(--ast-global-color-5)","background-image":"","background-repeat":"repeat","background-position":"center center","background-size":"auto","background-attachment":"scroll","background-type":"","background-media":"","overlay-type":"","overlay-color":"","overlay-opacity":"","overlay-gradient":""},"tablet":{"background-color":"var(--ast-global-color-5)","background-image":"","background-repeat":"repeat","background-position":"center center","background-size":"auto","background-attachment":"scroll","background-type":"","background-media":"","overlay-type":"","overlay-color":"","overlay-opacity":"","overlay-gradient":""},"mobile":{"background-color":"var(--ast-global-color-5)","background-image":"","background-repeat":"repeat","background-position":"center center","background-size":"auto","background-attachment":"scroll","background-type":"","background-media":"","overlay-type":"","overlay-color":"","overlay-opacity":"","overlay-gradient":""}},"footnotes":""},"class_list":["post-6657","page","type-page","status-publish","hentry"],"uagb_featured_image_src":{"full":false,"thumbnail":false,"medium":false,"medium_large":false,"large":false,"1536x1536":false,"2048x2048":false},"uagb_author_info":{"display_name":"ccr-yonetici","author_link":"https:\/\/ccr.group\/en\/author\/ccr-admin\/"},"uagb_comment_info":0,"uagb_excerpt":"INFORMATION TEXT FOR CANDIDATES WHO APPLY FOR JOB 6698 say\u0131l\u0131 Ki\u015fisel Verilerin Korunmas\u0131 Kanunu (\u201cKanun\u201d) gere\u011fince, i\u015f ba\u015fvurusunda bulunan adaylar\u0131n \u00f6zge\u00e7mi\u015fi i\u00e7erisinde yer alan aday\u0131n ad\u0131\/soyad\u0131, adresi, do\u011fum yeri ve tarihi, telefon numaras\u0131, \u00f6\u011frenim durumu, e\u011fitim bilgileri, i\u015f deneyimleri, yabanc\u0131 dil bilgisi, kat\u0131ld\u0131\u011f\u0131 seminerler, konferanslar ve sertifika programlar\u0131, referanslar\u0131 ve ilgili ki\u015fiyi tan\u0131tan t\u00fcm veriler&hellip;","_links":{"self":[{"href":"https:\/\/ccr.group\/en\/wp-json\/wp\/v2\/pages\/6657","targetHints":{"allow":["GET"]}}],"collection":[{"href":"https:\/\/ccr.group\/en\/wp-json\/wp\/v2\/pages"}],"about":[{"href":"https:\/\/ccr.group\/en\/wp-json\/wp\/v2\/types\/page"}],"author":[{"embeddable":true,"href":"https:\/\/ccr.group\/en\/wp-json\/wp\/v2\/users\/1"}],"replies":[{"embeddable":true,"href":"https:\/\/ccr.group\/en\/wp-json\/wp\/v2\/comments?post=6657"}],"version-history":[{"count":3,"href":"https:\/\/ccr.group\/en\/wp-json\/wp\/v2\/pages\/6657\/revisions"}],"predecessor-version":[{"id":22063,"href":"https:\/\/ccr.group\/en\/wp-json\/wp\/v2\/pages\/6657\/revisions\/22063"}],"wp:attachment":[{"href":"https:\/\/ccr.group\/en\/wp-json\/wp\/v2\/media?parent=6657"}],"curies":[{"name":"wp","href":"https:\/\/api.w.org\/{rel}","templated":true}]}}