{"id":21178,"date":"2024-06-10T13:19:17","date_gmt":"2024-06-10T13:19:17","guid":{"rendered":"https:\/\/ccr.group\/consent-for-e-commercial-messages\/"},"modified":"2024-12-03T11:42:20","modified_gmt":"2024-12-03T11:42:20","slug":"consent-for-e-commercial-messages","status":"publish","type":"page","link":"https:\/\/ccr.group\/en\/consent-for-e-commercial-messages\/","title":{"rendered":"Consent for e-Commercial Messages"},"content":{"rendered":"\t\t<div data-elementor-type=\"wp-post\" data-elementor-id=\"21178\" class=\"elementor elementor-21178 elementor-9074\" data-elementor-post-type=\"page\">\n\t\t\t\t<div class=\"elementor-element elementor-element-7d12b548 e-flex e-con-boxed e-con e-parent\" data-id=\"7d12b548\" data-element_type=\"container\" data-e-type=\"container\" data-settings=\"{&quot;background_background&quot;:&quot;classic&quot;}\">\n\t\t\t\t\t<div class=\"e-con-inner\">\n\t\t<div class=\"elementor-element elementor-element-7d5f16b1 e-con-full e-flex e-con e-child\" data-id=\"7d5f16b1\" data-element_type=\"container\" data-e-type=\"container\">\n\t\t\t\t<div class=\"elementor-element elementor-element-c7f55c5 elementor-widget__width-inherit elementor-invisible elementor-widget elementor-widget-heading\" data-id=\"c7f55c5\" data-element_type=\"widget\" data-e-type=\"widget\" data-settings=\"{&quot;_animation&quot;:&quot;fadeInUp&quot;}\" data-widget_type=\"heading.default\">\n\t\t\t\t<div class=\"elementor-widget-container\">\n\t\t\t\t\t<h2 class=\"elementor-heading-title elementor-size-default\">Consent for e-Commercial Messages\n<\/h2>\t\t\t\t<\/div>\n\t\t\t\t<\/div>\n\t\t\t\t<\/div>\n\t\t\t\t\t<\/div>\n\t\t\t\t<\/div>\n\t\t<div class=\"elementor-element elementor-element-e51ae98 e-flex e-con-boxed e-con e-parent\" data-id=\"e51ae98\" data-element_type=\"container\" data-e-type=\"container\" data-settings=\"{&quot;background_background&quot;:&quot;classic&quot;}\">\n\t\t\t\t\t<div class=\"e-con-inner\">\n\t\t<div class=\"elementor-element elementor-element-e172f17 e-con-full e-flex e-con e-child\" data-id=\"e172f17\" data-element_type=\"container\" data-e-type=\"container\">\n\t\t\t\t<div class=\"elementor-element elementor-element-a0b5588 elementor-widget elementor-widget-text-editor\" data-id=\"a0b5588\" data-element_type=\"widget\" data-e-type=\"widget\" data-widget_type=\"text-editor.default\">\n\t\t\t\t<div class=\"elementor-widget-container\">\n\t\t\t\t\t\t\t\t\t<p>Depending on your country or region, you can receive our newsletter on a weekly or monthly basis in English, German or Turkish. Our newsletter informs you about our direct or indirect marketing activities, our promotions, advertising, sales activities, customer satisfaction surveys, research studies, greetings, wishes, celebration such as your birthday, and other similar activities.<\/p>\n<p>Furthermore, your data is stored in the information system of our company for the execution of those activities. All newsletters are sent by us, and we don&#8217;t share your contact details with our partners. We use automatic tools to analyse your personal data to understand what is relevant to you. We can also use your historical activity data, such as purchased product, or service to offer discounts\/promotions with respect to the product or service you&#8217;ve bought.<\/p>\n<p>If you want to unsubscribe from our newsletters, please use the link in the footer of our e-mail.<\/p>\n<p><strong>Call Center Resources Dan\u0131\u015fmanl\u0131k A.\u015e.<\/strong><\/p>\n\t\t\t\t\t\t\t\t<\/div>\n\t\t\t\t<\/div>\n\t\t\t\t<\/div>\n\t\t\t\t\t<\/div>\n\t\t\t\t<\/div>\n\t\t\t\t<\/div>\n\t\t","protected":false},"excerpt":{"rendered":"<p>Consent for e-Commercial Messages Depending on your country or region, you can receive our newsletter on a weekly or monthly basis in English, German or Turkish. Our newsletter informs you about our direct or indirect marketing activities, our promotions, advertising, sales activities, customer satisfaction surveys, research studies, greetings, wishes, celebration such as your birthday, and [&hellip;]<\/p>\n","protected":false},"author":1,"featured_media":0,"parent":0,"menu_order":0,"comment_status":"closed","ping_status":"closed","template":"","meta":{"_uag_custom_page_level_css":"","site-sidebar-layout":"no-sidebar","site-content-layout":"page-builder","ast-site-content-layout":"full-width-container","site-content-style":"unboxed","site-sidebar-style":"unboxed","ast-global-header-display":"","ast-banner-title-visibility":"","ast-main-header-display":"","ast-hfb-above-header-display":"","ast-hfb-below-header-display":"","ast-hfb-mobile-header-display":"","site-post-title":"disabled","ast-breadcrumbs-content":"","ast-featured-img":"disabled","footer-sml-layout":"","ast-disable-related-posts":"","theme-transparent-header-meta":"enabled","adv-header-id-meta":"","stick-header-meta":"","header-above-stick-meta":"","header-main-stick-meta":"","header-below-stick-meta":"","astra-migrate-meta-layouts":"default","ast-page-background-enabled":"default","ast-page-background-meta":{"desktop":{"background-color":"","background-image":"","background-repeat":"repeat","background-position":"center center","background-size":"auto","background-attachment":"scroll","background-type":"","background-media":"","overlay-type":"","overlay-color":"","overlay-opacity":"","overlay-gradient":""},"tablet":{"background-color":"","background-image":"","background-repeat":"repeat","background-position":"center center","background-size":"auto","background-attachment":"scroll","background-type":"","background-media":"","overlay-type":"","overlay-color":"","overlay-opacity":"","overlay-gradient":""},"mobile":{"background-color":"","background-image":"","background-repeat":"repeat","background-position":"center center","background-size":"auto","background-attachment":"scroll","background-type":"","background-media":"","overlay-type":"","overlay-color":"","overlay-opacity":"","overlay-gradient":""}},"ast-content-background-meta":{"desktop":{"background-color":"var(--ast-global-color-5)","background-image":"","background-repeat":"repeat","background-position":"center center","background-size":"auto","background-attachment":"scroll","background-type":"","background-media":"","overlay-type":"","overlay-color":"","overlay-opacity":"","overlay-gradient":""},"tablet":{"background-color":"var(--ast-global-color-5)","background-image":"","background-repeat":"repeat","background-position":"center center","background-size":"auto","background-attachment":"scroll","background-type":"","background-media":"","overlay-type":"","overlay-color":"","overlay-opacity":"","overlay-gradient":""},"mobile":{"background-color":"var(--ast-global-color-5)","background-image":"","background-repeat":"repeat","background-position":"center center","background-size":"auto","background-attachment":"scroll","background-type":"","background-media":"","overlay-type":"","overlay-color":"","overlay-opacity":"","overlay-gradient":""}},"footnotes":""},"class_list":["post-21178","page","type-page","status-publish","hentry"],"uagb_featured_image_src":{"full":false,"thumbnail":false,"medium":false,"medium_large":false,"large":false,"1536x1536":false,"2048x2048":false},"uagb_author_info":{"display_name":"ccr-yonetici","author_link":"https:\/\/ccr.group\/en\/author\/ccr-admin\/"},"uagb_comment_info":0,"uagb_excerpt":"Consent for e-Commercial Messages Depending on your country or region, you can receive our newsletter on a weekly or monthly basis in English, German or Turkish. Our newsletter informs you about our direct or indirect marketing activities, our promotions, advertising, sales activities, customer satisfaction surveys, research studies, greetings, wishes, celebration such as your birthday, and&hellip;","_links":{"self":[{"href":"https:\/\/ccr.group\/en\/wp-json\/wp\/v2\/pages\/21178","targetHints":{"allow":["GET"]}}],"collection":[{"href":"https:\/\/ccr.group\/en\/wp-json\/wp\/v2\/pages"}],"about":[{"href":"https:\/\/ccr.group\/en\/wp-json\/wp\/v2\/types\/page"}],"author":[{"embeddable":true,"href":"https:\/\/ccr.group\/en\/wp-json\/wp\/v2\/users\/1"}],"replies":[{"embeddable":true,"href":"https:\/\/ccr.group\/en\/wp-json\/wp\/v2\/comments?post=21178"}],"version-history":[{"count":1,"href":"https:\/\/ccr.group\/en\/wp-json\/wp\/v2\/pages\/21178\/revisions"}],"predecessor-version":[{"id":21179,"href":"https:\/\/ccr.group\/en\/wp-json\/wp\/v2\/pages\/21178\/revisions\/21179"}],"wp:attachment":[{"href":"https:\/\/ccr.group\/en\/wp-json\/wp\/v2\/media?parent=21178"}],"curies":[{"name":"wp","href":"https:\/\/api.w.org\/{rel}","templated":true}]}}