{"id":15467,"date":"2024-08-16T07:54:22","date_gmt":"2024-08-16T07:54:22","guid":{"rendered":"https:\/\/wordpress2.thedevelopment.in\/dd\/ccr.group?page_id=15467"},"modified":"2025-02-20T09:17:55","modified_gmt":"2025-02-20T09:17:55","slug":"terms-and-conditions","status":"publish","type":"page","link":"https:\/\/ccr.group\/en\/terms-and-conditions\/","title":{"rendered":"Terms and Conditions"},"content":{"rendered":"\t\t<div data-elementor-type=\"wp-page\" data-elementor-id=\"15467\" class=\"elementor elementor-15467\" data-elementor-post-type=\"page\">\n\t\t\t\t<div class=\"elementor-element elementor-element-d9a8a08 e-flex e-con-boxed e-con e-parent\" data-id=\"d9a8a08\" data-element_type=\"container\" data-e-type=\"container\" data-settings=\"{&quot;background_background&quot;:&quot;classic&quot;}\">\n\t\t\t\t\t<div class=\"e-con-inner\">\n\t\t<div class=\"elementor-element elementor-element-526a6ba4 e-con-full e-flex e-con e-child\" data-id=\"526a6ba4\" data-element_type=\"container\" data-e-type=\"container\">\n\t\t\t\t<\/div>\n\t\t\t\t\t<\/div>\n\t\t\t\t<\/div>\n\t\t<div class=\"elementor-element elementor-element-37748b88 e-flex e-con-boxed e-con e-parent\" data-id=\"37748b88\" data-element_type=\"container\" data-e-type=\"container\" data-settings=\"{&quot;background_background&quot;:&quot;classic&quot;}\">\n\t\t\t\t\t<div class=\"e-con-inner\">\n\t\t<div class=\"elementor-element elementor-element-2d78c458 e-con-full e-flex e-con e-child\" data-id=\"2d78c458\" data-element_type=\"container\" data-e-type=\"container\">\n\t\t\t\t<div class=\"elementor-element elementor-element-2e9b55b0 elementor-widget elementor-widget-heading\" data-id=\"2e9b55b0\" data-element_type=\"widget\" data-e-type=\"widget\" data-widget_type=\"heading.default\">\n\t\t\t\t<div class=\"elementor-widget-container\">\n\t\t\t\t\t<p class=\"elementor-heading-title elementor-size-default\">DISCLOSURE ON THE PROCESSING OF PERSONAL DATA\n<\/p>\t\t\t\t<\/div>\n\t\t\t\t<\/div>\n\t\t\t\t<div class=\"elementor-element elementor-element-7a3eccbf elementor-widget elementor-widget-text-editor\" data-id=\"7a3eccbf\" data-element_type=\"widget\" data-e-type=\"widget\" data-widget_type=\"text-editor.default\">\n\t\t\t\t<div class=\"elementor-widget-container\">\n\t\t\t\t\t\t\t\t\tAt Call Center Resources Dan\u0131\u015fmanl\u0131k A.\u015e. (CCR A.\u015e), we would like to inform you about the methods of processing, transferring, and collecting your personal data as well as the legal reasons thereof in accordance with Article 10 of the Law on the Protection of Personal Data (\u201cKVKK\u201d) numbered 6698, and also about your rights set out in Article 11 of the KVKK. We hereby declare that we pay the utmost attention to the confidentiality and security of all personal data you provide to us and that all necessary technical and administrative security measures are taken to protect such data.\t\t\t\t\t\t\t\t<\/div>\n\t\t\t\t<\/div>\n\t\t\t\t<div class=\"elementor-element elementor-element-1a74dc3d elementor-widget elementor-widget-heading\" data-id=\"1a74dc3d\" data-element_type=\"widget\" data-e-type=\"widget\" data-widget_type=\"heading.default\">\n\t\t\t\t<div class=\"elementor-widget-container\">\n\t\t\t\t\t<p class=\"elementor-heading-title elementor-size-default\">DATA CONTROLLER and DATA REPRESENTATIVE\n<\/p>\t\t\t\t<\/div>\n\t\t\t\t<\/div>\n\t\t\t\t<div class=\"elementor-element elementor-element-5b69e638 elementor-widget elementor-widget-text-editor\" data-id=\"5b69e638\" data-element_type=\"widget\" data-e-type=\"widget\" data-widget_type=\"text-editor.default\">\n\t\t\t\t<div class=\"elementor-widget-container\">\n\t\t\t\t\t\t\t\t\tAt Call Center Resources Dan\u0131\u015fmanl\u0131k A.\u015e that acts as a data controller, we may process, save, store, classify, update your personal data for the purposes described hereinbelow in accordance with the law and rules of honesty, and disclose \/ transfer such data to any third parties where permitted by legislation as restricted to the purposes for which they are processed.\t\t\t\t\t\t\t\t<\/div>\n\t\t\t\t<\/div>\n\t\t\t\t<div class=\"elementor-element elementor-element-6e801b1 elementor-widget elementor-widget-heading\" data-id=\"6e801b1\" data-element_type=\"widget\" data-e-type=\"widget\" data-widget_type=\"heading.default\">\n\t\t\t\t<div class=\"elementor-widget-container\">\n\t\t\t\t\t<p class=\"elementor-heading-title elementor-size-default\">PURPOSE OF PROCESSING PERSONAL DATA\n<\/p>\t\t\t\t<\/div>\n\t\t\t\t<\/div>\n\t\t\t\t<div class=\"elementor-element elementor-element-77b6e728 elementor-widget elementor-widget-text-editor\" data-id=\"77b6e728\" data-element_type=\"widget\" data-e-type=\"widget\" data-widget_type=\"text-editor.default\">\n\t\t\t\t<div class=\"elementor-widget-container\">\n\t\t\t\t\t\t\t\t\tYour personal data shall be processed in order for you to benefit from the services provided by Call Center Resources Dan\u0131\u015fmanl\u0131k A.\u015e in accordance with the basic principles regulated in the KVKK and the relevant legislation, based on your express consent and \/ or subject to other conditions stipulated in Article 5\/2 of the KVKK, especially including the legal legislation to which we are subject. Call Center Resources Dan\u0131\u015fmanl\u0131k A.\u015e may process your personal data for the following purposes pursuant to the requirements regarding the processing of personal data as set out in Articles 5 and 6 of Law No. 6698:\t\t\t\t\t\t\t\t<\/div>\n\t\t\t\t<\/div>\n\t\t\t\t<div class=\"elementor-element elementor-element-7046b2d elementor-widget elementor-widget-text-editor\" data-id=\"7046b2d\" data-element_type=\"widget\" data-e-type=\"widget\" data-widget_type=\"text-editor.default\">\n\t\t\t\t<div class=\"elementor-widget-container\">\n\t\t\t\t\t\t\t\t\t<ul><li>To fulfill the requirements of commercial activities carried out by our company, and to ensure that the relevant persons benefit from the products and services offered by our company through the performance of the services;<\/li><li>To ensure that the necessary activities are carried out by the relevant business units of our company and to carry out respective business processes and generate reports;<\/li><li>To determine the commercial, operational, and business strategies of our company, and to determine suitable products, projects and services;<\/li><li>To evaluate requests and complaints;<\/li><li>To conduct marketing analysis activities;<\/li><li>To maintain the processes involving the management of customer relations;<\/li><li>To maintain the legal and commercial security of the products and services offered by our company as well as of any third parties who are involved in business relations with our company, to follow up the legal processes, and to acquire, use and protect the rights arising from the legislation;<\/li><li>To ensure that our company\u2019s activities are carried out in accordance with our company\u2019s procedures or applicable legislation;<\/li><li>To involve in activities with our business partners in the sectors that differ according to the needs and to manage reference relations;<\/li><li>To fulfill the information sharing, reporting and disclosure obligations stipulated by the public bodies and authorities;<\/li><li>To fulfil our obligations regarding the retention of information and documentation arising from legal legislation;<\/li><li>To conduct our finance, communication, market research, and procurement operations;<\/li><li>To manage our legal processes and to provide you with a better and more reliable service in an uninterrupted manner.<\/li><\/ul>\t\t\t\t\t\t\t\t<\/div>\n\t\t\t\t<\/div>\n\t\t\t\t<div class=\"elementor-element elementor-element-211fa708 elementor-widget elementor-widget-heading\" data-id=\"211fa708\" data-element_type=\"widget\" data-e-type=\"widget\" data-widget_type=\"heading.default\">\n\t\t\t\t<div class=\"elementor-widget-container\">\n\t\t\t\t\t<p class=\"elementor-heading-title elementor-size-default\">METHODS OF COLLECTING PERSONAL DATA AND LEGAL REASONS OF COLLECTION\n<\/p>\t\t\t\t<\/div>\n\t\t\t\t<\/div>\n\t\t\t\t<div class=\"elementor-element elementor-element-6614dbbb elementor-widget elementor-widget-text-editor\" data-id=\"6614dbbb\" data-element_type=\"widget\" data-e-type=\"widget\" data-widget_type=\"text-editor.default\">\n\t\t\t\t<div class=\"elementor-widget-container\">\n\t\t\t\t\t\t\t\t\t<p>Your personal data may be acquired by our Company in different ways (e.g. the management center and sales offices, and other subcontractors or business partners of Call Center Resources Dan\u0131\u015fmanl\u0131k A\u015e, or any other offices and physical environments, call centers, websites and similar electronic transaction platforms, social media or other public channels that might be used for communication purposes, or via written, verbal, audio or video recordings or other physical or electronic media through other group companies or other contracted persons and organizations.)<\/p><p>We process your personal data, which we collect using the above methods, based on one or more of the following legal reasons:<\/p>\t\t\t\t\t\t\t\t<\/div>\n\t\t\t\t<\/div>\n\t\t\t\t<div class=\"elementor-element elementor-element-7f7159ff elementor-widget elementor-widget-text-editor\" data-id=\"7f7159ff\" data-element_type=\"widget\" data-e-type=\"widget\" data-widget_type=\"text-editor.default\">\n\t\t\t\t<div class=\"elementor-widget-container\">\n\t\t\t\t\t\t\t\t\t<ul><li>Your express consent is available;<\/li><li>Laws and regulations in force in the Republic of Turkey (e.g. Code of Obligations, Commercial Law, Business Law, OHS Regulations, Tax Law, Consumer Law etc.) require the processing of data;<\/li><li>It is compulsory for the protection of your personal or someone else\u2019s life or body integrity at times when you are unable to disclose your consent due to actual impossibility<\/li><li>It is necessary for the performance of the contract we have concluded with you or your company,<\/li><li>It is necessary to process your personal data in order to fulfill our legal obligations,<\/li><li>Your personal data has been made public by you,<\/li><li>It is necessary for the exercise or protection of our legal or contractual rights as a company,<\/li><li>It is necessary for our legitimate interests to process your personal data, provided that it would not harm your fundamental rights and freedoms.<\/li><\/ul><p>For detailed information, please see the \u201cPersonal Data Processing and Protection Policy\u201d.<\/p>\t\t\t\t\t\t\t\t<\/div>\n\t\t\t\t<\/div>\n\t\t\t\t<div class=\"elementor-element elementor-element-72d24998 elementor-widget elementor-widget-heading\" data-id=\"72d24998\" data-element_type=\"widget\" data-e-type=\"widget\" data-widget_type=\"heading.default\">\n\t\t\t\t<div class=\"elementor-widget-container\">\n\t\t\t\t\t<p class=\"elementor-heading-title elementor-size-default\">PARTIES TO WHICH THE PROCESSED PERSONAL DATA IS TRANSFERRED AND THE PURPOSE OF TRANSFER\n<\/p>\t\t\t\t<\/div>\n\t\t\t\t<\/div>\n\t\t\t\t<div class=\"elementor-element elementor-element-7b672ccd elementor-widget elementor-widget-text-editor\" data-id=\"7b672ccd\" data-element_type=\"widget\" data-e-type=\"widget\" data-widget_type=\"text-editor.default\">\n\t\t\t\t<div class=\"elementor-widget-container\">\n\t\t\t\t\t\t\t\t\t<p>Your personal data shall be processed by our company by duly observing the principles of retention in accordance with the law and the rules of honesty, in an accurate manner and for specific, clear and legitimate purposes when necessary, in connection with the purposes for which they are processed, in a limited and reasonable manner, and for the periods of time that are stipulated in the relevant legislation or that are required for the purposes for which they are processed.<\/p><p>In order to sustain our company\u2019s activities and business processes, your personal data may be transferred to our business partners seated in the country or at abroad; shareholders, consultants, solution partners, suppliers, or insurance companies of our company; notaries, banks and financial institutions; consultancy firms providing support in the fields of law, financial consultancy, tax, etc.; legally authorized public bodies and private persons; service providers that provide support to our company in the fields of storage, archiving, information technology support (e.g. servers, hosting, CRM software, cloud computing etc.) for the purposes specified above within the framework of the requirements of processing personal data set out in Articles 8 and 9 of the Law No.6698.<\/p>\t\t\t\t\t\t\t\t<\/div>\n\t\t\t\t<\/div>\n\t\t\t\t<div class=\"elementor-element elementor-element-58bbbe82 elementor-widget elementor-widget-heading\" data-id=\"58bbbe82\" data-element_type=\"widget\" data-e-type=\"widget\" data-widget_type=\"heading.default\">\n\t\t\t\t<div class=\"elementor-widget-container\">\n\t\t\t\t\t<p class=\"elementor-heading-title elementor-size-default\">RIGHTS OF THE PERSON WHOSE PERSONAL DATA IS PROCESSED\n<\/p>\t\t\t\t<\/div>\n\t\t\t\t<\/div>\n\t\t\t\t<div class=\"elementor-element elementor-element-748a7930 elementor-widget elementor-widget-text-editor\" data-id=\"748a7930\" data-element_type=\"widget\" data-e-type=\"widget\" data-widget_type=\"text-editor.default\">\n\t\t\t\t<div class=\"elementor-widget-container\">\n\t\t\t\t\t\t\t\t\t<p>As a data subject, please note that you have the following rights in accordance with Article 11 of the Law:<\/p><ul><li>To know whether your personal data is processed;<\/li><li>To request information if your personal data has been processed;<\/li><li>To know the purpose of processing your personal data and whether such data has been used appropriately for their purpose,<\/li><li>to know the third parties to whom your personal data have been transferred domestically or abroad,<\/li><li>to request rectification in case your personal data have been processed incompletely or inaccurately<\/li><li>to request deletion or destruction of personal data<\/li><li>In the event of deletion or destruction of your personal data, to request that such activities be notified to the third parties to whom your personal data have been transferred;<\/li><li>to object to the occurrence of any results against yourself through analysis of the processed data exclusively through automated systems; and<\/li><li>to demand the compensation of your damages and losses suffered due to the unlawful processing of your personal data.<\/li><\/ul><p>Your personal data that we collect and process must be accurate and, when necessary, up-to-date, in accordance with Article 4 of the Personal Data Processing Law No. 6698. Therefore, in the event of any change in your personal data, you may report your current and accurate personal data using the following methods.<\/p>\t\t\t\t\t\t\t\t<\/div>\n\t\t\t\t<\/div>\n\t\t\t\t<div class=\"elementor-element elementor-element-1d67c78b elementor-widget elementor-widget-heading\" data-id=\"1d67c78b\" data-element_type=\"widget\" data-e-type=\"widget\" data-widget_type=\"heading.default\">\n\t\t\t\t<div class=\"elementor-widget-container\">\n\t\t\t\t\t<p class=\"elementor-heading-title elementor-size-default\">IF YOU WISH TO CONTACT US FOR YOUR REQUESTS\n<\/p>\t\t\t\t<\/div>\n\t\t\t\t<\/div>\n\t\t\t\t<div class=\"elementor-element elementor-element-5c4952e elementor-widget elementor-widget-heading\" data-id=\"5c4952e\" data-element_type=\"widget\" data-e-type=\"widget\" data-widget_type=\"heading.default\">\n\t\t\t\t<div class=\"elementor-widget-container\">\n\t\t\t\t\t<p class=\"elementor-heading-title elementor-size-default\">In case of written requests:\n<\/p>\t\t\t\t<\/div>\n\t\t\t\t<\/div>\n\t\t\t\t<div class=\"elementor-element elementor-element-799138a7 elementor-widget elementor-widget-text-editor\" data-id=\"799138a7\" data-element_type=\"widget\" data-e-type=\"widget\" data-widget_type=\"text-editor.default\">\n\t\t\t\t<div class=\"elementor-widget-container\">\n\t\t\t\t\t\t\t\t\t<p>You may personally deliver a wet signed copy of the \u201cKVKK Application Form\u201d available on our website (<a href=\"https:\/\/ccr.group\">https:\/\/ccr.group<\/a>) together with a document identifying your identity, or as a proxy by issuing a notarized power of attorney showing that you are authorized to apply for the rights listed under Article 11, or send the same to the following address via a notary public: \u201c<strong>CCR \u2013 CALL CENTER RESOURCES DANI\u015eMANLIK A.\u015e- Nanda Plaza, Kozyata\u011f\u0131 Mahallesi Kaya Sultan Sk. No:83\/1 A Kat:8 34742 Kad\u0131k\u00f6y Istanbul T\u00fcrkiye<\/strong>\u201d\u00a0.<\/p>\t\t\t\t\t\t\t\t<\/div>\n\t\t\t\t<\/div>\n\t\t\t\t<div class=\"elementor-element elementor-element-4183ad93 elementor-widget elementor-widget-heading\" data-id=\"4183ad93\" data-element_type=\"widget\" data-e-type=\"widget\" data-widget_type=\"heading.default\">\n\t\t\t\t<div class=\"elementor-widget-container\">\n\t\t\t\t\t<p class=\"elementor-heading-title elementor-size-default\">In case of electronic requests;\n<\/p>\t\t\t\t<\/div>\n\t\t\t\t<\/div>\n\t\t\t\t<div class=\"elementor-element elementor-element-2c89fe4e elementor-widget elementor-widget-text-editor\" data-id=\"2c89fe4e\" data-element_type=\"widget\" data-e-type=\"widget\" data-widget_type=\"text-editor.default\">\n\t\t\t\t<div class=\"elementor-widget-container\">\n\t\t\t\t\t\t\t\t\t<p>You may sign the KVKK Application Form using an electronic or mobile signature bearing a certificate of \u201csecure electronic signature\u201d as defined in the Electronic Signature Law No.5070, and email it to our Company\u2019s Registered Electronic Mail (REM) address (<a href=\"mailto:callcenterresources@hs02.kep.tr\">callcenterresources@hs02.kep.tr<\/a>), or to the email address \u201c<a href=\"mailto:kvkk@ccr.group\">kvkk@ccr.group<\/a>\u201d from the e-mail address that you have previously notified to our company and that is registered in our systems.<\/p><p>Additional verifications (such as sending a message to your registered e-mail address, calling you, and etc.) may be requested by us to determine whether the application belongs to you or not and to protect your rights. If the application is filed by a third party on behalf of a personal data subject, the person who will file the application must have a notarized special power of attorney issued by the data subject.)<\/p><p>Your requests submitted to our company will be answered in writing or electronically, as soon as possible and within thirty days at the latest, depending on the nature of your request.<\/p>\t\t\t\t\t\t\t\t<\/div>\n\t\t\t\t<\/div>\n\t\t\t\t<div class=\"elementor-element elementor-element-7762d475 elementor-widget elementor-widget-heading\" data-id=\"7762d475\" data-element_type=\"widget\" data-e-type=\"widget\" data-widget_type=\"heading.default\">\n\t\t\t\t<div class=\"elementor-widget-container\">\n\t\t\t\t\t<p class=\"elementor-heading-title elementor-size-default\">CALL CENTER RESOURCES DANI\u015eMANLIK A.\u015e.\n\n<\/p>\t\t\t\t<\/div>\n\t\t\t\t<\/div>\n\t\t\t\t<div class=\"elementor-element elementor-element-4078950a elementor-widget elementor-widget-text-editor\" data-id=\"4078950a\" data-element_type=\"widget\" data-e-type=\"widget\" data-widget_type=\"text-editor.default\">\n\t\t\t\t<div class=\"elementor-widget-container\">\n\t\t\t\t\t\t\t\t\t<p>Our Contact Details<\/p><p>Address<strong>:<\/strong>\u00a0Nanda Plaza, Kozyata\u011f\u0131 Mahallesi Kaya Sultan Sk. No:83\/1 A Kat:8 34742 Kad\u0131k\u00f6y Istanbul T\u00fcrkiye<\/p><p><strong>Tel :<\/strong>\u00a0+90 216 504 37 54<\/p><p><strong>Email :<\/strong>\u00a0<a href=\"mailto:kvkk@ccr.group\">kvkk@ccr.group<\/a><\/p><p><strong>REM :<\/strong>\u00a0<a href=\"mailto:callcenterresources@hs02.kep.tr\">callcenterresources@hs02.kep.tr<\/a><\/p><p><a href=\"https:\/\/ccr.group\/en\/contact\/\"><strong><u>Annex: Application Form<\/u><\/strong><\/a><\/p>\t\t\t\t\t\t\t\t<\/div>\n\t\t\t\t<\/div>\n\t\t\t\t<\/div>\n\t\t\t\t\t<\/div>\n\t\t\t\t<\/div>\n\t\t\t\t<\/div>\n\t\t","protected":false},"excerpt":{"rendered":"<p>DISCLOSURE ON THE PROCESSING OF PERSONAL DATA At Call Center Resources Dan\u0131\u015fmanl\u0131k A.\u015e. (CCR A.\u015e), we would like to inform you about the methods of processing, transferring, and collecting your personal data as well as the legal reasons thereof in accordance with Article 10 of the Law on the Protection of Personal Data (\u201cKVKK\u201d) numbered [&hellip;]<\/p>\n","protected":false},"author":1,"featured_media":0,"parent":0,"menu_order":0,"comment_status":"closed","ping_status":"closed","template":"","meta":{"_uag_custom_page_level_css":"","site-sidebar-layout":"no-sidebar","site-content-layout":"page-builder","ast-site-content-layout":"full-width-container","site-content-style":"default","site-sidebar-style":"default","ast-global-header-display":"","ast-banner-title-visibility":"","ast-main-header-display":"","ast-hfb-above-header-display":"","ast-hfb-below-header-display":"","ast-hfb-mobile-header-display":"","site-post-title":"disabled","ast-breadcrumbs-content":"","ast-featured-img":"disabled","footer-sml-layout":"","ast-disable-related-posts":"","theme-transparent-header-meta":"default","adv-header-id-meta":"","stick-header-meta":"","header-above-stick-meta":"","header-main-stick-meta":"","header-below-stick-meta":"","astra-migrate-meta-layouts":"set","ast-page-background-enabled":"default","ast-page-background-meta":{"desktop":{"background-color":"","background-image":"","background-repeat":"repeat","background-position":"center center","background-size":"auto","background-attachment":"scroll","background-type":"","background-media":"","overlay-type":"","overlay-color":"","overlay-opacity":"","overlay-gradient":""},"tablet":{"background-color":"","background-image":"","background-repeat":"repeat","background-position":"center center","background-size":"auto","background-attachment":"scroll","background-type":"","background-media":"","overlay-type":"","overlay-color":"","overlay-opacity":"","overlay-gradient":""},"mobile":{"background-color":"","background-image":"","background-repeat":"repeat","background-position":"center center","background-size":"auto","background-attachment":"scroll","background-type":"","background-media":"","overlay-type":"","overlay-color":"","overlay-opacity":"","overlay-gradient":""}},"ast-content-background-meta":{"desktop":{"background-color":"var(--ast-global-color-5)","background-image":"","background-repeat":"repeat","background-position":"center center","background-size":"auto","background-attachment":"scroll","background-type":"","background-media":"","overlay-type":"","overlay-color":"","overlay-opacity":"","overlay-gradient":""},"tablet":{"background-color":"var(--ast-global-color-5)","background-image":"","background-repeat":"repeat","background-position":"center center","background-size":"auto","background-attachment":"scroll","background-type":"","background-media":"","overlay-type":"","overlay-color":"","overlay-opacity":"","overlay-gradient":""},"mobile":{"background-color":"var(--ast-global-color-5)","background-image":"","background-repeat":"repeat","background-position":"center center","background-size":"auto","background-attachment":"scroll","background-type":"","background-media":"","overlay-type":"","overlay-color":"","overlay-opacity":"","overlay-gradient":""}},"footnotes":""},"class_list":["post-15467","page","type-page","status-publish","hentry"],"uagb_featured_image_src":{"full":false,"thumbnail":false,"medium":false,"medium_large":false,"large":false,"1536x1536":false,"2048x2048":false},"uagb_author_info":{"display_name":"ccr-yonetici","author_link":"https:\/\/ccr.group\/en\/author\/ccr-admin\/"},"uagb_comment_info":0,"uagb_excerpt":"DISCLOSURE ON THE PROCESSING OF PERSONAL DATA At Call Center Resources Dan\u0131\u015fmanl\u0131k A.\u015e. (CCR A.\u015e), we would like to inform you about the methods of processing, transferring, and collecting your personal data as well as the legal reasons thereof in accordance with Article 10 of the Law on the Protection of Personal Data (\u201cKVKK\u201d) numbered&hellip;","_links":{"self":[{"href":"https:\/\/ccr.group\/en\/wp-json\/wp\/v2\/pages\/15467","targetHints":{"allow":["GET"]}}],"collection":[{"href":"https:\/\/ccr.group\/en\/wp-json\/wp\/v2\/pages"}],"about":[{"href":"https:\/\/ccr.group\/en\/wp-json\/wp\/v2\/types\/page"}],"author":[{"embeddable":true,"href":"https:\/\/ccr.group\/en\/wp-json\/wp\/v2\/users\/1"}],"replies":[{"embeddable":true,"href":"https:\/\/ccr.group\/en\/wp-json\/wp\/v2\/comments?post=15467"}],"version-history":[{"count":3,"href":"https:\/\/ccr.group\/en\/wp-json\/wp\/v2\/pages\/15467\/revisions"}],"predecessor-version":[{"id":22010,"href":"https:\/\/ccr.group\/en\/wp-json\/wp\/v2\/pages\/15467\/revisions\/22010"}],"wp:attachment":[{"href":"https:\/\/ccr.group\/en\/wp-json\/wp\/v2\/media?parent=15467"}],"curies":[{"name":"wp","href":"https:\/\/api.w.org\/{rel}","templated":true}]}}