{"id":15390,"date":"2024-08-16T06:39:01","date_gmt":"2024-08-16T03:39:01","guid":{"rendered":"https:\/\/wordpress2.thedevelopment.in\/dd\/ccr.group\/cloud-consulting-migration-2\/"},"modified":"2025-05-20T17:17:54","modified_gmt":"2025-05-20T14:17:54","slug":"cloud-consulting-migration","status":"publish","type":"page","link":"https:\/\/ccr.group\/en\/cloud-consulting-migration\/","title":{"rendered":"Cloud Migration Consultancy"},"content":{"rendered":"\t\t<div data-elementor-type=\"wp-page\" data-elementor-id=\"15390\" class=\"elementor elementor-15390 elementor-15356\" data-elementor-post-type=\"page\">\n\t\t\t\t<div class=\"elementor-element elementor-element-7564bcd1 e-flex e-con-boxed e-con e-parent\" data-id=\"7564bcd1\" data-element_type=\"container\" data-e-type=\"container\" data-settings=\"{&quot;background_background&quot;:&quot;classic&quot;}\">\n\t\t\t\t\t<div class=\"e-con-inner\">\n\t\t<div class=\"elementor-element elementor-element-1a1cf35b e-con-full e-flex e-con e-child\" data-id=\"1a1cf35b\" data-element_type=\"container\" data-e-type=\"container\">\n\t\t\t\t<div class=\"elementor-element elementor-element-7b7d7450 elementor-widget elementor-widget-heading\" data-id=\"7b7d7450\" data-element_type=\"widget\" data-e-type=\"widget\" data-widget_type=\"heading.default\">\n\t\t\t\t<div class=\"elementor-widget-container\">\n\t\t\t\t\t<h1 class=\"elementor-heading-title elementor-size-default\">Cloud Migration Consultancy<\/h1>\t\t\t\t<\/div>\n\t\t\t\t<\/div>\n\t\t\t\t<\/div>\n\t\t<div class=\"elementor-element elementor-element-66786ff3 e-con-full e-flex e-con e-child\" data-id=\"66786ff3\" data-element_type=\"container\" data-e-type=\"container\">\n\t\t\t\t<div class=\"elementor-element elementor-element-6a55cd05 banner-image elementor-widget elementor-widget-image\" data-id=\"6a55cd05\" data-element_type=\"widget\" data-e-type=\"widget\" data-widget_type=\"image.default\">\n\t\t\t\t<div class=\"elementor-widget-container\">\n\t\t\t\t\t\t\t\t\t\t\t\t\t\t\t<img fetchpriority=\"high\" decoding=\"async\" width=\"500\" height=\"500\" src=\"https:\/\/ccr.group\/wp-content\/uploads\/2024\/09\/buluta-gecis-danismanligi.webp\" class=\"attachment-full size-full wp-image-16836\" alt=\"cloud migration\" srcset=\"https:\/\/ccr.group\/wp-content\/uploads\/2024\/09\/buluta-gecis-danismanligi.webp 500w, https:\/\/ccr.group\/wp-content\/uploads\/2024\/09\/buluta-gecis-danismanligi-300x300.webp 300w, https:\/\/ccr.group\/wp-content\/uploads\/2024\/09\/buluta-gecis-danismanligi-150x150.webp 150w\" sizes=\"(max-width: 500px) 100vw, 500px\" \/>\t\t\t\t\t\t\t\t\t\t\t\t\t\t\t<\/div>\n\t\t\t\t<\/div>\n\t\t\t\t<\/div>\n\t\t\t\t\t<\/div>\n\t\t\t\t<\/div>\n\t\t\t\t<section class=\"elementor-section elementor-top-section elementor-element elementor-element-5e092e40 elementor-section-content-middle elementor-section-boxed elementor-section-height-default elementor-section-height-default\" data-id=\"5e092e40\" data-element_type=\"section\" data-e-type=\"section\" id=\"testimonial_section\" data-settings=\"{&quot;background_background&quot;:&quot;classic&quot;}\">\n\t\t\t\t\t\t<div class=\"elementor-container elementor-column-gap-no\">\n\t\t\t\t\t<div class=\"elementor-column elementor-col-100 elementor-top-column elementor-element elementor-element-383a3e6f\" data-id=\"383a3e6f\" data-element_type=\"column\" data-e-type=\"column\">\n\t\t\t<div class=\"elementor-widget-wrap elementor-element-populated\">\n\t\t\t\t\t\t<section class=\"elementor-section elementor-inner-section elementor-element elementor-element-593284ac elementor-section-content-middle elementor-section-boxed elementor-section-height-default elementor-section-height-default\" data-id=\"593284ac\" data-element_type=\"section\" data-e-type=\"section\">\n\t\t\t\t\t\t<div class=\"elementor-container elementor-column-gap-no\">\n\t\t\t\t\t<div class=\"elementor-column elementor-col-100 elementor-inner-column elementor-element elementor-element-5b5cb301\" data-id=\"5b5cb301\" data-element_type=\"column\" data-e-type=\"column\">\n\t\t\t<div class=\"elementor-widget-wrap elementor-element-populated\">\n\t\t\t\t\t\t<div class=\"elementor-element elementor-element-722732d3 elementor-widget elementor-widget-heading\" data-id=\"722732d3\" data-element_type=\"widget\" data-e-type=\"widget\" data-widget_type=\"heading.default\">\n\t\t\t\t<div class=\"elementor-widget-container\">\n\t\t\t\t\t<h3 class=\"elementor-heading-title elementor-size-default\">Consulting Packages for on-premises to Cloud Migration <\/h3>\t\t\t\t<\/div>\n\t\t\t\t<\/div>\n\t\t\t\t\t<\/div>\n\t\t<\/div>\n\t\t\t\t\t<\/div>\n\t\t<\/section>\n\t\t\t\t\t<\/div>\n\t\t<\/div>\n\t\t\t\t\t<\/div>\n\t\t<\/section>\n\t\t<div class=\"elementor-element elementor-element-b6c8035 e-con-full e-flex e-con e-parent\" data-id=\"b6c8035\" data-element_type=\"container\" data-e-type=\"container\" data-settings=\"{&quot;background_background&quot;:&quot;classic&quot;}\">\n\t\t<div class=\"elementor-element elementor-element-41b8b65e e-con-full e-flex e-con e-child\" data-id=\"41b8b65e\" data-element_type=\"container\" data-e-type=\"container\">\n\t\t<div class=\"elementor-element elementor-element-1b3689a4 e-flex e-con-boxed e-con e-child\" data-id=\"1b3689a4\" data-element_type=\"container\" data-e-type=\"container\" data-settings=\"{&quot;background_background&quot;:&quot;classic&quot;}\">\n\t\t\t\t\t<div class=\"e-con-inner\">\n\t\t<div class=\"elementor-element elementor-element-3962f5f8 e-con-full e-flex e-con e-child\" data-id=\"3962f5f8\" data-element_type=\"container\" data-e-type=\"container\">\n\t\t\t\t<div class=\"elementor-element elementor-element-71812bdb elementor-widget elementor-widget-heading\" data-id=\"71812bdb\" data-element_type=\"widget\" data-e-type=\"widget\" data-widget_type=\"heading.default\">\n\t\t\t\t<div class=\"elementor-widget-container\">\n\t\t\t\t\t<h3 class=\"elementor-heading-title elementor-size-default\">Basic Assessment Package <\/h3>\t\t\t\t<\/div>\n\t\t\t\t<\/div>\n\t\t\t\t<div class=\"elementor-element elementor-element-63bdc52e elementor-widget elementor-widget-heading\" data-id=\"63bdc52e\" data-element_type=\"widget\" data-e-type=\"widget\" data-widget_type=\"heading.default\">\n\t\t\t\t<div class=\"elementor-widget-container\">\n\t\t\t\t\t<h6 class=\"elementor-heading-title elementor-size-default\">Current State Analysis:<\/h6>\t\t\t\t<\/div>\n\t\t\t\t<\/div>\n\t\t\t\t<div class=\"elementor-element elementor-element-3fc530e elementor-widget elementor-widget-text-editor\" data-id=\"3fc530e\" data-element_type=\"widget\" data-e-type=\"widget\" data-widget_type=\"text-editor.default\">\n\t\t\t\t<div class=\"elementor-widget-container\">\n\t\t\t\t\t\t\t\t\tWe assess your existing on-premises contact center infrastructure, including hardware, software, processes and data. We inventory existing on-premises hardware, software and data assets. Evaluate their usage, dependencies, performance and compatibility with cloud environments. Identify pain points in the current on-premises system. Based on the results, we recommend the best cloud option for your organization to maximize its potential and optimize business processes.     \t\t\t\t\t\t\t\t<\/div>\n\t\t\t\t<\/div>\n\t\t\t\t<\/div>\n\t\t<div class=\"elementor-element elementor-element-4014bb4c e-con-full e-flex e-con e-child\" data-id=\"4014bb4c\" data-element_type=\"container\" data-e-type=\"container\" data-settings=\"{&quot;background_background&quot;:&quot;classic&quot;}\">\n\t\t\t\t<div class=\"elementor-element elementor-element-58b28336 elementor-widget elementor-widget-image\" data-id=\"58b28336\" data-element_type=\"widget\" data-e-type=\"widget\" data-widget_type=\"image.default\">\n\t\t\t\t<div class=\"elementor-widget-container\">\n\t\t\t\t\t\t\t\t\t\t\t\t\t\t\t<img decoding=\"async\" width=\"500\" height=\"500\" src=\"https:\/\/ccr.group\/wp-content\/uploads\/2024\/09\/Temel-Degerlendirme.png\" class=\"attachment-full size-full wp-image-16692\" alt=\"Basic Assesment\" srcset=\"https:\/\/ccr.group\/wp-content\/uploads\/2024\/09\/Temel-Degerlendirme.png 500w, https:\/\/ccr.group\/wp-content\/uploads\/2024\/09\/Temel-Degerlendirme-300x300.png 300w, https:\/\/ccr.group\/wp-content\/uploads\/2024\/09\/Temel-Degerlendirme-150x150.png 150w\" sizes=\"(max-width: 500px) 100vw, 500px\" \/>\t\t\t\t\t\t\t\t\t\t\t\t\t\t\t<\/div>\n\t\t\t\t<\/div>\n\t\t\t\t<\/div>\n\t\t\t\t\t<\/div>\n\t\t\t\t<\/div>\n\t\t<div class=\"elementor-element elementor-element-cb586e2 e-flex e-con-boxed e-con e-child\" data-id=\"cb586e2\" data-element_type=\"container\" data-e-type=\"container\" data-settings=\"{&quot;background_background&quot;:&quot;classic&quot;}\">\n\t\t\t\t\t<div class=\"e-con-inner\">\n\t\t<div class=\"elementor-element elementor-element-2b8844a1 e-con-full e-flex e-con e-child\" data-id=\"2b8844a1\" data-element_type=\"container\" data-e-type=\"container\" data-settings=\"{&quot;background_background&quot;:&quot;classic&quot;}\">\n\t\t\t\t<div class=\"elementor-element elementor-element-b6af050 elementor-widget elementor-widget-image\" data-id=\"b6af050\" data-element_type=\"widget\" data-e-type=\"widget\" data-widget_type=\"image.default\">\n\t\t\t\t<div class=\"elementor-widget-container\">\n\t\t\t\t\t\t\t\t\t\t\t\t\t\t\t<img decoding=\"async\" width=\"500\" height=\"500\" src=\"https:\/\/ccr.group\/wp-content\/uploads\/2024\/09\/Cloud-Migratration-Consultancy-1.webp\" class=\"attachment-full size-full wp-image-16678\" alt=\"Buluta Ge\u00e7i\u015f Dan\u0131\u015fmanl\u0131\u011f\u0131\" srcset=\"https:\/\/ccr.group\/wp-content\/uploads\/2024\/09\/Cloud-Migratration-Consultancy-1.webp 500w, https:\/\/ccr.group\/wp-content\/uploads\/2024\/09\/Cloud-Migratration-Consultancy-1-300x300.webp 300w, https:\/\/ccr.group\/wp-content\/uploads\/2024\/09\/Cloud-Migratration-Consultancy-1-150x150.webp 150w\" sizes=\"(max-width: 500px) 100vw, 500px\" \/>\t\t\t\t\t\t\t\t\t\t\t\t\t\t\t<\/div>\n\t\t\t\t<\/div>\n\t\t\t\t<\/div>\n\t\t<div class=\"elementor-element elementor-element-3e14646e e-con-full e-flex e-con e-child\" data-id=\"3e14646e\" data-element_type=\"container\" data-e-type=\"container\">\n\t\t\t\t<div class=\"elementor-element elementor-element-2cfc813 elementor-widget elementor-widget-heading\" data-id=\"2cfc813\" data-element_type=\"widget\" data-e-type=\"widget\" data-widget_type=\"heading.default\">\n\t\t\t\t<div class=\"elementor-widget-container\">\n\t\t\t\t\t<h2 class=\"elementor-heading-title elementor-size-default\">Advanced Assessment with Cloud Readiness<\/h2>\t\t\t\t<\/div>\n\t\t\t\t<\/div>\n\t\t\t\t<div class=\"elementor-element elementor-element-490acce1 elementor-widget elementor-widget-text-editor\" data-id=\"490acce1\" data-element_type=\"widget\" data-e-type=\"widget\" data-widget_type=\"text-editor.default\">\n\t\t\t\t<div class=\"elementor-widget-container\">\n\t\t\t\t\t\t\t\t\t<p>Includes the Basic Assessment and adds the following elements:<\/p>\n<p><b><u>Cloud Readiness Assessment:<\/u><\/b> Our consultants assess your organization\u2019s readiness to migrate to the cloud, including network infrastructure, security considerations, compliance requirements and scalability needs.<\/p>\n<p><b><u>a) Business Requirements Analysis: <\/u><\/b>In this phase, our knowledgeable and experienced consultants work with your team to fully understand and capture your organization\u2019s unique business drivers and cloud migration goals. We start by reviewing your existing infrastructure, identifying scalability requirements and assessing cost reduction objectives. <\/p>\n<p>We review the marketing tools and processes currently used by your business units, evaluate their effectiveness, and suggest areas for improvement. By understanding your specific needs and challenges, we can personalize possible solutions to improve your business processes, reduce costs and ultimately drive growth. Our in-depth research provides a clear path to deploying cloud and AI-based solutions that give your business a competitive edge in today&#8217;s digital marketplace.  <\/p>\n<p><b><u>b) IT Capabilities Assessment:<\/u><\/b> The IT Capabilities Assessment (ITA) helps to identify potential challenges, risks and gaps that need to be addressed before or during the migration process and provides valuable insight into areas that may require additional investment, resource allocation or skills development to ensure a smooth and successful migration.<\/p>\t\t\t\t\t\t\t\t<\/div>\n\t\t\t\t<\/div>\n\t\t\t\t<\/div>\n\t\t\t\t\t<\/div>\n\t\t\t\t<\/div>\n\t\t\t\t<\/div>\n\t\t\t\t<\/div>\n\t\t<div class=\"elementor-element elementor-element-6705132 e-flex e-con-boxed e-con e-parent\" data-id=\"6705132\" data-element_type=\"container\" data-e-type=\"container\" data-settings=\"{&quot;background_background&quot;:&quot;classic&quot;}\">\n\t\t\t\t\t<div class=\"e-con-inner\">\n\t\t\t\t<div class=\"elementor-element elementor-element-af9747d elementor-widget elementor-widget-heading\" data-id=\"af9747d\" data-element_type=\"widget\" data-e-type=\"widget\" data-widget_type=\"heading.default\">\n\t\t\t\t<div class=\"elementor-widget-container\">\n\t\t\t\t\t<h2 class=\"elementor-heading-title elementor-size-default\">For more information, please reach us<br><br><\/h2>\t\t\t\t<\/div>\n\t\t\t\t<\/div>\n\t\t\t\t<div class=\"elementor-element elementor-element-ffdf982 elementor-widget elementor-widget-shortcode\" data-id=\"ffdf982\" data-element_type=\"widget\" data-e-type=\"widget\" data-widget_type=\"shortcode.default\">\n\t\t\t\t<div class=\"elementor-widget-container\">\n\t\t\t\t\t\t\t<div class=\"elementor-shortcode\"><div class=\"forminator-ui forminator-custom-form forminator-custom-form-9039 forminator-design--basic  forminator_ajax\" data-forminator-render=\"0\" data-form=\"forminator-module-9039\" data-uid=\"69db8a8f24418\"><br\/><\/div><form\n\t\t\t\tid=\"forminator-module-9039\"\n\t\t\t\tclass=\"forminator-ui forminator-custom-form forminator-custom-form-9039 forminator-design--basic  forminator_ajax\"\n\t\t\t\tmethod=\"post\"\n\t\t\t\tdata-forminator-render=\"0\"\n\t\t\t\tdata-form-id=\"9039\"\n\t\t\t\t data-color-option=\"default\" data-design=\"basic\" data-grid=\"open\" style=\"display: none;\"\n\t\t\t\tdata-uid=\"69db8a8f24418\"\n\t\t\t><div role=\"alert\" aria-live=\"polite\" class=\"forminator-response-message forminator-error\" aria-hidden=\"true\"><\/div><div class=\"forminator-row\"><div id=\"name-1\" class=\"forminator-field-name forminator-col forminator-col-6 \"><div class=\"forminator-row forminator-no-margin\" data-multiple=\"true\"><div class=\"forminator-col forminator-col-md-6\"><div class=\"forminator-field\"><label for=\"forminator-field-first-name-1_69db8a8f24418\" id=\"forminator-field-first-name-1_69db8a8f24418-label\" class=\"forminator-label\">First Name <span class=\"forminator-required\">*<\/span><\/label><input type=\"text\" name=\"name-1-first-name\" placeholder=\"First Name\" id=\"forminator-field-first-name-1_69db8a8f24418\" class=\"forminator-input\" aria-required=\"true\" data-multi=\"1\" autocomplete=\"given-name\" value=\"\" \/><\/div><\/div><div class=\"forminator-col forminator-col-md-6\"><div class=\"forminator-field\"><label for=\"forminator-field-last-name-1_69db8a8f24418\" id=\"forminator-field-last-name-1_69db8a8f24418-label\" class=\"forminator-label\">Last Name<\/label><input type=\"text\" name=\"name-1-last-name\" placeholder=\"Last Name\" id=\"forminator-field-last-name-1_69db8a8f24418\" class=\"forminator-input\" aria-required=\"false\" data-multi=\"1\" autocomplete=\"family-name\" value=\"\" \/><\/div><\/div><\/div><\/div><div id=\"text-2\" class=\"forminator-field-text forminator-col forminator-col-6 \"><div class=\"forminator-field\"><label for=\"forminator-field-text-2_69db8a8f24418\" id=\"forminator-field-text-2_69db8a8f24418-label\" class=\"forminator-label\">Company Name <span class=\"forminator-required\">*<\/span><\/label><input type=\"text\" name=\"text-2\" value=\"\" placeholder=\"Company Name\" id=\"forminator-field-text-2_69db8a8f24418\" class=\"forminator-input forminator-name--field\" data-required=\"1\" \/><\/div><\/div><\/div><div class=\"forminator-row\"><div id=\"email-1\" class=\"forminator-field-email forminator-col forminator-col-4 \"><div class=\"forminator-field\"><label for=\"forminator-field-email-1_69db8a8f24418\" id=\"forminator-field-email-1_69db8a8f24418-label\" class=\"forminator-label\">Email Address <span class=\"forminator-required\">*<\/span><\/label><input type=\"email\" name=\"email-1\" value=\"\" placeholder=\"Email Address\" id=\"forminator-field-email-1_69db8a8f24418\" class=\"forminator-input forminator-email--field\" data-required=\"true\" aria-required=\"true\" autocomplete=\"email\" \/><\/div><\/div><div id=\"text-1\" class=\"forminator-field-text forminator-col forminator-col-4 \"><div class=\"forminator-field\"><label for=\"forminator-field-text-1_69db8a8f24418\" id=\"forminator-field-text-1_69db8a8f24418-label\" class=\"forminator-label\">Subject <span class=\"forminator-required\">*<\/span><\/label><input type=\"text\" name=\"text-1\" value=\"\" placeholder=\"Subject\" id=\"forminator-field-text-1_69db8a8f24418\" class=\"forminator-input forminator-name--field\" data-required=\"1\" \/><\/div><\/div><div id=\"phone-1\" class=\"forminator-field-phone forminator-col forminator-col-4 \"><div class=\"forminator-field\"><label for=\"forminator-field-phone-1_69db8a8f24418\" id=\"forminator-field-phone-1_69db8a8f24418-label\" class=\"forminator-label\">Phone Number <span class=\"forminator-required\">*<\/span><\/label><input type=\"text\" name=\"phone-1\" value=\"\" placeholder=\"Mobile Phone\" id=\"forminator-field-phone-1_69db8a8f24418\" class=\"forminator-input forminator-field--phone\" data-required=\"1\" aria-required=\"true\" autocomplete=\"off\" \/><\/div><\/div><\/div><div class=\"forminator-row\"><div id=\"textarea-1\" class=\"forminator-field-textarea forminator-col forminator-col-12 \"><div class=\"forminator-field\"><label for=\"forminator-field-textarea-1_69db8a8f24418\" id=\"forminator-field-textarea-1_69db8a8f24418-label\" class=\"forminator-label\">Message<\/label><textarea name=\"textarea-1\" placeholder=\"Message\" id=\"forminator-field-textarea-1_69db8a8f24418\" class=\"forminator-textarea\" rows=\"6\" style=\"min-height:140px;\" maxlength=\"180\" ><\/textarea><span id=\"forminator-field-textarea-1_69db8a8f24418-description\" class=\"forminator-description\"><span data-limit=\"180\" data-type=\"characters\" data-editor=\"\">0 \/ 180<\/span><\/span><\/div><\/div><\/div><div class=\"forminator-row\"><div id=\"consent-1\" class=\"forminator-field-consent forminator-col forminator-col-12  consent1\"><div class=\"forminator-field\"><div class=\"forminator-checkbox__wrapper\"><label id=\"forminator-field-consent-1_69db8a8f24418__label\" class=\"forminator-checkbox forminator-consent\"><input type=\"checkbox\" name=\"consent-1\" id=\"forminator-field-consent-1_69db8a8f24418\" value=\"checked\" aria-labelledby=\"forminator-field-consent-1_69db8a8f24418-label\" aria-describedby=\"forminator-field-consent-1_69db8a8f24418__description\" data-required=\"true\" aria-required=\"true\" \/><span class=\"forminator-checkbox-box\" aria-hidden=\"true\"><\/span><\/label><div id=\"forminator-field-consent-1_69db8a8f24418__description\" class=\"forminator-checkbox__label forminator-consent__label\"><p><a href=\"https:\/\/ccr.group\/en\/personal-data-processing-and-protection-policy\/\">I have read the Information Text <\/a>on the Processing of Personal Data.<\/p><\/div><\/div><\/div><\/div><\/div><div class=\"forminator-row\"><div id=\"consent-2\" class=\"forminator-field-consent forminator-col forminator-col-12  consent2\"><div class=\"forminator-field\"><div class=\"forminator-checkbox__wrapper\"><label id=\"forminator-field-consent-2_69db8a8f24418__label\" class=\"forminator-checkbox forminator-consent\"><input type=\"checkbox\" name=\"consent-2\" id=\"forminator-field-consent-2_69db8a8f24418\" value=\"checked\" aria-labelledby=\"forminator-field-consent-2_69db8a8f24418-label\" aria-describedby=\"forminator-field-consent-2_69db8a8f24418__description\" data-required=\"true\" aria-required=\"true\" \/><span class=\"forminator-checkbox-box\" aria-hidden=\"true\"><\/span><\/label><div id=\"forminator-field-consent-2_69db8a8f24418__description\" class=\"forminator-checkbox__label forminator-consent__label\"><p><a href=\"https:\/\/ccr.group\/en\/consent-for-e-commercial-messages\/\">Within the scope of the Explicit Consent Text<\/a>, I accept the receiving of commercial electronic messages and e-bulletins.<\/p><\/div><\/div><\/div><\/div><\/div><div class=\"forminator-row forminator-hidden\"><div id=\"hidden-1\" class=\"forminator-field-hidden  forminator-col-12 \"><input type=\"hidden\" id=\"hidden-1_69db8a8f24418\" name=\"hidden-1\" value=\"Cloud Migration Consultancy\" \/><\/div><\/div><input type=\"hidden\" name=\"referer_url\" value=\"\" \/><div class=\"forminator-row forminator-row-last\"><div class=\"forminator-col\"><div class=\"forminator-field\"><button class=\"forminator-button forminator-button-submit\">Send<\/button><\/div><\/div><\/div><input type=\"hidden\" id=\"forminator_nonce\" name=\"forminator_nonce\" value=\"ed44780f45\" \/><input type=\"hidden\" name=\"_wp_http_referer\" value=\"\/en\/wp-json\/wp\/v2\/pages\/15390\" \/><input type=\"hidden\" name=\"form_id\" value=\"9039\"><input type=\"hidden\" name=\"page_id\" value=\"15390\"><input type=\"hidden\" name=\"form_type\" value=\"default\"><input type=\"hidden\" name=\"current_url\" value=\"https:\/\/ccr.group\/en\/cloud-consulting-migration\/\"><input type=\"hidden\" name=\"render_id\" value=\"0\"><input type=\"hidden\" name=\"action\" value=\"forminator_submit_form_custom-forms\"><\/form><\/div>\n\t\t\t\t\t\t<\/div>\n\t\t\t\t<\/div>\n\t\t\t\t\t<\/div>\n\t\t\t\t<\/div>\n\t\t\t\t<\/div>\n\t\t","protected":false},"excerpt":{"rendered":"<p>Cloud Migration Consultancy Consulting Packages for on-premises to Cloud Migration Basic Assessment Package Current State Analysis: We assess your existing on-premises contact center infrastructure, including hardware, software, processes and data. We inventory existing on-premises hardware, software and data assets. Evaluate their usage, dependencies, performance and compatibility with cloud environments. Identify pain points in the current [&hellip;]<\/p>\n","protected":false},"author":1,"featured_media":0,"parent":0,"menu_order":0,"comment_status":"closed","ping_status":"closed","template":"","meta":{"_uag_custom_page_level_css":"","site-sidebar-layout":"no-sidebar","site-content-layout":"page-builder","ast-site-content-layout":"full-width-container","site-content-style":"default","site-sidebar-style":"default","ast-global-header-display":"","ast-banner-title-visibility":"","ast-main-header-display":"","ast-hfb-above-header-display":"","ast-hfb-below-header-display":"","ast-hfb-mobile-header-display":"","site-post-title":"disabled","ast-breadcrumbs-content":"","ast-featured-img":"disabled","footer-sml-layout":"","ast-disable-related-posts":"","theme-transparent-header-meta":"default","adv-header-id-meta":"","stick-header-meta":"","header-above-stick-meta":"","header-main-stick-meta":"","header-below-stick-meta":"","astra-migrate-meta-layouts":"set","ast-page-background-enabled":"default","ast-page-background-meta":{"desktop":{"background-color":"","background-image":"","background-repeat":"repeat","background-position":"center center","background-size":"auto","background-attachment":"scroll","background-type":"","background-media":"","overlay-type":"","overlay-color":"","overlay-opacity":"","overlay-gradient":""},"tablet":{"background-color":"","background-image":"","background-repeat":"repeat","background-position":"center center","background-size":"auto","background-attachment":"scroll","background-type":"","background-media":"","overlay-type":"","overlay-color":"","overlay-opacity":"","overlay-gradient":""},"mobile":{"background-color":"","background-image":"","background-repeat":"repeat","background-position":"center center","background-size":"auto","background-attachment":"scroll","background-type":"","background-media":"","overlay-type":"","overlay-color":"","overlay-opacity":"","overlay-gradient":""}},"ast-content-background-meta":{"desktop":{"background-color":"var(--ast-global-color-5)","background-image":"","background-repeat":"repeat","background-position":"center center","background-size":"auto","background-attachment":"scroll","background-type":"","background-media":"","overlay-type":"","overlay-color":"","overlay-opacity":"","overlay-gradient":""},"tablet":{"background-color":"var(--ast-global-color-5)","background-image":"","background-repeat":"repeat","background-position":"center center","background-size":"auto","background-attachment":"scroll","background-type":"","background-media":"","overlay-type":"","overlay-color":"","overlay-opacity":"","overlay-gradient":""},"mobile":{"background-color":"var(--ast-global-color-5)","background-image":"","background-repeat":"repeat","background-position":"center center","background-size":"auto","background-attachment":"scroll","background-type":"","background-media":"","overlay-type":"","overlay-color":"","overlay-opacity":"","overlay-gradient":""}},"footnotes":""},"class_list":["post-15390","page","type-page","status-publish","hentry"],"uagb_featured_image_src":{"full":false,"thumbnail":false,"medium":false,"medium_large":false,"large":false,"1536x1536":false,"2048x2048":false},"uagb_author_info":{"display_name":"ccr-yonetici","author_link":"https:\/\/ccr.group\/en\/author\/ccr-admin\/"},"uagb_comment_info":0,"uagb_excerpt":"Cloud Migration Consultancy Consulting Packages for on-premises to Cloud Migration Basic Assessment Package Current State Analysis: We assess your existing on-premises contact center infrastructure, including hardware, software, processes and data. We inventory existing on-premises hardware, software and data assets. Evaluate their usage, dependencies, performance and compatibility with cloud environments. Identify pain points in the current&hellip;","_links":{"self":[{"href":"https:\/\/ccr.group\/en\/wp-json\/wp\/v2\/pages\/15390","targetHints":{"allow":["GET"]}}],"collection":[{"href":"https:\/\/ccr.group\/en\/wp-json\/wp\/v2\/pages"}],"about":[{"href":"https:\/\/ccr.group\/en\/wp-json\/wp\/v2\/types\/page"}],"author":[{"embeddable":true,"href":"https:\/\/ccr.group\/en\/wp-json\/wp\/v2\/users\/1"}],"replies":[{"embeddable":true,"href":"https:\/\/ccr.group\/en\/wp-json\/wp\/v2\/comments?post=15390"}],"version-history":[{"count":25,"href":"https:\/\/ccr.group\/en\/wp-json\/wp\/v2\/pages\/15390\/revisions"}],"predecessor-version":[{"id":22344,"href":"https:\/\/ccr.group\/en\/wp-json\/wp\/v2\/pages\/15390\/revisions\/22344"}],"wp:attachment":[{"href":"https:\/\/ccr.group\/en\/wp-json\/wp\/v2\/media?parent=15390"}],"curies":[{"name":"wp","href":"https:\/\/api.w.org\/{rel}","templated":true}]}}