{"id":6729,"date":"2024-05-17T13:39:28","date_gmt":"2024-05-17T13:39:28","guid":{"rendered":"https:\/\/wordpress2.thedevelopment.in\/dd\/ccr.group\/chatbot\/"},"modified":"2025-02-20T10:48:27","modified_gmt":"2025-02-20T10:48:27","slug":"chatbot","status":"publish","type":"page","link":"https:\/\/ccr.group\/de\/chatbot\/","title":{"rendered":"Chatbot"},"content":{"rendered":"\t\t<div data-elementor-type=\"wp-page\" data-elementor-id=\"6729\" class=\"elementor elementor-6729 elementor-4480\" data-elementor-post-type=\"page\">\n\t\t\t\t<div class=\"elementor-element elementor-element-6ab76187 e-flex e-con-boxed e-con e-parent\" data-id=\"6ab76187\" data-element_type=\"container\" data-e-type=\"container\" data-settings=\"{&quot;background_background&quot;:&quot;classic&quot;}\">\n\t\t\t\t\t<div class=\"e-con-inner\">\n\t\t<div class=\"elementor-element elementor-element-d865c0f e-con-full e-flex e-con e-child\" data-id=\"d865c0f\" data-element_type=\"container\" data-e-type=\"container\">\n\t\t\t\t<div class=\"elementor-element elementor-element-4095a6b elementor-widget elementor-widget-heading\" data-id=\"4095a6b\" data-element_type=\"widget\" data-e-type=\"widget\" data-widget_type=\"heading.default\">\n\t\t\t\t<div class=\"elementor-widget-container\">\n\t\t\t\t\t<h1 class=\"elementor-heading-title elementor-size-default\">Chatbot<\/h1>\t\t\t\t<\/div>\n\t\t\t\t<\/div>\n\t\t\t\t<div class=\"elementor-element elementor-element-72aa0817 elementor-widget elementor-widget-text-editor\" data-id=\"72aa0817\" data-element_type=\"widget\" data-e-type=\"widget\" data-widget_type=\"text-editor.default\">\n\t\t\t\t<div class=\"elementor-widget-container\">\n\t\t\t\t\t\t\t\t\t<p>Ein virtueller Messaging-Begleiter, mit dem Sie \u00fcber Textnachrichten mit Ihren Kunden kommunizieren und den Sie problemlos in Ihre Website, App oder beliebige Messaging-Software integrieren k\u00f6nnen. Mit einem Chatbot k\u00f6nnen Sie Ihren Kunden \u00fcber schriftliche Kan\u00e4le innerhalb der von Ihnen festgelegten Regeln Support anbieten.<\/p>\n<p>Im Allgemeinen ist eine Chatbot-Anwendung eine Anwendungsplattform, die die Kommunikation mit Endbenutzern auf der Plattform f\u00fcr k\u00fcnstliche Intelligenz erm\u00f6glicht und einen umfassenden Austausch von Inhalten (Dateien, Bilder, Text usw.) erm\u00f6glicht.<\/p>\n\t\t\t\t\t\t\t\t<\/div>\n\t\t\t\t<\/div>\n\t\t\t\t<\/div>\n\t\t<div class=\"elementor-element elementor-element-59cb3dbb e-con-full e-flex e-con e-child\" data-id=\"59cb3dbb\" data-element_type=\"container\" data-e-type=\"container\">\n\t\t\t\t<div class=\"elementor-element elementor-element-8b3bfe5 elementor-widget__width-inherit elementor-widget elementor-widget-image\" data-id=\"8b3bfe5\" data-element_type=\"widget\" data-e-type=\"widget\" data-widget_type=\"image.default\">\n\t\t\t\t<div class=\"elementor-widget-container\">\n\t\t\t\t\t\t\t\t\t\t\t\t\t\t\t<img fetchpriority=\"high\" decoding=\"async\" width=\"500\" height=\"500\" src=\"https:\/\/ccr.group\/wp-content\/uploads\/2024\/09\/Chatbot-1.webp\" class=\"attachment-full size-full wp-image-16931\" alt=\"AI Chatbot\" srcset=\"https:\/\/ccr.group\/wp-content\/uploads\/2024\/09\/Chatbot-1.webp 500w, https:\/\/ccr.group\/wp-content\/uploads\/2024\/09\/Chatbot-1-300x300.webp 300w, https:\/\/ccr.group\/wp-content\/uploads\/2024\/09\/Chatbot-1-150x150.webp 150w\" sizes=\"(max-width: 500px) 100vw, 500px\" \/>\t\t\t\t\t\t\t\t\t\t\t\t\t\t\t<\/div>\n\t\t\t\t<\/div>\n\t\t\t\t<\/div>\n\t\t\t\t\t<\/div>\n\t\t\t\t<\/div>\n\t\t\t\t<section class=\"elementor-section elementor-top-section elementor-element elementor-element-610ec1c elementor-section-content-middle elementor-section-boxed elementor-section-height-default elementor-section-height-default\" data-id=\"610ec1c\" data-element_type=\"section\" data-e-type=\"section\" data-settings=\"{&quot;background_background&quot;:&quot;classic&quot;}\">\n\t\t\t\t\t\t<div class=\"elementor-container elementor-column-gap-no\">\n\t\t\t\t\t<div class=\"elementor-column elementor-col-100 elementor-top-column elementor-element elementor-element-97f6a9e\" data-id=\"97f6a9e\" data-element_type=\"column\" data-e-type=\"column\">\n\t\t\t<div class=\"elementor-widget-wrap elementor-element-populated\">\n\t\t\t\t\t\t<section class=\"elementor-section elementor-inner-section elementor-element elementor-element-db26966 elementor-section-content-middle elementor-section-boxed elementor-section-height-default elementor-section-height-default\" data-id=\"db26966\" data-element_type=\"section\" data-e-type=\"section\" data-settings=\"{&quot;background_background&quot;:&quot;classic&quot;}\">\n\t\t\t\t\t\t<div class=\"elementor-container elementor-column-gap-no\">\n\t\t\t\t\t<div class=\"elementor-column elementor-col-100 elementor-inner-column elementor-element elementor-element-2dbb3e8\" data-id=\"2dbb3e8\" data-element_type=\"column\" data-e-type=\"column\">\n\t\t\t<div class=\"elementor-widget-wrap elementor-element-populated\">\n\t\t\t\t\t\t<div class=\"elementor-element elementor-element-f944726 elementor-widget elementor-widget-text-editor\" data-id=\"f944726\" data-element_type=\"widget\" data-e-type=\"widget\" data-widget_type=\"text-editor.default\">\n\t\t\t\t<div class=\"elementor-widget-container\">\n\t\t\t\t\t\t\t\t\t<p>Die NLP-Funktion (Natural Language Processing) der Chatbot-Anwendung bringt die Interaktion der menschlichen Interaktion n\u00e4her. Auf diese Weise hat der Kunde das Gef\u00fchl, mit einer Person zu sprechen. Das System kann abh\u00e4ngig von den Kundenantworten verschiedene Schritte ausf\u00fchren und das Gespr\u00e4ch wird dynamisch entsprechend den Antworten des Kunden gestaltet. Auf diese Weise kann zu verschiedenen Schritten gesprungen werden.<\/p>\n<p>Bei Chatbot-Anwendungen sollte das Hauptziel darin bestehen, die Kommunikation zu automatisieren und zu bereichern. Auf diese Weise kann die Kundenzufriedenheit erh\u00f6ht werden.<\/p>\n<p>PROBLEM<br \/>\nEs ist f\u00fcr jeden unangenehm, auf eine Serviceleistung zu warten. Viele fehlende und sich wiederholende Prozesse rauben dem Kunden Zeit. Ihre Kunden m\u00f6chten verschiedene Kan\u00e4le nutzen, aber die Bereitstellung aller Kan\u00e4le ist ein schwieriger Prozess f\u00fcr das Unternehmen.<\/p>\n<p>L\u00d6SUNG<br \/>\nBot \u00fcbernimmt sich wiederholende Vorg\u00e4nge f\u00fcr Sie und erh\u00f6ht so den Servicelevel. Es reagiert sofort auf Anfragen, hilft Ihnen, Fehler zu vermeiden und Kosten zu senken. \u00fcberwacht, analysiert und verarbeitet die Kommunikation zwischen Kan\u00e4len (Omni-Channel). Es ist ein komplettes Produkt f\u00fcr k\u00fcnstliche Intelligenz.<\/p>\n\t\t\t\t\t\t\t\t<\/div>\n\t\t\t\t<\/div>\n\t\t\t\t\t<\/div>\n\t\t<\/div>\n\t\t\t\t\t<\/div>\n\t\t<\/section>\n\t\t\t\t\t<\/div>\n\t\t<\/div>\n\t\t\t\t\t<\/div>\n\t\t<\/section>\n\t\t\t\t<\/div>\n\t\t","protected":false},"excerpt":{"rendered":"<p>Chatbot Ein virtueller Messaging-Begleiter, mit dem Sie \u00fcber Textnachrichten mit Ihren Kunden kommunizieren und den Sie problemlos in Ihre Website, App oder beliebige Messaging-Software integrieren k\u00f6nnen. Mit einem Chatbot k\u00f6nnen Sie Ihren Kunden \u00fcber schriftliche Kan\u00e4le innerhalb der von Ihnen festgelegten Regeln Support anbieten. Im Allgemeinen ist eine Chatbot-Anwendung eine Anwendungsplattform, die die Kommunikation mit [&hellip;]<\/p>\n","protected":false},"author":1,"featured_media":0,"parent":0,"menu_order":0,"comment_status":"closed","ping_status":"closed","template":"elementor_header_footer","meta":{"_uag_custom_page_level_css":"","site-sidebar-layout":"no-sidebar","site-content-layout":"page-builder","ast-site-content-layout":"full-width-container","site-content-style":"default","site-sidebar-style":"default","ast-global-header-display":"","ast-banner-title-visibility":"","ast-main-header-display":"","ast-hfb-above-header-display":"","ast-hfb-below-header-display":"","ast-hfb-mobile-header-display":"","site-post-title":"disabled","ast-breadcrumbs-content":"","ast-featured-img":"disabled","footer-sml-layout":"","ast-disable-related-posts":"","theme-transparent-header-meta":"default","adv-header-id-meta":"","stick-header-meta":"","header-above-stick-meta":"","header-main-stick-meta":"","header-below-stick-meta":"","astra-migrate-meta-layouts":"set","ast-page-background-enabled":"default","ast-page-background-meta":{"desktop":{"background-color":"","background-image":"","background-repeat":"repeat","background-position":"center center","background-size":"auto","background-attachment":"scroll","background-type":"","background-media":"","overlay-type":"","overlay-color":"","overlay-opacity":"","overlay-gradient":""},"tablet":{"background-color":"","background-image":"","background-repeat":"repeat","background-position":"center center","background-size":"auto","background-attachment":"scroll","background-type":"","background-media":"","overlay-type":"","overlay-color":"","overlay-opacity":"","overlay-gradient":""},"mobile":{"background-color":"","background-image":"","background-repeat":"repeat","background-position":"center center","background-size":"auto","background-attachment":"scroll","background-type":"","background-media":"","overlay-type":"","overlay-color":"","overlay-opacity":"","overlay-gradient":""}},"ast-content-background-meta":{"desktop":{"background-color":"var(--ast-global-color-5)","background-image":"","background-repeat":"repeat","background-position":"center center","background-size":"auto","background-attachment":"scroll","background-type":"","background-media":"","overlay-type":"","overlay-color":"","overlay-opacity":"","overlay-gradient":""},"tablet":{"background-color":"var(--ast-global-color-5)","background-image":"","background-repeat":"repeat","background-position":"center center","background-size":"auto","background-attachment":"scroll","background-type":"","background-media":"","overlay-type":"","overlay-color":"","overlay-opacity":"","overlay-gradient":""},"mobile":{"background-color":"var(--ast-global-color-5)","background-image":"","background-repeat":"repeat","background-position":"center center","background-size":"auto","background-attachment":"scroll","background-type":"","background-media":"","overlay-type":"","overlay-color":"","overlay-opacity":"","overlay-gradient":""}},"footnotes":""},"class_list":["post-6729","page","type-page","status-publish","hentry"],"uagb_featured_image_src":{"full":false,"thumbnail":false,"medium":false,"medium_large":false,"large":false,"1536x1536":false,"2048x2048":false},"uagb_author_info":{"display_name":"ccr-yonetici","author_link":"https:\/\/ccr.group\/de\/author\/ccr-admin\/"},"uagb_comment_info":0,"uagb_excerpt":"Chatbot Ein virtueller Messaging-Begleiter, mit dem Sie \u00fcber Textnachrichten mit Ihren Kunden kommunizieren und den Sie problemlos in Ihre Website, App oder beliebige Messaging-Software integrieren k\u00f6nnen. Mit einem Chatbot k\u00f6nnen Sie Ihren Kunden \u00fcber schriftliche Kan\u00e4le innerhalb der von Ihnen festgelegten Regeln Support anbieten. Im Allgemeinen ist eine Chatbot-Anwendung eine Anwendungsplattform, die die Kommunikation mit&hellip;","_links":{"self":[{"href":"https:\/\/ccr.group\/de\/wp-json\/wp\/v2\/pages\/6729","targetHints":{"allow":["GET"]}}],"collection":[{"href":"https:\/\/ccr.group\/de\/wp-json\/wp\/v2\/pages"}],"about":[{"href":"https:\/\/ccr.group\/de\/wp-json\/wp\/v2\/types\/page"}],"author":[{"embeddable":true,"href":"https:\/\/ccr.group\/de\/wp-json\/wp\/v2\/users\/1"}],"replies":[{"embeddable":true,"href":"https:\/\/ccr.group\/de\/wp-json\/wp\/v2\/comments?post=6729"}],"version-history":[{"count":3,"href":"https:\/\/ccr.group\/de\/wp-json\/wp\/v2\/pages\/6729\/revisions"}],"predecessor-version":[{"id":22070,"href":"https:\/\/ccr.group\/de\/wp-json\/wp\/v2\/pages\/6729\/revisions\/22070"}],"wp:attachment":[{"href":"https:\/\/ccr.group\/de\/wp-json\/wp\/v2\/media?parent=6729"}],"curies":[{"name":"wp","href":"https:\/\/api.w.org\/{rel}","templated":true}]}}