{"id":6710,"date":"2024-05-24T13:09:18","date_gmt":"2024-05-24T13:09:18","guid":{"rendered":"https:\/\/wordpress2.thedevelopment.in\/dd\/ccr.group\/dynamische-verwaltete-dienste-dms\/"},"modified":"2024-10-08T17:56:54","modified_gmt":"2024-10-08T17:56:54","slug":"dynamic-managed-services-dms","status":"publish","type":"page","link":"https:\/\/ccr.group\/de\/dynamic-managed-services-dms\/","title":{"rendered":"Dynamic Managed Services (DMS)"},"content":{"rendered":"\t\t<div data-elementor-type=\"wp-page\" data-elementor-id=\"6710\" class=\"elementor elementor-6710 elementor-6202\" data-elementor-post-type=\"page\">\n\t\t\t\t<div class=\"elementor-element elementor-element-6ab76187 e-flex e-con-boxed e-con e-parent\" data-id=\"6ab76187\" data-element_type=\"container\" data-e-type=\"container\" data-settings=\"{&quot;background_background&quot;:&quot;classic&quot;}\">\n\t\t\t\t\t<div class=\"e-con-inner\">\n\t\t<div class=\"elementor-element elementor-element-d865c0f e-con-full e-flex e-con e-child\" data-id=\"d865c0f\" data-element_type=\"container\" data-e-type=\"container\">\n\t\t\t\t<div class=\"elementor-element elementor-element-2cfd1faf elementor-widget elementor-widget-heading\" data-id=\"2cfd1faf\" data-element_type=\"widget\" data-e-type=\"widget\" data-widget_type=\"heading.default\">\n\t\t\t\t<div class=\"elementor-widget-container\">\n\t\t\t\t\t<h1 class=\"elementor-heading-title elementor-size-default\">Dynamische verwaltete Dienste (DMS)<\/h1>\t\t\t\t<\/div>\n\t\t\t\t<\/div>\n\t\t\t\t<div class=\"elementor-element elementor-element-72aa0817 elementor-widget elementor-widget-text-editor\" data-id=\"72aa0817\" data-element_type=\"widget\" data-e-type=\"widget\" data-widget_type=\"text-editor.default\">\n\t\t\t\t<div class=\"elementor-widget-container\">\n\t\t\t\t\t\t\t\t\t<p>Um das vorhandene technische Personal der Institutionen, die Genesys einsetzen, zu unterst\u00fctzen. Es handelt sich um Support-Pakete, die f\u00fcr den gesamten Ressourcenbedarf in allen Positionen eingesetzt werden k\u00f6nnen, von der produktbezogenen Gesch\u00e4ftsanalyse \u00fcber die Anwendungsentwicklung bis hin zum System\u00fcberwachungsservice. Es wird Dynamic Managed Services (DMS) genannt.<\/p>\n\t\t\t\t\t\t\t\t<\/div>\n\t\t\t\t<\/div>\n\t\t\t\t<div class=\"elementor-element elementor-element-b72d952 elementor-align-left elementor-widget elementor-widget-button\" data-id=\"b72d952\" data-element_type=\"widget\" data-e-type=\"widget\" data-widget_type=\"button.default\">\n\t\t\t\t<div class=\"elementor-widget-container\">\n\t\t\t\t\t\t\t\t\t<div class=\"elementor-button-wrapper\">\n\t\t\t\t\t<a class=\"elementor-button elementor-button-link elementor-size-sm elementor-animation-pulse\" href=\"https:\/\/ccr.group\/de\/kontakt\/\">\n\t\t\t\t\t\t<span class=\"elementor-button-content-wrapper\">\n\t\t\t\t\t\t\t\t\t<span class=\"elementor-button-text\">Bize Ula\u015f\u0131n<\/span>\n\t\t\t\t\t<\/span>\n\t\t\t\t\t<\/a>\n\t\t\t\t<\/div>\n\t\t\t\t\t\t\t\t<\/div>\n\t\t\t\t<\/div>\n\t\t\t\t<\/div>\n\t\t<div class=\"elementor-element elementor-element-59cb3dbb e-con-full e-flex e-con e-child\" data-id=\"59cb3dbb\" data-element_type=\"container\" data-e-type=\"container\">\n\t\t\t\t<div class=\"elementor-element elementor-element-294c6cb4 elementor-widget__width-initial elementor-widget elementor-widget-image\" data-id=\"294c6cb4\" data-element_type=\"widget\" data-e-type=\"widget\" data-widget_type=\"image.default\">\n\t\t\t\t<div class=\"elementor-widget-container\">\n\t\t\t\t\t\t\t\t\t\t\t\t\t\t\t<img fetchpriority=\"high\" decoding=\"async\" width=\"500\" height=\"500\" src=\"https:\/\/ccr.group\/wp-content\/uploads\/2024\/09\/DMS-5.webp\" class=\"attachment-full size-full wp-image-16846\" alt=\"DMS\" srcset=\"https:\/\/ccr.group\/wp-content\/uploads\/2024\/09\/DMS-5.webp 500w, https:\/\/ccr.group\/wp-content\/uploads\/2024\/09\/DMS-5-300x300.webp 300w, https:\/\/ccr.group\/wp-content\/uploads\/2024\/09\/DMS-5-150x150.webp 150w\" sizes=\"(max-width: 500px) 100vw, 500px\" \/>\t\t\t\t\t\t\t\t\t\t\t\t\t\t\t<\/div>\n\t\t\t\t<\/div>\n\t\t\t\t<\/div>\n\t\t\t\t\t<\/div>\n\t\t\t\t<\/div>\n\t\t\t\t<section class=\"elementor-section elementor-top-section elementor-element elementor-element-5512e450 elementor-section-content-middle elementor-section-boxed elementor-section-height-default elementor-section-height-default\" data-id=\"5512e450\" data-element_type=\"section\" data-e-type=\"section\" id=\"testimonial_section\" data-settings=\"{&quot;background_background&quot;:&quot;classic&quot;}\">\n\t\t\t\t\t\t<div class=\"elementor-container elementor-column-gap-no\">\n\t\t\t\t\t<div class=\"elementor-column elementor-col-100 elementor-top-column elementor-element elementor-element-2ac61ad\" data-id=\"2ac61ad\" data-element_type=\"column\" data-e-type=\"column\">\n\t\t\t<div class=\"elementor-widget-wrap elementor-element-populated\">\n\t\t\t\t\t\t<section class=\"elementor-section elementor-inner-section elementor-element elementor-element-33468e4 elementor-section-content-middle elementor-section-boxed elementor-section-height-default elementor-section-height-default\" data-id=\"33468e4\" data-element_type=\"section\" data-e-type=\"section\" data-settings=\"{&quot;background_background&quot;:&quot;classic&quot;}\">\n\t\t\t\t\t\t<div class=\"elementor-container elementor-column-gap-default\">\n\t\t\t\t\t<div class=\"elementor-column elementor-col-100 elementor-inner-column elementor-element elementor-element-573ec36\" data-id=\"573ec36\" data-element_type=\"column\" data-e-type=\"column\">\n\t\t\t<div class=\"elementor-widget-wrap elementor-element-populated\">\n\t\t\t\t\t\t<div class=\"elementor-element elementor-element-1b2c8aa elementor-widget__width-inherit elementor-widget elementor-widget-heading\" data-id=\"1b2c8aa\" data-element_type=\"widget\" data-e-type=\"widget\" data-widget_type=\"heading.default\">\n\t\t\t\t<div class=\"elementor-widget-container\">\n\t\t\t\t\t<h2 class=\"elementor-heading-title elementor-size-default\">VORTEILE VON DYNAMISCHEN MANAGED SERVICES<\/h2>\t\t\t\t<\/div>\n\t\t\t\t<\/div>\n\t\t\t\t<div class=\"elementor-element elementor-element-c7d9314 elementor-widget elementor-widget-text-editor\" data-id=\"c7d9314\" data-element_type=\"widget\" data-e-type=\"widget\" data-widget_type=\"text-editor.default\">\n\t\t\t\t<div class=\"elementor-widget-container\">\n\t\t\t\t\t\t\t\t\t<ul>\n<li data-sider-select-id=\"8b68f65a-966c-421e-8adc-247845462d45\">\u00dcberpr\u00fcfung der Architektur, Bewertung des Designs aus der Sicht eines Experten<\/li>\n<li>Erkennen von SPOF-Punkten und Ergreifen wirksamer Ma\u00dfnahmen, bevor das Problem auftritt<\/li>\n<li>Beratung zur Informationssicherheit und zum Schutz pers\u00f6nlicher Daten<\/li>\n<li>Genaue Beobachtung der Technologietrends f\u00fcr Contact Center, Identifizierung von Trends mit Effizienzpotenzial und deren schnelle Umsetzung<\/li>\n<li>Schnelle Kommunikation mit dem Lieferanten, schnelle Er\u00f6ffnung von Problemdatens\u00e4tzen und sehr enge Nachverfolgung<\/li>\n<li>Senkung der Kosten und Steigerung der Effizienz durch monatliche Abrechnung nach Verbrauch<\/li>\n<li>Schnelle Beseitigung der M\u00e4ngel beim technischen Personal<\/li>\n<li>Wegfall von Schulungs- und Zertifizierungskosten<\/li>\n<\/ul>\n\t\t\t\t\t\t\t\t<\/div>\n\t\t\t\t<\/div>\n\t\t\t\t\t<\/div>\n\t\t<\/div>\n\t\t\t\t\t<\/div>\n\t\t<\/section>\n\t\t\t\t\t<\/div>\n\t\t<\/div>\n\t\t\t\t\t<\/div>\n\t\t<\/section>\n\t\t\t\t<section class=\"elementor-section elementor-top-section elementor-element elementor-element-057a11a elementor-section-content-middle elementor-reverse-tablet elementor-reverse-mobile elementor-section-boxed elementor-section-height-default elementor-section-height-default\" data-id=\"057a11a\" data-element_type=\"section\" data-e-type=\"section\">\n\t\t\t\t\t\t<div class=\"elementor-container elementor-column-gap-no\">\n\t\t\t\t\t<div class=\"elementor-column elementor-col-50 elementor-top-column elementor-element elementor-element-e24be50\" data-id=\"e24be50\" data-element_type=\"column\" data-e-type=\"column\">\n\t\t\t<div class=\"elementor-widget-wrap elementor-element-populated\">\n\t\t\t\t\t\t<div class=\"elementor-element elementor-element-317255b elementor-widget__width-inherit elementor-widget elementor-widget-heading\" data-id=\"317255b\" data-element_type=\"widget\" data-e-type=\"widget\" data-widget_type=\"heading.default\">\n\t\t\t\t<div class=\"elementor-widget-container\">\n\t\t\t\t\t<h2 class=\"elementor-heading-title elementor-size-default\">DMS-Pakete\n<\/h2>\t\t\t\t<\/div>\n\t\t\t\t<\/div>\n\t\t\t\t<section class=\"elementor-section elementor-inner-section elementor-element elementor-element-e252240 elementor-section-boxed elementor-section-height-default elementor-section-height-default\" data-id=\"e252240\" data-element_type=\"section\" data-e-type=\"section\">\n\t\t\t\t\t\t<div class=\"elementor-container elementor-column-gap-no\">\n\t\t\t\t\t<div class=\"elementor-column elementor-col-50 elementor-inner-column elementor-element elementor-element-dd00a1b\" data-id=\"dd00a1b\" data-element_type=\"column\" data-e-type=\"column\">\n\t\t\t<div class=\"elementor-widget-wrap elementor-element-populated\">\n\t\t\t\t<div class=\"elementor-element elementor-element-dad1308 e-flex e-con-boxed e-con e-parent\" data-id=\"dad1308\" data-element_type=\"container\" data-e-type=\"container\" data-settings=\"{&quot;background_background&quot;:&quot;classic&quot;}\">\n\t\t\t\t\t<div class=\"e-con-inner\">\n\t\t\t\t<div class=\"elementor-element elementor-element-e52a4a0 elementor-widget__width-inherit elementor-widget elementor-widget-heading\" data-id=\"e52a4a0\" data-element_type=\"widget\" data-e-type=\"widget\" data-widget_type=\"heading.default\">\n\t\t\t\t<div class=\"elementor-widget-container\">\n\t\t\t\t\t<h2 class=\"elementor-heading-title elementor-size-default\">Gesundheitscheck-Abdeckung<\/h2>\t\t\t\t<\/div>\n\t\t\t\t<\/div>\n\t\t\t\t<div class=\"elementor-element elementor-element-75273bb elementor-widget elementor-widget-text-editor\" data-id=\"75273bb\" data-element_type=\"widget\" data-e-type=\"widget\" data-widget_type=\"text-editor.default\">\n\t\t\t\t<div class=\"elementor-widget-container\">\n\t\t\t\t\t\t\t\t\t<ul>\n<li data-sider-select-id=\"0522982a-dbd0-4511-a5bb-421a21a69b01\">\u00dcberpr\u00fcfung der Topologie<\/li>\n<li>Bestimmung von SPOF-Punkten (Single Point of Failure)<\/li>\n<li>Abh\u00e4ngigkeitsbericht, Verteilung der Verantwortung &#8211; Risikobericht<\/li>\n<li>Optimierung und Erstellung von Optimierungsvorschl\u00e4gen<\/li>\n<li>Dokumentationskontrolle &#8211; Analyse und Empfehlungen<\/li>\n<\/ul>\n\t\t\t\t\t\t\t\t<\/div>\n\t\t\t\t<\/div>\n\t\t\t\t\t<\/div>\n\t\t\t\t<\/div>\n\t\t\t\t\t<\/div>\n\t\t<\/div>\n\t\t\t\t<div class=\"elementor-column elementor-col-50 elementor-inner-column elementor-element elementor-element-ab3f459\" data-id=\"ab3f459\" data-element_type=\"column\" data-e-type=\"column\">\n\t\t\t<div class=\"elementor-widget-wrap elementor-element-populated\">\n\t\t\t\t<div class=\"elementor-element elementor-element-b7b6117 e-flex e-con-boxed e-con e-parent\" data-id=\"b7b6117\" data-element_type=\"container\" data-e-type=\"container\" data-settings=\"{&quot;background_background&quot;:&quot;classic&quot;}\">\n\t\t\t\t\t<div class=\"e-con-inner\">\n\t\t\t\t<div class=\"elementor-element elementor-element-e188c3f elementor-widget__width-inherit elementor-widget elementor-widget-heading\" data-id=\"e188c3f\" data-element_type=\"widget\" data-e-type=\"widget\" data-widget_type=\"heading.default\">\n\t\t\t\t<div class=\"elementor-widget-container\">\n\t\t\t\t\t<h2 class=\"elementor-heading-title elementor-size-default\">Standardpaket Umfang\n<\/h2>\t\t\t\t<\/div>\n\t\t\t\t<\/div>\n\t\t\t\t<div class=\"elementor-element elementor-element-bb3443d elementor-widget elementor-widget-text-editor\" data-id=\"bb3443d\" data-element_type=\"widget\" data-e-type=\"widget\" data-widget_type=\"text-editor.default\">\n\t\t\t\t<div class=\"elementor-widget-container\">\n\t\t\t\t\t\t\t\t\t<ul>\n<li data-sider-select-id=\"fe1f924f-5421-4561-bae4-bb91a827c27d\">Erfahrene und zertifizierte Ingenieure in 5 verschiedenen Qualifikationen<\/li>\n<li>Business Analyst 2 Mann\/Tag<\/li>\n<li>Systemverwalter 8 Mann\/Tag<\/li>\n<li>Spezialist f\u00fcr System\u00fcberwachung: 2 Mann\/Tag<\/li>\n<li>Software-Ingenieur: 6 Mann\/Tag<\/li>\n<li>Spezialist f\u00fcr Berichtsentwicklung: 4 Mann\/Tag<\/li>\n<\/ul>\n\t\t\t\t\t\t\t\t<\/div>\n\t\t\t\t<\/div>\n\t\t\t\t\t<\/div>\n\t\t\t\t<\/div>\n\t\t\t\t\t<\/div>\n\t\t<\/div>\n\t\t\t\t\t<\/div>\n\t\t<\/section>\n\t\t\t\t<section class=\"elementor-section elementor-inner-section elementor-element elementor-element-a09cb8c elementor-section-boxed elementor-section-height-default elementor-section-height-default\" data-id=\"a09cb8c\" data-element_type=\"section\" data-e-type=\"section\">\n\t\t\t\t\t\t<div class=\"elementor-container elementor-column-gap-no\">\n\t\t\t\t\t<div class=\"elementor-column elementor-col-100 elementor-inner-column elementor-element elementor-element-19524aa\" data-id=\"19524aa\" data-element_type=\"column\" data-e-type=\"column\">\n\t\t\t<div class=\"elementor-widget-wrap elementor-element-populated\">\n\t\t\t\t<div class=\"elementor-element elementor-element-53e49ee e-flex e-con-boxed e-con e-parent\" data-id=\"53e49ee\" data-element_type=\"container\" data-e-type=\"container\" data-settings=\"{&quot;background_background&quot;:&quot;classic&quot;}\">\n\t\t\t\t\t<div class=\"e-con-inner\">\n\t\t\t\t<div class=\"elementor-element elementor-element-d3f2b33 elementor-widget__width-inherit elementor-widget elementor-widget-heading\" data-id=\"d3f2b33\" data-element_type=\"widget\" data-e-type=\"widget\" data-widget_type=\"heading.default\">\n\t\t\t\t<div class=\"elementor-widget-container\">\n\t\t\t\t\t<h2 class=\"elementor-heading-title elementor-size-default\">Voller Versicherungsschutz Paket Versicherungsschutz\n<\/h2>\t\t\t\t<\/div>\n\t\t\t\t<\/div>\n\t\t\t\t<div class=\"elementor-element elementor-element-0a907b1 elementor-widget elementor-widget-text-editor\" data-id=\"0a907b1\" data-element_type=\"widget\" data-e-type=\"widget\" data-widget_type=\"text-editor.default\">\n\t\t\t\t<div class=\"elementor-widget-container\">\n\t\t\t\t\t\t\t\t\t<ul>\n<li data-sider-select-id=\"6d55518f-9c67-4cd7-ba15-d017cbdf4e24\">Beinhaltet alle IT-Prozesse des Callcenters<\/li>\n<li>Change Management<\/li>\n<li>System- und Problemverwaltung<\/li>\n<li>Entwicklung von Software und benutzerdefinierten Berichten<\/li>\n<li>Dokumentation, Tests und Unterst\u00fctzung bei der Migration<\/li>\n<li>7 x 24 Unterst\u00fctzung<\/li>\n<\/ul>\n\t\t\t\t\t\t\t\t<\/div>\n\t\t\t\t<\/div>\n\t\t\t\t\t<\/div>\n\t\t\t\t<\/div>\n\t\t\t\t\t<\/div>\n\t\t<\/div>\n\t\t\t\t\t<\/div>\n\t\t<\/section>\n\t\t\t\t\t<\/div>\n\t\t<\/div>\n\t\t\t\t<div class=\"elementor-column elementor-col-50 elementor-top-column elementor-element elementor-element-dd9c05a\" data-id=\"dd9c05a\" data-element_type=\"column\" data-e-type=\"column\">\n\t\t\t<div class=\"elementor-widget-wrap elementor-element-populated\">\n\t\t\t\t\t\t<div class=\"elementor-element elementor-element-86dac18 elementor-position-left elementor-vertical-align-middle elementor-widget elementor-widget-image-box\" data-id=\"86dac18\" data-element_type=\"widget\" data-e-type=\"widget\" data-widget_type=\"image-box.default\">\n\t\t\t\t<div class=\"elementor-widget-container\">\n\t\t\t\t\t<div class=\"elementor-image-box-wrapper\"><figure class=\"elementor-image-box-img\"><img decoding=\"async\" width=\"80\" height=\"80\" src=\"https:\/\/ccr.group\/wp-content\/uploads\/2024\/05\/health-check.webp\" class=\"attachment-full size-full wp-image-6232\" alt=\"\" \/><\/figure><div class=\"elementor-image-box-content\"><h3 class=\"elementor-image-box-title\">Gesundheitscheck<\/h3><p class=\"elementor-image-box-description\">Das erfahrene Team von CCR analysiert die Systeme unserer Kunden von Anfang bis Ende und verbessert sie f\u00fcr einen maximalen Nutzen.<\/p><\/div><\/div>\t\t\t\t<\/div>\n\t\t\t\t<\/div>\n\t\t\t\t<div class=\"elementor-element elementor-element-370086f elementor-position-left elementor-vertical-align-middle elementor-widget elementor-widget-image-box\" data-id=\"370086f\" data-element_type=\"widget\" data-e-type=\"widget\" data-widget_type=\"image-box.default\">\n\t\t\t\t<div class=\"elementor-widget-container\">\n\t\t\t\t\t<div class=\"elementor-image-box-wrapper\"><figure class=\"elementor-image-box-img\"><img decoding=\"async\" width=\"80\" height=\"80\" src=\"https:\/\/ccr.group\/wp-content\/uploads\/2024\/05\/Standard-package.webp\" class=\"attachment-full size-full wp-image-6229\" alt=\"\" \/><\/figure><div class=\"elementor-image-box-content\"><h3 class=\"elementor-image-box-title\">Standard-Paket<\/h3><p class=\"elementor-image-box-description\">Es handelt sich um ein technisches Servicepaket, das im erforderlichen Umfang in allen Positionen von der Gesch\u00e4ftsanalyse \u00fcber die Anwendungsentwicklung bis hin zum technischen \u00dcberwachungsservice eingesetzt werden kann, um das vorhandene technische Personal unserer Kunden zu unterst\u00fctzen, entweder off-site oder on-site.<\/p><\/div><\/div>\t\t\t\t<\/div>\n\t\t\t\t<\/div>\n\t\t\t\t<div class=\"elementor-element elementor-element-a42ec05 elementor-position-left elementor-vertical-align-middle elementor-widget elementor-widget-image-box\" data-id=\"a42ec05\" data-element_type=\"widget\" data-e-type=\"widget\" data-widget_type=\"image-box.default\">\n\t\t\t\t<div class=\"elementor-widget-container\">\n\t\t\t\t\t<div class=\"elementor-image-box-wrapper\"><figure class=\"elementor-image-box-img\"><img loading=\"lazy\" decoding=\"async\" width=\"80\" height=\"80\" src=\"https:\/\/ccr.group\/wp-content\/uploads\/2024\/05\/full-dms.webp\" class=\"attachment-full size-full wp-image-6226\" alt=\"\" \/><\/figure><div class=\"elementor-image-box-content\"><h3 class=\"elementor-image-box-title\">Paket mit voller Deckung<\/h3><p class=\"elementor-image-box-description\">Es handelt sich dabei um ein technisches Dienstleistungspaket, bei dem die Callcenter-Technologie, die in allen Positionen von der Gesch\u00e4ftsanalyse \u00fcber die Anwendungsentwicklung bis hin zum technischen \u00dcberwachungsdienst in dem erforderlichen Umfang eingesetzt werden kann, vollst\u00e4ndig an die erfahrenen Mitarbeiter von CCR \u00fcbertragen wird, die von unseren zertifizierten Ingenieuren, die Experten auf ihrem Gebiet sind, off-site oder on-site eingesetzt werden k\u00f6nnen.<\/p><\/div><\/div>\t\t\t\t<\/div>\n\t\t\t\t<\/div>\n\t\t\t\t\t<\/div>\n\t\t<\/div>\n\t\t\t\t\t<\/div>\n\t\t<\/section>\n\t\t\t\t<section class=\"elementor-section elementor-top-section elementor-element elementor-element-d2ccd42 elementor-section-content-middle elementor-reverse-tablet elementor-reverse-mobile elementor-section-boxed elementor-section-height-default elementor-section-height-default\" data-id=\"d2ccd42\" data-element_type=\"section\" data-e-type=\"section\">\n\t\t\t\t\t\t<div class=\"elementor-container elementor-column-gap-no\">\n\t\t\t\t\t<div class=\"elementor-column elementor-col-100 elementor-top-column elementor-element elementor-element-97432ef\" data-id=\"97432ef\" data-element_type=\"column\" data-e-type=\"column\">\n\t\t\t<div class=\"elementor-widget-wrap elementor-element-populated\">\n\t\t\t\t\t\t<div class=\"elementor-element elementor-element-a502897 elementor-widget elementor-widget-text-editor\" data-id=\"a502897\" data-element_type=\"widget\" data-e-type=\"widget\" data-widget_type=\"text-editor.default\">\n\t\t\t\t<div class=\"elementor-widget-container\">\n\t\t\t\t\t\t\t\t\t*Die Anzahl der Personen\/Tag kann auf Anfrage ge\u00e4ndert werden.\n\n\t\t\t\t\t\t\t\t<\/div>\n\t\t\t\t<\/div>\n\t\t\t\t\t<\/div>\n\t\t<\/div>\n\t\t\t\t\t<\/div>\n\t\t<\/section>\n\t\t\t\t<\/div>\n\t\t","protected":false},"excerpt":{"rendered":"<p>Dynamische verwaltete Dienste (DMS) Um das vorhandene technische Personal der Institutionen, die Genesys einsetzen, zu unterst\u00fctzen. Es handelt sich um Support-Pakete, die f\u00fcr den gesamten Ressourcenbedarf in allen Positionen eingesetzt werden k\u00f6nnen, von der produktbezogenen Gesch\u00e4ftsanalyse \u00fcber die Anwendungsentwicklung bis hin zum System\u00fcberwachungsservice. Es wird Dynamic Managed Services (DMS) genannt. Bize Ula\u015f\u0131n VORTEILE VON DYNAMISCHEN [&hellip;]<\/p>\n","protected":false},"author":1,"featured_media":0,"parent":0,"menu_order":0,"comment_status":"closed","ping_status":"closed","template":"elementor_header_footer","meta":{"_uag_custom_page_level_css":"","site-sidebar-layout":"no-sidebar","site-content-layout":"page-builder","ast-site-content-layout":"full-width-container","site-content-style":"default","site-sidebar-style":"default","ast-global-header-display":"","ast-banner-title-visibility":"","ast-main-header-display":"","ast-hfb-above-header-display":"","ast-hfb-below-header-display":"","ast-hfb-mobile-header-display":"","site-post-title":"disabled","ast-breadcrumbs-content":"","ast-featured-img":"disabled","footer-sml-layout":"","ast-disable-related-posts":"","theme-transparent-header-meta":"default","adv-header-id-meta":"","stick-header-meta":"","header-above-stick-meta":"","header-main-stick-meta":"","header-below-stick-meta":"","astra-migrate-meta-layouts":"set","ast-page-background-enabled":"default","ast-page-background-meta":{"desktop":{"background-color":"","background-image":"","background-repeat":"repeat","background-position":"center center","background-size":"auto","background-attachment":"scroll","background-type":"","background-media":"","overlay-type":"","overlay-color":"","overlay-opacity":"","overlay-gradient":""},"tablet":{"background-color":"","background-image":"","background-repeat":"repeat","background-position":"center center","background-size":"auto","background-attachment":"scroll","background-type":"","background-media":"","overlay-type":"","overlay-color":"","overlay-opacity":"","overlay-gradient":""},"mobile":{"background-color":"","background-image":"","background-repeat":"repeat","background-position":"center center","background-size":"auto","background-attachment":"scroll","background-type":"","background-media":"","overlay-type":"","overlay-color":"","overlay-opacity":"","overlay-gradient":""}},"ast-content-background-meta":{"desktop":{"background-color":"var(--ast-global-color-5)","background-image":"","background-repeat":"repeat","background-position":"center center","background-size":"auto","background-attachment":"scroll","background-type":"","background-media":"","overlay-type":"","overlay-color":"","overlay-opacity":"","overlay-gradient":""},"tablet":{"background-color":"var(--ast-global-color-5)","background-image":"","background-repeat":"repeat","background-position":"center center","background-size":"auto","background-attachment":"scroll","background-type":"","background-media":"","overlay-type":"","overlay-color":"","overlay-opacity":"","overlay-gradient":""},"mobile":{"background-color":"var(--ast-global-color-5)","background-image":"","background-repeat":"repeat","background-position":"center center","background-size":"auto","background-attachment":"scroll","background-type":"","background-media":"","overlay-type":"","overlay-color":"","overlay-opacity":"","overlay-gradient":""}},"footnotes":""},"class_list":["post-6710","page","type-page","status-publish","hentry"],"uagb_featured_image_src":{"full":false,"thumbnail":false,"medium":false,"medium_large":false,"large":false,"1536x1536":false,"2048x2048":false},"uagb_author_info":{"display_name":"ccr-yonetici","author_link":"https:\/\/ccr.group\/de\/author\/ccr-admin\/"},"uagb_comment_info":0,"uagb_excerpt":"Dynamische verwaltete Dienste (DMS) Um das vorhandene technische Personal der Institutionen, die Genesys einsetzen, zu unterst\u00fctzen. Es handelt sich um Support-Pakete, die f\u00fcr den gesamten Ressourcenbedarf in allen Positionen eingesetzt werden k\u00f6nnen, von der produktbezogenen Gesch\u00e4ftsanalyse \u00fcber die Anwendungsentwicklung bis hin zum System\u00fcberwachungsservice. Es wird Dynamic Managed Services (DMS) genannt. Bize Ula\u015f\u0131n VORTEILE VON DYNAMISCHEN&hellip;","_links":{"self":[{"href":"https:\/\/ccr.group\/de\/wp-json\/wp\/v2\/pages\/6710","targetHints":{"allow":["GET"]}}],"collection":[{"href":"https:\/\/ccr.group\/de\/wp-json\/wp\/v2\/pages"}],"about":[{"href":"https:\/\/ccr.group\/de\/wp-json\/wp\/v2\/types\/page"}],"author":[{"embeddable":true,"href":"https:\/\/ccr.group\/de\/wp-json\/wp\/v2\/users\/1"}],"replies":[{"embeddable":true,"href":"https:\/\/ccr.group\/de\/wp-json\/wp\/v2\/comments?post=6710"}],"version-history":[{"count":0,"href":"https:\/\/ccr.group\/de\/wp-json\/wp\/v2\/pages\/6710\/revisions"}],"wp:attachment":[{"href":"https:\/\/ccr.group\/de\/wp-json\/wp\/v2\/media?parent=6710"}],"curies":[{"name":"wp","href":"https:\/\/api.w.org\/{rel}","templated":true}]}}