{"id":6607,"date":"2024-04-29T11:12:53","date_gmt":"2024-04-29T11:12:53","guid":{"rendered":"https:\/\/wordpress2.thedevelopment.in\/dd\/ccr.group\/prozess-beratung\/"},"modified":"2024-12-16T08:52:09","modified_gmt":"2024-12-16T08:52:09","slug":"prozessberatung","status":"publish","type":"page","link":"https:\/\/ccr.group\/de\/prozessberatung\/","title":{"rendered":"Prozessberatung"},"content":{"rendered":"\t\t<div data-elementor-type=\"wp-page\" data-elementor-id=\"6607\" class=\"elementor elementor-6607 elementor-2827\" data-elementor-post-type=\"page\">\n\t\t\t\t<div class=\"elementor-element elementor-element-6ab76187 e-flex e-con-boxed e-con e-parent\" data-id=\"6ab76187\" data-element_type=\"container\" data-e-type=\"container\" data-settings=\"{&quot;background_background&quot;:&quot;classic&quot;}\">\n\t\t\t\t\t<div class=\"e-con-inner\">\n\t\t<div class=\"elementor-element elementor-element-d865c0f e-con-full e-flex e-con e-child\" data-id=\"d865c0f\" data-element_type=\"container\" data-e-type=\"container\">\n\t\t\t\t<div class=\"elementor-element elementor-element-2cfd1faf elementor-widget elementor-widget-heading\" data-id=\"2cfd1faf\" data-element_type=\"widget\" data-e-type=\"widget\" data-widget_type=\"heading.default\">\n\t\t\t\t<div class=\"elementor-widget-container\">\n\t\t\t\t\t<h1 class=\"elementor-heading-title elementor-size-default\">Prozess-Beratung<\/h1>\t\t\t\t<\/div>\n\t\t\t\t<\/div>\n\t\t\t\t<div class=\"elementor-element elementor-element-72aa0817 elementor-widget elementor-widget-text-editor\" data-id=\"72aa0817\" data-element_type=\"widget\" data-e-type=\"widget\" data-widget_type=\"text-editor.default\">\n\t\t\t\t<div class=\"elementor-widget-container\">\n\t\t\t\t\t\t\t\t\t<p>CCR unterst\u00fctzt die Struktur und die bestehenden Prozesse von Unternehmen durch die im Rahmen der Beratung durchgef\u00fchrten Studien und den geplanten und systematischen Fortschritt der Arbeiten, indem neue Prozesse in das System aufgenommen werden.<\/p>\n\t\t\t\t\t\t\t\t<\/div>\n\t\t\t\t<\/div>\n\t\t\t\t<\/div>\n\t\t<div class=\"elementor-element elementor-element-59cb3dbb e-con-full e-flex e-con e-child\" data-id=\"59cb3dbb\" data-element_type=\"container\" data-e-type=\"container\">\n\t\t\t\t<div class=\"elementor-element elementor-element-294c6cb4 elementor-widget__width-initial elementor-widget elementor-widget-image\" data-id=\"294c6cb4\" data-element_type=\"widget\" data-e-type=\"widget\" data-widget_type=\"image.default\">\n\t\t\t\t<div class=\"elementor-widget-container\">\n\t\t\t\t\t\t\t\t\t\t\t\t\t\t\t<img fetchpriority=\"high\" decoding=\"async\" width=\"500\" height=\"500\" src=\"https:\/\/ccr.group\/wp-content\/uploads\/2024\/09\/Surec-danismanligi.webp\" class=\"attachment-full size-full wp-image-16855\" alt=\"Process Consulting\" srcset=\"https:\/\/ccr.group\/wp-content\/uploads\/2024\/09\/Surec-danismanligi.webp 500w, https:\/\/ccr.group\/wp-content\/uploads\/2024\/09\/Surec-danismanligi-300x300.webp 300w, https:\/\/ccr.group\/wp-content\/uploads\/2024\/09\/Surec-danismanligi-150x150.webp 150w\" sizes=\"(max-width: 500px) 100vw, 500px\" \/>\t\t\t\t\t\t\t\t\t\t\t\t\t\t\t<\/div>\n\t\t\t\t<\/div>\n\t\t\t\t<\/div>\n\t\t\t\t\t<\/div>\n\t\t\t\t<\/div>\n\t\t\t\t<section class=\"elementor-section elementor-top-section elementor-element elementor-element-5512e450 elementor-section-content-middle elementor-section-boxed elementor-section-height-default elementor-section-height-default\" data-id=\"5512e450\" data-element_type=\"section\" data-e-type=\"section\" id=\"testimonial_section\" data-settings=\"{&quot;background_background&quot;:&quot;classic&quot;}\">\n\t\t\t\t\t\t<div class=\"elementor-container elementor-column-gap-no\">\n\t\t\t\t\t<div class=\"elementor-column elementor-col-100 elementor-top-column elementor-element elementor-element-2ac61ad\" data-id=\"2ac61ad\" data-element_type=\"column\" data-e-type=\"column\">\n\t\t\t<div class=\"elementor-widget-wrap elementor-element-populated\">\n\t\t\t\t\t\t<section class=\"elementor-section elementor-inner-section elementor-element elementor-element-33468e4 elementor-section-content-middle elementor-section-boxed elementor-section-height-default elementor-section-height-default\" data-id=\"33468e4\" data-element_type=\"section\" data-e-type=\"section\" data-settings=\"{&quot;background_background&quot;:&quot;classic&quot;}\">\n\t\t\t\t\t\t<div class=\"elementor-container elementor-column-gap-default\">\n\t\t\t\t\t<div class=\"elementor-column elementor-col-100 elementor-inner-column elementor-element elementor-element-573ec36\" data-id=\"573ec36\" data-element_type=\"column\" data-e-type=\"column\">\n\t\t\t<div class=\"elementor-widget-wrap elementor-element-populated\">\n\t\t\t\t\t\t<div class=\"elementor-element elementor-element-c7d9314 elementor-widget elementor-widget-text-editor\" data-id=\"c7d9314\" data-element_type=\"widget\" data-e-type=\"widget\" data-widget_type=\"text-editor.default\">\n\t\t\t\t<div class=\"elementor-widget-container\">\n\t\t\t\t\t\t\t\t\tCCR verf\u00fcgt \u00fcber mehr als 25 Jahre nationale und internationale Erfahrung sowie erfahrene Mitarbeitende und bietet eine durchg\u00e4ngige Prozessberatung in den Bereichen Kundenerfahrung und Call-Center-Technologien.<\/p>\n\nCCR unterst\u00fctzt die Struktur und die bestehenden Prozesse von Unternehmen durch die im Rahmen der Beratung durchgef\u00fchrten Studien und den geplanten und systematischen Fortschritt der Arbeiten, indem neue Prozesse in das System aufgenommen werden.\t\t\t\t\t\t\t\t<\/div>\n\t\t\t\t<\/div>\n\t\t\t\t\t<\/div>\n\t\t<\/div>\n\t\t\t\t\t<\/div>\n\t\t<\/section>\n\t\t\t\t\t<\/div>\n\t\t<\/div>\n\t\t\t\t\t<\/div>\n\t\t<\/section>\n\t\t\t\t<section class=\"elementor-section elementor-top-section elementor-element elementor-element-b926681 elementor-section-content-middle elementor-reverse-mobile elementor-section-boxed elementor-section-height-default elementor-section-height-default\" data-id=\"b926681\" data-element_type=\"section\" data-e-type=\"section\" data-settings=\"{&quot;background_background&quot;:&quot;classic&quot;}\">\n\t\t\t\t\t\t<div class=\"elementor-container elementor-column-gap-no\">\n\t\t\t\t\t<div class=\"elementor-column elementor-col-100 elementor-top-column elementor-element elementor-element-ea7ce5f\" data-id=\"ea7ce5f\" data-element_type=\"column\" data-e-type=\"column\">\n\t\t\t<div class=\"elementor-widget-wrap elementor-element-populated\">\n\t\t\t\t<div class=\"elementor-element elementor-element-f486f83 e-flex e-con-boxed e-con e-parent\" data-id=\"f486f83\" data-element_type=\"container\" data-e-type=\"container\" data-settings=\"{&quot;background_background&quot;:&quot;classic&quot;}\">\n\t\t\t\t\t<div class=\"e-con-inner\">\n\t\t<div class=\"elementor-element elementor-element-a78763d e-flex e-con-boxed e-con e-child\" data-id=\"a78763d\" data-element_type=\"container\" data-e-type=\"container\">\n\t\t\t\t\t<div class=\"e-con-inner\">\n\t\t\t\t<div class=\"elementor-element elementor-element-eac3b7a elementor-widget elementor-widget-image\" data-id=\"eac3b7a\" data-element_type=\"widget\" data-e-type=\"widget\" data-widget_type=\"image.default\">\n\t\t\t\t<div class=\"elementor-widget-container\">\n\t\t\t\t\t\t\t\t\t\t\t\t\t\t\t<img decoding=\"async\" width=\"605\" height=\"412\" src=\"https:\/\/ccr.group\/wp-content\/uploads\/2024\/04\/Depositphotos_118616124_S-removebg-preview.png\" class=\"attachment-full size-full wp-image-5769\" alt=\"\" srcset=\"https:\/\/ccr.group\/wp-content\/uploads\/2024\/04\/Depositphotos_118616124_S-removebg-preview.png 605w, https:\/\/ccr.group\/wp-content\/uploads\/2024\/04\/Depositphotos_118616124_S-removebg-preview-300x204.png 300w\" sizes=\"(max-width: 605px) 100vw, 605px\" \/>\t\t\t\t\t\t\t\t\t\t\t\t\t\t\t<\/div>\n\t\t\t\t<\/div>\n\t\t\t\t\t<\/div>\n\t\t\t\t<\/div>\n\t\t<div class=\"elementor-element elementor-element-4d0ecfa e-flex e-con-boxed e-con e-child\" data-id=\"4d0ecfa\" data-element_type=\"container\" data-e-type=\"container\">\n\t\t\t\t\t<div class=\"e-con-inner\">\n\t\t\t\t<div class=\"elementor-element elementor-element-532f19b elementor-widget elementor-widget-heading\" data-id=\"532f19b\" data-element_type=\"widget\" data-e-type=\"widget\" data-widget_type=\"heading.default\">\n\t\t\t\t<div class=\"elementor-widget-container\">\n\t\t\t\t\t<h2 class=\"elementor-heading-title elementor-size-default\">Vorteile der Prozessberatung;<\/h2>\t\t\t\t<\/div>\n\t\t\t\t<\/div>\n\t\t\t\t<div class=\"elementor-element elementor-element-e20d4f9 elementor-widget elementor-widget-text-editor\" data-id=\"e20d4f9\" data-element_type=\"widget\" data-e-type=\"widget\" data-widget_type=\"text-editor.default\">\n\t\t\t\t<div class=\"elementor-widget-container\">\n\t\t\t\t\t\t\t\t\t<div class=\"ovh\" data-sider-select-id=\"31295dbe-28ec-4257-9ab2-beb2ed0526a8\"><ul><li>\u00dcberpr\u00fcfung der bestehenden Prozesse, Analyse der aktuellen Situation und Identifizierung der verbesserungsw\u00fcrdigen Bereiche<\/li><li>Bestimmung der Wichtigkeit von Prozessen und Einteilung in Gruppen je nach Leistung<\/li><li>Verzicht auf Gesch\u00e4ftsschritte, die keinen Mehrwert erbringen<\/li><li>Identifizierung von Prozessl\u00fccken und \u00dcberschneidungen<\/li><li>Etablierung von Teamarbeit und Prozessverantwortung in der Organisation<\/li><li>Steigerung der Effizienz und kontinuierliche Verbesserung der Prozesse<\/li><\/ul><\/div>\t\t\t\t\t\t\t\t<\/div>\n\t\t\t\t<\/div>\n\t\t\t\t<div class=\"elementor-element elementor-element-8b6486c elementor-align-center elementor-widget elementor-widget-button\" data-id=\"8b6486c\" data-element_type=\"widget\" data-e-type=\"widget\" data-widget_type=\"button.default\">\n\t\t\t\t<div class=\"elementor-widget-container\">\n\t\t\t\t\t\t\t\t\t<div class=\"elementor-button-wrapper\">\n\t\t\t\t\t<a class=\"elementor-button elementor-button-link elementor-size-sm elementor-animation-pulse\" href=\"#kontakt\">\n\t\t\t\t\t\t<span class=\"elementor-button-content-wrapper\">\n\t\t\t\t\t\t<span class=\"elementor-button-icon\">\n\t\t\t\t<svg aria-hidden=\"true\" class=\"e-font-icon-svg e-fas-arrow-right\" viewBox=\"0 0 448 512\" xmlns=\"http:\/\/www.w3.org\/2000\/svg\"><path d=\"M190.5 66.9l22.2-22.2c9.4-9.4 24.6-9.4 33.9 0L441 239c9.4 9.4 9.4 24.6 0 33.9L246.6 467.3c-9.4 9.4-24.6 9.4-33.9 0l-22.2-22.2c-9.5-9.5-9.3-25 .4-34.3L311.4 296H24c-13.3 0-24-10.7-24-24v-32c0-13.3 10.7-24 24-24h287.4L190.9 101.2c-9.8-9.3-10-24.8-.4-34.3z\"><\/path><\/svg>\t\t\t<\/span>\n\t\t\t\t\t\t\t\t\t<span class=\"elementor-button-text\">Kontaktieren Sie uns<\/span>\n\t\t\t\t\t<\/span>\n\t\t\t\t\t<\/a>\n\t\t\t\t<\/div>\n\t\t\t\t\t\t\t\t<\/div>\n\t\t\t\t<\/div>\n\t\t\t\t\t<\/div>\n\t\t\t\t<\/div>\n\t\t\t\t\t<\/div>\n\t\t\t\t<\/div>\n\t\t\t\t\t<\/div>\n\t\t<\/div>\n\t\t\t\t\t<\/div>\n\t\t<\/section>\n\t\t<div class=\"elementor-element elementor-element-84a43f6 e-flex e-con-boxed e-con e-parent\" data-id=\"84a43f6\" data-element_type=\"container\" data-e-type=\"container\">\n\t\t\t\t\t<div class=\"e-con-inner\">\n\t\t\t\t<div class=\"elementor-element elementor-element-94de9dd elementor-widget elementor-widget-heading\" data-id=\"94de9dd\" data-element_type=\"widget\" data-e-type=\"widget\" data-widget_type=\"heading.default\">\n\t\t\t\t<div class=\"elementor-widget-container\">\n\t\t\t\t\t<h2 class=\"elementor-heading-title elementor-size-default\">Kontakt<\/h2>\t\t\t\t<\/div>\n\t\t\t\t<\/div>\n\t\t\t\t<div class=\"elementor-element elementor-element-b993e83 elementor-widget elementor-widget-shortcode\" data-id=\"b993e83\" data-element_type=\"widget\" data-e-type=\"widget\" data-widget_type=\"shortcode.default\">\n\t\t\t\t<div class=\"elementor-widget-container\">\n\t\t\t\t\t\t\t<div class=\"elementor-shortcode\"><div class=\"forminator-ui forminator-custom-form forminator-custom-form-9196 forminator-design--default  forminator_ajax\" data-forminator-render=\"0\" data-form=\"forminator-module-9196\" data-uid=\"69d22c2f41ce3\"><br\/><\/div><form\n\t\t\t\tid=\"forminator-module-9196\"\n\t\t\t\tclass=\"forminator-ui forminator-custom-form forminator-custom-form-9196 forminator-design--default  forminator_ajax\"\n\t\t\t\tmethod=\"post\"\n\t\t\t\tdata-forminator-render=\"0\"\n\t\t\t\tdata-form-id=\"9196\"\n\t\t\t\t data-color-option=\"default\" data-design=\"default\" data-grid=\"open\" style=\"display: none;\"\n\t\t\t\tdata-uid=\"69d22c2f41ce3\"\n\t\t\t><div role=\"alert\" aria-live=\"polite\" class=\"forminator-response-message forminator-error\" aria-hidden=\"true\"><\/div><div class=\"forminator-row\"><div id=\"name-1\" class=\"forminator-field-name forminator-col forminator-col-6 \"><div class=\"forminator-row forminator-no-margin\" data-multiple=\"true\"><div class=\"forminator-col forminator-col-md-6\"><div class=\"forminator-field\"><label for=\"forminator-field-first-name-1_69d22c2f41ce3\" id=\"forminator-field-first-name-1_69d22c2f41ce3-label\" class=\"forminator-label\">Vorname <span class=\"forminator-required\">*<\/span><\/label><input type=\"text\" name=\"name-1-first-name\" placeholder=\"Vorname\" id=\"forminator-field-first-name-1_69d22c2f41ce3\" class=\"forminator-input\" aria-required=\"true\" data-multi=\"1\" autocomplete=\"given-name\" value=\"\" \/><\/div><\/div><div class=\"forminator-col forminator-col-md-6\"><div class=\"forminator-field\"><label for=\"forminator-field-last-name-1_69d22c2f41ce3\" id=\"forminator-field-last-name-1_69d22c2f41ce3-label\" class=\"forminator-label\">Familienname, Nachname<\/label><input type=\"text\" name=\"name-1-last-name\" placeholder=\"Familienname, Nachname\" id=\"forminator-field-last-name-1_69d22c2f41ce3\" class=\"forminator-input\" aria-required=\"false\" data-multi=\"1\" autocomplete=\"family-name\" value=\"\" \/><\/div><\/div><\/div><\/div><div id=\"text-2\" class=\"forminator-field-text forminator-col forminator-col-6 \"><div class=\"forminator-field\"><label for=\"forminator-field-text-2_69d22c2f41ce3\" id=\"forminator-field-text-2_69d22c2f41ce3-label\" class=\"forminator-label\">Name der Firma <span class=\"forminator-required\">*<\/span><\/label><input type=\"text\" name=\"text-2\" value=\"\" placeholder=\"Name der Firma\" id=\"forminator-field-text-2_69d22c2f41ce3\" class=\"forminator-input forminator-name--field\" data-required=\"1\" \/><\/div><\/div><\/div><div class=\"forminator-row\"><div id=\"email-1\" class=\"forminator-field-email forminator-col forminator-col-4 \"><div class=\"forminator-field\"><label for=\"forminator-field-email-1_69d22c2f41ce3\" id=\"forminator-field-email-1_69d22c2f41ce3-label\" class=\"forminator-label\">E-Mail-Adresse <span class=\"forminator-required\">*<\/span><\/label><input type=\"email\" name=\"email-1\" value=\"\" placeholder=\"E-Mail-Adresse\" id=\"forminator-field-email-1_69d22c2f41ce3\" class=\"forminator-input forminator-email--field\" data-required=\"true\" aria-required=\"true\" autocomplete=\"email\" \/><\/div><\/div><div id=\"text-1\" class=\"forminator-field-text forminator-col forminator-col-4 \"><div class=\"forminator-field\"><label for=\"forminator-field-text-1_69d22c2f41ce3\" id=\"forminator-field-text-1_69d22c2f41ce3-label\" class=\"forminator-label\">Thema <span class=\"forminator-required\">*<\/span><\/label><input type=\"text\" name=\"text-1\" value=\"\" placeholder=\"Thema\" id=\"forminator-field-text-1_69d22c2f41ce3\" class=\"forminator-input forminator-name--field\" data-required=\"1\" \/><\/div><\/div><div id=\"phone-1\" class=\"forminator-field-phone forminator-col forminator-col-4 \"><div class=\"forminator-field\"><label for=\"forminator-field-phone-1_69d22c2f41ce3\" id=\"forminator-field-phone-1_69d22c2f41ce3-label\" class=\"forminator-label\">Phone Number <span class=\"forminator-required\">*<\/span><\/label><input type=\"text\" name=\"phone-1\" value=\"\" placeholder=\"Telefon\" id=\"forminator-field-phone-1_69d22c2f41ce3\" class=\"forminator-input forminator-field--phone\" data-required=\"1\" aria-required=\"true\" autocomplete=\"off\" \/><\/div><\/div><\/div><div class=\"forminator-row\"><div id=\"textarea-1\" class=\"forminator-field-textarea forminator-col forminator-col-12 \"><div class=\"forminator-field\"><label for=\"forminator-field-textarea-1_69d22c2f41ce3\" id=\"forminator-field-textarea-1_69d22c2f41ce3-label\" class=\"forminator-label\">Nachricht<\/label><textarea name=\"textarea-1\" placeholder=\"Nachricht\" id=\"forminator-field-textarea-1_69d22c2f41ce3\" class=\"forminator-textarea\" rows=\"6\" style=\"min-height:140px;\" maxlength=\"180\" ><\/textarea><span id=\"forminator-field-textarea-1_69d22c2f41ce3-description\" class=\"forminator-description\"><span data-limit=\"180\" data-type=\"characters\" data-editor=\"\">0 \/ 180<\/span><\/span><\/div><\/div><\/div><div class=\"forminator-row\"><div id=\"checkbox-1\" class=\"forminator-field-checkbox forminator-col forminator-col-12 \"><div role=\"group\" class=\"forminator-field required\" aria-labelledby=\"forminator-checkbox-group-forminator-field-checkbox-1-69d22c2f41ce3-label\"><label id=\"forminator-field-checkbox-1-1-69d22c2f41ce3-label\" for=\"forminator-field-checkbox-1-1-69d22c2f41ce3\" class=\"forminator-checkbox\" title=\"&lt;a href=&quot;https:\/\/ccr.group\/urun-hizmet-alan-kisiler-icin-kisisel-verilerini-is-faaliyetleri-kapsaminda-islenen-iliskin-aydinlatma-metni\/&quot;&gt;Ich habe den Informationstext &lt;\/a&gt;zur Verarbeitung personenbezogener Daten gelesen.\"><input type=\"checkbox\" name=\"checkbox-1[]\" value=\"one\" id=\"forminator-field-checkbox-1-1-69d22c2f41ce3\" aria-labelledby=\"forminator-field-checkbox-1-1-69d22c2f41ce3-label\" data-calculation=\"0\"   data-hidden-behavior=\"zero\"\/><span class=\"forminator-checkbox-box\" aria-hidden=\"true\"><\/span><span class=\"forminator-checkbox-label\"><a href=\"https:\/\/ccr.group\/urun-hizmet-alan-kisiler-icin-kisisel-verilerini-is-faaliyetleri-kapsaminda-islenen-iliskin-aydinlatma-metni\/\">Ich habe den Informationstext <\/a>zur Verarbeitung personenbezogener Daten gelesen.<\/span><\/label><\/div><\/div><\/div><div class=\"forminator-row\"><div id=\"checkbox-2\" class=\"forminator-field-checkbox forminator-col forminator-col-12 \"><div role=\"group\" class=\"forminator-field required\" aria-labelledby=\"forminator-checkbox-group-forminator-field-checkbox-2-69d22c2f41ce3-label\"><label id=\"forminator-field-checkbox-2-1-69d22c2f41ce3-label\" for=\"forminator-field-checkbox-2-1-69d22c2f41ce3\" class=\"forminator-checkbox\" title=\"&lt;a href=&quot;https:\/\/ccr.group\/ticari-elektronik-ileti-izni\/&quot;&gt;Im Rahmen des Textes zur ausdr\u00fccklichen Zustimmung&lt;\/a&gt; akzeptiere ich die Zusendung kommerzieller elektronischer Nachrichten und E-Bulletins.\"><input type=\"checkbox\" name=\"checkbox-2[]\" value=\"one\" id=\"forminator-field-checkbox-2-1-69d22c2f41ce3\" aria-labelledby=\"forminator-field-checkbox-2-1-69d22c2f41ce3-label\" data-calculation=\"0\"   data-hidden-behavior=\"zero\"\/><span class=\"forminator-checkbox-box\" aria-hidden=\"true\"><\/span><span class=\"forminator-checkbox-label\"><a href=\"https:\/\/ccr.group\/ticari-elektronik-ileti-izni\/\">Im Rahmen des Textes zur ausdr\u00fccklichen Zustimmung<\/a> akzeptiere ich die Zusendung kommerzieller elektronischer Nachrichten und E-Bulletins.<\/span><\/label><\/div><\/div><\/div><div class=\"forminator-row forminator-hidden\"><div id=\"hidden-1\" class=\"forminator-field-hidden  forminator-col-12 \"><input type=\"hidden\" id=\"hidden-1_69d22c2f41ce3\" name=\"hidden-1\" value=\"Prozessberatung\" \/><\/div><\/div><input type=\"hidden\" name=\"referer_url\" value=\"\" \/><div class=\"forminator-row forminator-row-last\"><div class=\"forminator-col\"><div class=\"forminator-field\"><button class=\"forminator-button forminator-button-submit\">Schicken<\/button><\/div><\/div><\/div><input type=\"hidden\" id=\"forminator_nonce\" name=\"forminator_nonce\" value=\"ef53f4b647\" \/><input type=\"hidden\" name=\"_wp_http_referer\" value=\"\/de\/wp-json\/wp\/v2\/pages\/6607\" \/><input type=\"hidden\" name=\"form_id\" value=\"9196\"><input type=\"hidden\" name=\"page_id\" value=\"6607\"><input type=\"hidden\" name=\"form_type\" value=\"default\"><input type=\"hidden\" name=\"current_url\" value=\"https:\/\/ccr.group\/de\/prozessberatung\/\"><input type=\"hidden\" name=\"render_id\" value=\"0\"><input type=\"hidden\" name=\"action\" value=\"forminator_submit_form_custom-forms\"><\/form><\/div>\n\t\t\t\t\t\t<\/div>\n\t\t\t\t<\/div>\n\t\t\t\t\t<\/div>\n\t\t\t\t<\/div>\n\t\t\t\t<\/div>\n\t\t","protected":false},"excerpt":{"rendered":"<p>Prozess-Beratung CCR unterst\u00fctzt die Struktur und die bestehenden Prozesse von Unternehmen durch die im Rahmen der Beratung durchgef\u00fchrten Studien und den geplanten und systematischen Fortschritt der Arbeiten, indem neue Prozesse in das System aufgenommen werden. CCR verf\u00fcgt \u00fcber mehr als 25 Jahre nationale und internationale Erfahrung sowie erfahrene Mitarbeitende und bietet eine durchg\u00e4ngige Prozessberatung in [&hellip;]<\/p>\n","protected":false},"author":1,"featured_media":0,"parent":0,"menu_order":0,"comment_status":"closed","ping_status":"closed","template":"elementor_header_footer","meta":{"_uag_custom_page_level_css":"","site-sidebar-layout":"no-sidebar","site-content-layout":"page-builder","ast-site-content-layout":"full-width-container","site-content-style":"default","site-sidebar-style":"default","ast-global-header-display":"","ast-banner-title-visibility":"","ast-main-header-display":"","ast-hfb-above-header-display":"","ast-hfb-below-header-display":"","ast-hfb-mobile-header-display":"","site-post-title":"disabled","ast-breadcrumbs-content":"","ast-featured-img":"disabled","footer-sml-layout":"","ast-disable-related-posts":"","theme-transparent-header-meta":"default","adv-header-id-meta":"","stick-header-meta":"","header-above-stick-meta":"","header-main-stick-meta":"","header-below-stick-meta":"","astra-migrate-meta-layouts":"set","ast-page-background-enabled":"default","ast-page-background-meta":{"desktop":{"background-color":"","background-image":"","background-repeat":"repeat","background-position":"center center","background-size":"auto","background-attachment":"scroll","background-type":"","background-media":"","overlay-type":"","overlay-color":"","overlay-opacity":"","overlay-gradient":""},"tablet":{"background-color":"","background-image":"","background-repeat":"repeat","background-position":"center center","background-size":"auto","background-attachment":"scroll","background-type":"","background-media":"","overlay-type":"","overlay-color":"","overlay-opacity":"","overlay-gradient":""},"mobile":{"background-color":"","background-image":"","background-repeat":"repeat","background-position":"center center","background-size":"auto","background-attachment":"scroll","background-type":"","background-media":"","overlay-type":"","overlay-color":"","overlay-opacity":"","overlay-gradient":""}},"ast-content-background-meta":{"desktop":{"background-color":"var(--ast-global-color-5)","background-image":"","background-repeat":"repeat","background-position":"center center","background-size":"auto","background-attachment":"scroll","background-type":"","background-media":"","overlay-type":"","overlay-color":"","overlay-opacity":"","overlay-gradient":""},"tablet":{"background-color":"var(--ast-global-color-5)","background-image":"","background-repeat":"repeat","background-position":"center center","background-size":"auto","background-attachment":"scroll","background-type":"","background-media":"","overlay-type":"","overlay-color":"","overlay-opacity":"","overlay-gradient":""},"mobile":{"background-color":"var(--ast-global-color-5)","background-image":"","background-repeat":"repeat","background-position":"center center","background-size":"auto","background-attachment":"scroll","background-type":"","background-media":"","overlay-type":"","overlay-color":"","overlay-opacity":"","overlay-gradient":""}},"footnotes":""},"class_list":["post-6607","page","type-page","status-publish","hentry"],"uagb_featured_image_src":{"full":false,"thumbnail":false,"medium":false,"medium_large":false,"large":false,"1536x1536":false,"2048x2048":false},"uagb_author_info":{"display_name":"ccr-yonetici","author_link":"https:\/\/ccr.group\/de\/author\/ccr-admin\/"},"uagb_comment_info":0,"uagb_excerpt":"Prozess-Beratung CCR unterst\u00fctzt die Struktur und die bestehenden Prozesse von Unternehmen durch die im Rahmen der Beratung durchgef\u00fchrten Studien und den geplanten und systematischen Fortschritt der Arbeiten, indem neue Prozesse in das System aufgenommen werden. CCR verf\u00fcgt \u00fcber mehr als 25 Jahre nationale und internationale Erfahrung sowie erfahrene Mitarbeitende und bietet eine durchg\u00e4ngige Prozessberatung in&hellip;","_links":{"self":[{"href":"https:\/\/ccr.group\/de\/wp-json\/wp\/v2\/pages\/6607","targetHints":{"allow":["GET"]}}],"collection":[{"href":"https:\/\/ccr.group\/de\/wp-json\/wp\/v2\/pages"}],"about":[{"href":"https:\/\/ccr.group\/de\/wp-json\/wp\/v2\/types\/page"}],"author":[{"embeddable":true,"href":"https:\/\/ccr.group\/de\/wp-json\/wp\/v2\/users\/1"}],"replies":[{"embeddable":true,"href":"https:\/\/ccr.group\/de\/wp-json\/wp\/v2\/comments?post=6607"}],"version-history":[{"count":6,"href":"https:\/\/ccr.group\/de\/wp-json\/wp\/v2\/pages\/6607\/revisions"}],"predecessor-version":[{"id":21415,"href":"https:\/\/ccr.group\/de\/wp-json\/wp\/v2\/pages\/6607\/revisions\/21415"}],"wp:attachment":[{"href":"https:\/\/ccr.group\/de\/wp-json\/wp\/v2\/media?parent=6607"}],"curies":[{"name":"wp","href":"https:\/\/api.w.org\/{rel}","templated":true}]}}