{"id":6595,"date":"2024-05-24T12:55:33","date_gmt":"2024-05-24T12:55:33","guid":{"rendered":"https:\/\/wordpress2.thedevelopment.in\/dd\/ccr.group\/technologie-beratung\/"},"modified":"2024-12-16T07:10:45","modified_gmt":"2024-12-16T07:10:45","slug":"technologie-beratung","status":"publish","type":"page","link":"https:\/\/ccr.group\/de\/technologie-beratung\/","title":{"rendered":"Technologieberatung"},"content":{"rendered":"\t\t<div data-elementor-type=\"wp-page\" data-elementor-id=\"6595\" class=\"elementor elementor-6595 elementor-6177\" data-elementor-post-type=\"page\">\n\t\t\t\t<div class=\"elementor-element elementor-element-6ab76187 e-con-full e-flex e-con e-parent\" data-id=\"6ab76187\" data-element_type=\"container\" data-e-type=\"container\" data-settings=\"{&quot;background_background&quot;:&quot;classic&quot;}\">\n\t\t<div class=\"elementor-element elementor-element-d865c0f e-con-full e-flex e-con e-child\" data-id=\"d865c0f\" data-element_type=\"container\" data-e-type=\"container\">\n\t\t\t\t<div class=\"elementor-element elementor-element-2cfd1faf elementor-widget elementor-widget-heading\" data-id=\"2cfd1faf\" data-element_type=\"widget\" data-e-type=\"widget\" data-widget_type=\"heading.default\">\n\t\t\t\t<div class=\"elementor-widget-container\">\n\t\t\t\t\t<h1 class=\"elementor-heading-title elementor-size-default\">Technologieberatung\n<\/h1>\t\t\t\t<\/div>\n\t\t\t\t<\/div>\n\t\t\t\t<div class=\"elementor-element elementor-element-72aa0817 elementor-widget elementor-widget-text-editor\" data-id=\"72aa0817\" data-element_type=\"widget\" data-e-type=\"widget\" data-widget_type=\"text-editor.default\">\n\t\t\t\t<div class=\"elementor-widget-container\">\n\t\t\t\t\t\t\t\t\tWir bei CCR wissen um die Bedeutung der Technologie in der komplexen Gesch\u00e4ftswelt. Mit unseren technologischen Beratungsdiensten k\u00f6nnen Sie sich Wettbewerbsvorteile verschaffen, indem Sie eine starke und gut ausgestattete Infrastruktur aufbauen. Durch den effizienten Einsatz von Informationstechnologien k\u00f6nnen Sie Ihre Ressourcen optimal verwalten, Zeit und Personalkosten sparen und Ihre Produktivit\u00e4t steigern.\t\t\t\t\t\t\t\t<\/div>\n\t\t\t\t<\/div>\n\t\t\t\t<div class=\"elementor-element elementor-element-b72d952 elementor-align-left elementor-mobile-align-center elementor-widget elementor-widget-button\" data-id=\"b72d952\" data-element_type=\"widget\" data-e-type=\"widget\" data-widget_type=\"button.default\">\n\t\t\t\t<div class=\"elementor-widget-container\">\n\t\t\t\t\t\t\t\t\t<div class=\"elementor-button-wrapper\">\n\t\t\t\t\t<a class=\"elementor-button elementor-button-link elementor-size-sm elementor-animation-pulse\" href=\"#contactus\">\n\t\t\t\t\t\t<span class=\"elementor-button-content-wrapper\">\n\t\t\t\t\t\t\t\t\t<span class=\"elementor-button-text\">Kontaktieren Sie uns<\/span>\n\t\t\t\t\t<\/span>\n\t\t\t\t\t<\/a>\n\t\t\t\t<\/div>\n\t\t\t\t\t\t\t\t<\/div>\n\t\t\t\t<\/div>\n\t\t\t\t<\/div>\n\t\t<div class=\"elementor-element elementor-element-59cb3dbb e-con-full e-flex e-con e-child\" data-id=\"59cb3dbb\" data-element_type=\"container\" data-e-type=\"container\">\n\t\t\t\t<div class=\"elementor-element elementor-element-294c6cb4 elementor-widget__width-initial elementor-widget elementor-widget-image\" data-id=\"294c6cb4\" data-element_type=\"widget\" data-e-type=\"widget\" data-widget_type=\"image.default\">\n\t\t\t\t<div class=\"elementor-widget-container\">\n\t\t\t\t\t\t\t\t\t\t\t\t\t\t\t<img fetchpriority=\"high\" decoding=\"async\" width=\"500\" height=\"500\" src=\"https:\/\/ccr.group\/wp-content\/uploads\/2024\/09\/teknolojik-danismanlik.webp\" class=\"attachment-full size-full wp-image-16879\" alt=\"teknolojik dan\u0131\u015fmanl\u0131k\ntechnologic consultancy\" srcset=\"https:\/\/ccr.group\/wp-content\/uploads\/2024\/09\/teknolojik-danismanlik.webp 500w, https:\/\/ccr.group\/wp-content\/uploads\/2024\/09\/teknolojik-danismanlik-300x300.webp 300w, https:\/\/ccr.group\/wp-content\/uploads\/2024\/09\/teknolojik-danismanlik-150x150.webp 150w\" sizes=\"(max-width: 500px) 100vw, 500px\" \/>\t\t\t\t\t\t\t\t\t\t\t\t\t\t\t<\/div>\n\t\t\t\t<\/div>\n\t\t\t\t<\/div>\n\t\t\t\t<\/div>\n\t\t\t\t<section class=\"elementor-section elementor-top-section elementor-element elementor-element-3c52349 elementor-section-content-middle elementor-section-boxed elementor-section-height-default elementor-section-height-default\" data-id=\"3c52349\" data-element_type=\"section\" data-e-type=\"section\" data-settings=\"{&quot;background_background&quot;:&quot;classic&quot;}\">\n\t\t\t\t\t\t<div class=\"elementor-container elementor-column-gap-no\">\n\t\t\t\t\t<div class=\"elementor-column elementor-col-100 elementor-top-column elementor-element elementor-element-4001db3\" data-id=\"4001db3\" data-element_type=\"column\" data-e-type=\"column\">\n\t\t\t<div class=\"elementor-widget-wrap elementor-element-populated\">\n\t\t\t\t\t\t<section class=\"elementor-section elementor-inner-section elementor-element elementor-element-1686f0d elementor-section-content-middle elementor-section-boxed elementor-section-height-default elementor-section-height-default\" data-id=\"1686f0d\" data-element_type=\"section\" data-e-type=\"section\" data-settings=\"{&quot;background_background&quot;:&quot;classic&quot;}\">\n\t\t\t\t\t\t<div class=\"elementor-container elementor-column-gap-default\">\n\t\t\t\t\t<div class=\"elementor-column elementor-col-100 elementor-inner-column elementor-element elementor-element-257d70e\" data-id=\"257d70e\" data-element_type=\"column\" data-e-type=\"column\">\n\t\t\t<div class=\"elementor-widget-wrap elementor-element-populated\">\n\t\t\t\t\t\t<div class=\"elementor-element elementor-element-c99d22e elementor-widget elementor-widget-text-editor\" data-id=\"c99d22e\" data-element_type=\"widget\" data-e-type=\"widget\" data-widget_type=\"text-editor.default\">\n\t\t\t\t<div class=\"elementor-widget-container\">\n\t\t\t\t\t\t\t\t\t<p><strong>CCR bietet ma\u00dfgeschneiderte Technologieberatungsdienste f\u00fcr Unternehmen, die sich auf die Bereitstellung einer hervorragenden Kundenerfahrung konzentrieren. Indem Sie Ihre bestehende Infrastruktur vervollst\u00e4ndigen, k\u00f6nnen Sie Ihr Kundenerlebnis und Ihre Markenkommunikation auf die n\u00e4chste Stufe heben.<\/strong><\/p>\t\t\t\t\t\t\t\t<\/div>\n\t\t\t\t<\/div>\n\t\t\t\t<div class=\"elementor-element elementor-element-96a7086 elementor-widget elementor-widget-text-editor\" data-id=\"96a7086\" data-element_type=\"widget\" data-e-type=\"widget\" data-widget_type=\"text-editor.default\">\n\t\t\t\t<div class=\"elementor-widget-container\">\n\t\t\t\t\t\t\t\t\t<strong>Unser Angebot an technologischen Beratungsleistungen:<\/strong>\t\t\t\t\t\t\t\t<\/div>\n\t\t\t\t<\/div>\n\t\t\t\t<div class=\"elementor-element elementor-element-ffefb5d elementor-widget elementor-widget-text-editor\" data-id=\"ffefb5d\" data-element_type=\"widget\" data-e-type=\"widget\" data-widget_type=\"text-editor.default\">\n\t\t\t\t<div class=\"elementor-widget-container\">\n\t\t\t\t\t\t\t\t\t<p><strong>&#8211; Beratung zu k\u00fcnstlicher Intelligenz<\/strong>: Sie optimiert Ihre Gesch\u00e4ftsprozesse, verbessert Ihr Kundenerlebnis durch Datenanalyse und hilft Ihnen bei der Entwicklung neuer Produkte und Dienstleistungen.<\/p><p><strong>&#8211; Cloud Computing-Beratung:<\/strong> Bietet Unterst\u00fctzung bei der Umstellung auf Cloud Computing, reduziert die Kosten Ihrer IT-Infrastruktur und sorgt f\u00fcr Flexibilit\u00e4t und Agilit\u00e4t.<\/p><p><strong>&#8211; End-to-End-Kundenerfahrung:<\/strong> Durch die Verwaltung von Kundeninteraktionen auf einer einzigen Plattform wird ein nahtloses Kundenerlebnis geschaffen, das die Kundenzufriedenheit und den Umsatz steigert.<\/p><p><strong>&#8211; Social Media Listening und Plattform-Management:<\/strong>Analysiert das Feedback zu Ihrer Marke, verwaltet alle Social-Media-Kan\u00e4le auf einer einzigen Plattform, sch\u00fctzt und verbessert den Ruf Ihrer Marke.<\/p><p><strong>-Software-Entwicklung:<\/strong> Wir entwickeln ma\u00dfgeschneiderte Software, die Ihre Gesch\u00e4ftsprozesse automatisiert, die Effizienz steigert und die Kosten senkt.<\/p>\t\t\t\t\t\t\t\t<\/div>\n\t\t\t\t<\/div>\n\t\t\t\t<div class=\"elementor-element elementor-element-1dfde8e elementor-widget elementor-widget-text-editor\" data-id=\"1dfde8e\" data-element_type=\"widget\" data-e-type=\"widget\" data-widget_type=\"text-editor.default\">\n\t\t\t\t<div class=\"elementor-widget-container\">\n\t\t\t\t\t\t\t\t\t<strong>Warum CCR w\u00e4hlen?<\/strong>\t\t\t\t\t\t\t\t<\/div>\n\t\t\t\t<\/div>\n\t\t\t\t<div class=\"elementor-element elementor-element-f5911c2 elementor-widget elementor-widget-text-editor\" data-id=\"f5911c2\" data-element_type=\"widget\" data-e-type=\"widget\" data-widget_type=\"text-editor.default\">\n\t\t\t\t<div class=\"elementor-widget-container\">\n\t\t\t\t\t\t\t\t\t<p><strong>&#8211; Unser Expertenteam: <\/strong>Unser erfahrenes und fachkundiges Team bietet die am besten geeigneten L\u00f6sungen f\u00fcr Ihre Gesch\u00e4ftsanforderungen.<\/p><p><strong>&#8211; Unser innovativer Ansatz: <\/strong>Wir verfolgen und bieten die neuesten Technologien.<\/p><p><strong>&#8211; Unser kundenorientierter Service: <\/strong>Die Zufriedenheit unserer Kunden steht f\u00fcr uns an erster Stelle.<\/p><p>Wir sind bereit, Sie auf Ihrem Weg der digitalen Transformation zu begleiten. Weitere Informationen erhalten Sie, wenn Sie sich direkt mit uns in Verbindung setzen.<\/p>\t\t\t\t\t\t\t\t<\/div>\n\t\t\t\t<\/div>\n\t\t\t\t\t<\/div>\n\t\t<\/div>\n\t\t\t\t\t<\/div>\n\t\t<\/section>\n\t\t\t\t<div class=\"elementor-element elementor-element-556e115 elementor-widget elementor-widget-heading\" data-id=\"556e115\" data-element_type=\"widget\" data-e-type=\"widget\" id=\"contactus\" data-widget_type=\"heading.default\">\n\t\t\t\t<div class=\"elementor-widget-container\">\n\t\t\t\t\t<h2 class=\"elementor-heading-title elementor-size-default\">Kontakt<\/h2>\t\t\t\t<\/div>\n\t\t\t\t<\/div>\n\t\t\t\t<div class=\"elementor-element elementor-element-5571944 elementor-widget elementor-widget-shortcode\" data-id=\"5571944\" data-element_type=\"widget\" data-e-type=\"widget\" data-widget_type=\"shortcode.default\">\n\t\t\t\t<div class=\"elementor-widget-container\">\n\t\t\t\t\t\t\t<div class=\"elementor-shortcode\"><div class=\"forminator-ui forminator-custom-form forminator-custom-form-9196 forminator-design--default  forminator_ajax\" data-forminator-render=\"0\" data-form=\"forminator-module-9196\" data-uid=\"69d22c60804a5\"><br\/><\/div><form\n\t\t\t\tid=\"forminator-module-9196\"\n\t\t\t\tclass=\"forminator-ui forminator-custom-form forminator-custom-form-9196 forminator-design--default  forminator_ajax\"\n\t\t\t\tmethod=\"post\"\n\t\t\t\tdata-forminator-render=\"0\"\n\t\t\t\tdata-form-id=\"9196\"\n\t\t\t\t data-color-option=\"default\" data-design=\"default\" data-grid=\"open\" style=\"display: none;\"\n\t\t\t\tdata-uid=\"69d22c60804a5\"\n\t\t\t><div role=\"alert\" aria-live=\"polite\" class=\"forminator-response-message forminator-error\" aria-hidden=\"true\"><\/div><div class=\"forminator-row\"><div id=\"name-1\" class=\"forminator-field-name forminator-col forminator-col-6 \"><div class=\"forminator-row forminator-no-margin\" data-multiple=\"true\"><div class=\"forminator-col forminator-col-md-6\"><div class=\"forminator-field\"><label for=\"forminator-field-first-name-1_69d22c60804a5\" id=\"forminator-field-first-name-1_69d22c60804a5-label\" class=\"forminator-label\">Vorname <span class=\"forminator-required\">*<\/span><\/label><input type=\"text\" name=\"name-1-first-name\" placeholder=\"Vorname\" id=\"forminator-field-first-name-1_69d22c60804a5\" class=\"forminator-input\" aria-required=\"true\" data-multi=\"1\" autocomplete=\"given-name\" value=\"\" \/><\/div><\/div><div class=\"forminator-col forminator-col-md-6\"><div class=\"forminator-field\"><label for=\"forminator-field-last-name-1_69d22c60804a5\" id=\"forminator-field-last-name-1_69d22c60804a5-label\" class=\"forminator-label\">Familienname, Nachname<\/label><input type=\"text\" name=\"name-1-last-name\" placeholder=\"Familienname, Nachname\" id=\"forminator-field-last-name-1_69d22c60804a5\" class=\"forminator-input\" aria-required=\"false\" data-multi=\"1\" autocomplete=\"family-name\" value=\"\" \/><\/div><\/div><\/div><\/div><div id=\"text-2\" class=\"forminator-field-text forminator-col forminator-col-6 \"><div class=\"forminator-field\"><label for=\"forminator-field-text-2_69d22c60804a5\" id=\"forminator-field-text-2_69d22c60804a5-label\" class=\"forminator-label\">Name der Firma <span class=\"forminator-required\">*<\/span><\/label><input type=\"text\" name=\"text-2\" value=\"\" placeholder=\"Name der Firma\" id=\"forminator-field-text-2_69d22c60804a5\" class=\"forminator-input forminator-name--field\" data-required=\"1\" \/><\/div><\/div><\/div><div class=\"forminator-row\"><div id=\"email-1\" class=\"forminator-field-email forminator-col forminator-col-4 \"><div class=\"forminator-field\"><label for=\"forminator-field-email-1_69d22c60804a5\" id=\"forminator-field-email-1_69d22c60804a5-label\" class=\"forminator-label\">E-Mail-Adresse <span class=\"forminator-required\">*<\/span><\/label><input type=\"email\" name=\"email-1\" value=\"\" placeholder=\"E-Mail-Adresse\" id=\"forminator-field-email-1_69d22c60804a5\" class=\"forminator-input forminator-email--field\" data-required=\"true\" aria-required=\"true\" autocomplete=\"email\" \/><\/div><\/div><div id=\"text-1\" class=\"forminator-field-text forminator-col forminator-col-4 \"><div class=\"forminator-field\"><label for=\"forminator-field-text-1_69d22c60804a5\" id=\"forminator-field-text-1_69d22c60804a5-label\" class=\"forminator-label\">Thema <span class=\"forminator-required\">*<\/span><\/label><input type=\"text\" name=\"text-1\" value=\"\" placeholder=\"Thema\" id=\"forminator-field-text-1_69d22c60804a5\" class=\"forminator-input forminator-name--field\" data-required=\"1\" \/><\/div><\/div><div id=\"phone-1\" class=\"forminator-field-phone forminator-col forminator-col-4 \"><div class=\"forminator-field\"><label for=\"forminator-field-phone-1_69d22c60804a5\" id=\"forminator-field-phone-1_69d22c60804a5-label\" class=\"forminator-label\">Phone Number <span class=\"forminator-required\">*<\/span><\/label><input type=\"text\" name=\"phone-1\" value=\"\" placeholder=\"Telefon\" id=\"forminator-field-phone-1_69d22c60804a5\" class=\"forminator-input forminator-field--phone\" data-required=\"1\" aria-required=\"true\" autocomplete=\"off\" \/><\/div><\/div><\/div><div class=\"forminator-row\"><div id=\"textarea-1\" class=\"forminator-field-textarea forminator-col forminator-col-12 \"><div class=\"forminator-field\"><label for=\"forminator-field-textarea-1_69d22c60804a5\" id=\"forminator-field-textarea-1_69d22c60804a5-label\" class=\"forminator-label\">Nachricht<\/label><textarea name=\"textarea-1\" placeholder=\"Nachricht\" id=\"forminator-field-textarea-1_69d22c60804a5\" class=\"forminator-textarea\" rows=\"6\" style=\"min-height:140px;\" maxlength=\"180\" ><\/textarea><span id=\"forminator-field-textarea-1_69d22c60804a5-description\" class=\"forminator-description\"><span data-limit=\"180\" data-type=\"characters\" data-editor=\"\">0 \/ 180<\/span><\/span><\/div><\/div><\/div><div class=\"forminator-row\"><div id=\"checkbox-1\" class=\"forminator-field-checkbox forminator-col forminator-col-12 \"><div role=\"group\" class=\"forminator-field required\" aria-labelledby=\"forminator-checkbox-group-forminator-field-checkbox-1-69d22c60804a5-label\"><label id=\"forminator-field-checkbox-1-1-69d22c60804a5-label\" for=\"forminator-field-checkbox-1-1-69d22c60804a5\" class=\"forminator-checkbox\" title=\"&lt;a href=&quot;https:\/\/ccr.group\/urun-hizmet-alan-kisiler-icin-kisisel-verilerini-is-faaliyetleri-kapsaminda-islenen-iliskin-aydinlatma-metni\/&quot;&gt;Ich habe den Informationstext &lt;\/a&gt;zur Verarbeitung personenbezogener Daten gelesen.\"><input type=\"checkbox\" name=\"checkbox-1[]\" value=\"one\" id=\"forminator-field-checkbox-1-1-69d22c60804a5\" aria-labelledby=\"forminator-field-checkbox-1-1-69d22c60804a5-label\" data-calculation=\"0\"   data-hidden-behavior=\"zero\"\/><span class=\"forminator-checkbox-box\" aria-hidden=\"true\"><\/span><span class=\"forminator-checkbox-label\"><a href=\"https:\/\/ccr.group\/urun-hizmet-alan-kisiler-icin-kisisel-verilerini-is-faaliyetleri-kapsaminda-islenen-iliskin-aydinlatma-metni\/\">Ich habe den Informationstext <\/a>zur Verarbeitung personenbezogener Daten gelesen.<\/span><\/label><\/div><\/div><\/div><div class=\"forminator-row\"><div id=\"checkbox-2\" class=\"forminator-field-checkbox forminator-col forminator-col-12 \"><div role=\"group\" class=\"forminator-field required\" aria-labelledby=\"forminator-checkbox-group-forminator-field-checkbox-2-69d22c60804a5-label\"><label id=\"forminator-field-checkbox-2-1-69d22c60804a5-label\" for=\"forminator-field-checkbox-2-1-69d22c60804a5\" class=\"forminator-checkbox\" title=\"&lt;a href=&quot;https:\/\/ccr.group\/ticari-elektronik-ileti-izni\/&quot;&gt;Im Rahmen des Textes zur ausdr\u00fccklichen Zustimmung&lt;\/a&gt; akzeptiere ich die Zusendung kommerzieller elektronischer Nachrichten und E-Bulletins.\"><input type=\"checkbox\" name=\"checkbox-2[]\" value=\"one\" id=\"forminator-field-checkbox-2-1-69d22c60804a5\" aria-labelledby=\"forminator-field-checkbox-2-1-69d22c60804a5-label\" data-calculation=\"0\"   data-hidden-behavior=\"zero\"\/><span class=\"forminator-checkbox-box\" aria-hidden=\"true\"><\/span><span class=\"forminator-checkbox-label\"><a href=\"https:\/\/ccr.group\/ticari-elektronik-ileti-izni\/\">Im Rahmen des Textes zur ausdr\u00fccklichen Zustimmung<\/a> akzeptiere ich die Zusendung kommerzieller elektronischer Nachrichten und E-Bulletins.<\/span><\/label><\/div><\/div><\/div><div class=\"forminator-row forminator-hidden\"><div id=\"hidden-1\" class=\"forminator-field-hidden  forminator-col-12 \"><input type=\"hidden\" id=\"hidden-1_69d22c60804a5\" name=\"hidden-1\" value=\"Technologieberatung\" \/><\/div><\/div><input type=\"hidden\" name=\"referer_url\" value=\"\" \/><div class=\"forminator-row forminator-row-last\"><div class=\"forminator-col\"><div class=\"forminator-field\"><button class=\"forminator-button forminator-button-submit\">Schicken<\/button><\/div><\/div><\/div><input type=\"hidden\" id=\"forminator_nonce\" name=\"forminator_nonce\" value=\"ef53f4b647\" \/><input type=\"hidden\" name=\"_wp_http_referer\" value=\"\/de\/wp-json\/wp\/v2\/pages\/6595\" \/><input type=\"hidden\" name=\"form_id\" value=\"9196\"><input type=\"hidden\" name=\"page_id\" value=\"6595\"><input type=\"hidden\" name=\"form_type\" value=\"default\"><input type=\"hidden\" name=\"current_url\" value=\"https:\/\/ccr.group\/de\/technologie-beratung\/\"><input type=\"hidden\" name=\"render_id\" value=\"0\"><input type=\"hidden\" name=\"action\" value=\"forminator_submit_form_custom-forms\"><\/form><\/div>\n\t\t\t\t\t\t<\/div>\n\t\t\t\t<\/div>\n\t\t\t\t\t<\/div>\n\t\t<\/div>\n\t\t\t\t\t<\/div>\n\t\t<\/section>\n\t\t\t\t<\/div>\n\t\t","protected":false},"excerpt":{"rendered":"<p>Technologieberatung Wir bei CCR wissen um die Bedeutung der Technologie in der komplexen Gesch\u00e4ftswelt. Mit unseren technologischen Beratungsdiensten k\u00f6nnen Sie sich Wettbewerbsvorteile verschaffen, indem Sie eine starke und gut ausgestattete Infrastruktur aufbauen. Durch den effizienten Einsatz von Informationstechnologien k\u00f6nnen Sie Ihre Ressourcen optimal verwalten, Zeit und Personalkosten sparen und Ihre Produktivit\u00e4t steigern. Kontaktieren Sie uns [&hellip;]<\/p>\n","protected":false},"author":1,"featured_media":0,"parent":0,"menu_order":0,"comment_status":"closed","ping_status":"closed","template":"elementor_header_footer","meta":{"_uag_custom_page_level_css":"","site-sidebar-layout":"no-sidebar","site-content-layout":"page-builder","ast-site-content-layout":"full-width-container","site-content-style":"default","site-sidebar-style":"default","ast-global-header-display":"","ast-banner-title-visibility":"","ast-main-header-display":"","ast-hfb-above-header-display":"","ast-hfb-below-header-display":"","ast-hfb-mobile-header-display":"","site-post-title":"disabled","ast-breadcrumbs-content":"","ast-featured-img":"disabled","footer-sml-layout":"","ast-disable-related-posts":"","theme-transparent-header-meta":"default","adv-header-id-meta":"","stick-header-meta":"","header-above-stick-meta":"","header-main-stick-meta":"","header-below-stick-meta":"","astra-migrate-meta-layouts":"set","ast-page-background-enabled":"default","ast-page-background-meta":{"desktop":{"background-color":"","background-image":"","background-repeat":"repeat","background-position":"center center","background-size":"auto","background-attachment":"scroll","background-type":"","background-media":"","overlay-type":"","overlay-color":"","overlay-opacity":"","overlay-gradient":""},"tablet":{"background-color":"","background-image":"","background-repeat":"repeat","background-position":"center center","background-size":"auto","background-attachment":"scroll","background-type":"","background-media":"","overlay-type":"","overlay-color":"","overlay-opacity":"","overlay-gradient":""},"mobile":{"background-color":"","background-image":"","background-repeat":"repeat","background-position":"center center","background-size":"auto","background-attachment":"scroll","background-type":"","background-media":"","overlay-type":"","overlay-color":"","overlay-opacity":"","overlay-gradient":""}},"ast-content-background-meta":{"desktop":{"background-color":"var(--ast-global-color-5)","background-image":"","background-repeat":"repeat","background-position":"center center","background-size":"auto","background-attachment":"scroll","background-type":"","background-media":"","overlay-type":"","overlay-color":"","overlay-opacity":"","overlay-gradient":""},"tablet":{"background-color":"var(--ast-global-color-5)","background-image":"","background-repeat":"repeat","background-position":"center center","background-size":"auto","background-attachment":"scroll","background-type":"","background-media":"","overlay-type":"","overlay-color":"","overlay-opacity":"","overlay-gradient":""},"mobile":{"background-color":"var(--ast-global-color-5)","background-image":"","background-repeat":"repeat","background-position":"center center","background-size":"auto","background-attachment":"scroll","background-type":"","background-media":"","overlay-type":"","overlay-color":"","overlay-opacity":"","overlay-gradient":""}},"footnotes":""},"class_list":["post-6595","page","type-page","status-publish","hentry"],"uagb_featured_image_src":{"full":false,"thumbnail":false,"medium":false,"medium_large":false,"large":false,"1536x1536":false,"2048x2048":false},"uagb_author_info":{"display_name":"ccr-yonetici","author_link":"https:\/\/ccr.group\/de\/author\/ccr-admin\/"},"uagb_comment_info":0,"uagb_excerpt":"Technologieberatung Wir bei CCR wissen um die Bedeutung der Technologie in der komplexen Gesch\u00e4ftswelt. Mit unseren technologischen Beratungsdiensten k\u00f6nnen Sie sich Wettbewerbsvorteile verschaffen, indem Sie eine starke und gut ausgestattete Infrastruktur aufbauen. Durch den effizienten Einsatz von Informationstechnologien k\u00f6nnen Sie Ihre Ressourcen optimal verwalten, Zeit und Personalkosten sparen und Ihre Produktivit\u00e4t steigern. Kontaktieren Sie uns&hellip;","_links":{"self":[{"href":"https:\/\/ccr.group\/de\/wp-json\/wp\/v2\/pages\/6595","targetHints":{"allow":["GET"]}}],"collection":[{"href":"https:\/\/ccr.group\/de\/wp-json\/wp\/v2\/pages"}],"about":[{"href":"https:\/\/ccr.group\/de\/wp-json\/wp\/v2\/types\/page"}],"author":[{"embeddable":true,"href":"https:\/\/ccr.group\/de\/wp-json\/wp\/v2\/users\/1"}],"replies":[{"embeddable":true,"href":"https:\/\/ccr.group\/de\/wp-json\/wp\/v2\/comments?post=6595"}],"version-history":[{"count":3,"href":"https:\/\/ccr.group\/de\/wp-json\/wp\/v2\/pages\/6595\/revisions"}],"predecessor-version":[{"id":21406,"href":"https:\/\/ccr.group\/de\/wp-json\/wp\/v2\/pages\/6595\/revisions\/21406"}],"wp:attachment":[{"href":"https:\/\/ccr.group\/de\/wp-json\/wp\/v2\/media?parent=6595"}],"curies":[{"name":"wp","href":"https:\/\/api.w.org\/{rel}","templated":true}]}}