{"id":15397,"date":"2024-08-16T06:39:01","date_gmt":"2024-08-16T03:39:01","guid":{"rendered":"https:\/\/wordpress2.thedevelopment.in\/dd\/ccr.group\/beratung-zur-cloud-migration-2\/"},"modified":"2024-12-05T11:33:51","modified_gmt":"2024-12-05T11:33:51","slug":"beratung-zur-cloud-migration-2","status":"publish","type":"page","link":"https:\/\/ccr.group\/de\/beratung-zur-cloud-migration-2\/","title":{"rendered":"Beratung zur Cloud-Migration"},"content":{"rendered":"\t\t<div data-elementor-type=\"wp-page\" data-elementor-id=\"15397\" class=\"elementor elementor-15397 elementor-15356\" data-elementor-post-type=\"page\">\n\t\t\t\t<div class=\"elementor-element elementor-element-7564bcd1 e-flex e-con-boxed e-con e-parent\" data-id=\"7564bcd1\" data-element_type=\"container\" data-e-type=\"container\" data-settings=\"{&quot;background_background&quot;:&quot;classic&quot;}\">\n\t\t\t\t\t<div class=\"e-con-inner\">\n\t\t<div class=\"elementor-element elementor-element-1a1cf35b e-con-full e-flex e-con e-child\" data-id=\"1a1cf35b\" data-element_type=\"container\" data-e-type=\"container\">\n\t\t\t\t<div class=\"elementor-element elementor-element-7b7d7450 elementor-widget elementor-widget-heading\" data-id=\"7b7d7450\" data-element_type=\"widget\" data-e-type=\"widget\" data-widget_type=\"heading.default\">\n\t\t\t\t<div class=\"elementor-widget-container\">\n\t\t\t\t\t<h1 class=\"elementor-heading-title elementor-size-default\">Beratung zur Cloud-Migration<\/h1>\t\t\t\t<\/div>\n\t\t\t\t<\/div>\n\t\t\t\t<div class=\"elementor-element elementor-element-f6cdfc2 elementor-widget elementor-widget-text-editor\" data-id=\"f6cdfc2\" data-element_type=\"widget\" data-e-type=\"widget\" data-widget_type=\"text-editor.default\">\n\t\t\t\t<div class=\"elementor-widget-container\">\n\t\t\t\t\t\t\t\t\t<p>Die Beratungsdienste f\u00fcr die Cloud-Migration planen Ihren \u00dcbergang von Ihrem bestehenden lokalen System zur Cloud-Infrastruktur ohne betriebliche Probleme.<\/p>\t\t\t\t\t\t\t\t<\/div>\n\t\t\t\t<\/div>\n\t\t\t\t<\/div>\n\t\t<div class=\"elementor-element elementor-element-66786ff3 e-con-full e-flex e-con e-child\" data-id=\"66786ff3\" data-element_type=\"container\" data-e-type=\"container\">\n\t\t\t\t<div class=\"elementor-element elementor-element-6a55cd05 banner-image elementor-widget elementor-widget-image\" data-id=\"6a55cd05\" data-element_type=\"widget\" data-e-type=\"widget\" data-widget_type=\"image.default\">\n\t\t\t\t<div class=\"elementor-widget-container\">\n\t\t\t\t\t\t\t\t\t\t\t\t\t\t\t<img fetchpriority=\"high\" decoding=\"async\" width=\"500\" height=\"500\" src=\"https:\/\/ccr.group\/wp-content\/uploads\/2024\/09\/buluta-gecis-danismanligi.webp\" class=\"attachment-full size-full wp-image-16837\" alt=\"cloud migration\" srcset=\"https:\/\/ccr.group\/wp-content\/uploads\/2024\/09\/buluta-gecis-danismanligi.webp 500w, https:\/\/ccr.group\/wp-content\/uploads\/2024\/09\/buluta-gecis-danismanligi-300x300.webp 300w, https:\/\/ccr.group\/wp-content\/uploads\/2024\/09\/buluta-gecis-danismanligi-150x150.webp 150w\" sizes=\"(max-width: 500px) 100vw, 500px\" \/>\t\t\t\t\t\t\t\t\t\t\t\t\t\t\t<\/div>\n\t\t\t\t<\/div>\n\t\t\t\t<\/div>\n\t\t\t\t\t<\/div>\n\t\t\t\t<\/div>\n\t\t<div class=\"elementor-element elementor-element-3970147 e-grid e-con-boxed e-con e-parent\" data-id=\"3970147\" data-element_type=\"container\" data-e-type=\"container\">\n\t\t\t\t\t<div class=\"e-con-inner\">\n\t\t\t\t<div class=\"elementor-element elementor-element-c375339 elementor-widget elementor-widget-heading\" data-id=\"c375339\" data-element_type=\"widget\" data-e-type=\"widget\" data-widget_type=\"heading.default\">\n\t\t\t\t<div class=\"elementor-widget-container\">\n\t\t\t\t\t<h2 class=\"elementor-heading-title elementor-size-default\">Beratungspakete f\u00fcr die Cloud-Migration<\/h2>\t\t\t\t<\/div>\n\t\t\t\t<\/div>\n\t\t\t\t\t<\/div>\n\t\t\t\t<\/div>\n\t\t\t\t<section class=\"elementor-section elementor-top-section elementor-element elementor-element-5e092e40 elementor-section-content-middle elementor-section-boxed elementor-section-height-default elementor-section-height-default\" data-id=\"5e092e40\" data-element_type=\"section\" data-e-type=\"section\" id=\"testimonial_section\" data-settings=\"{&quot;background_background&quot;:&quot;classic&quot;}\">\n\t\t\t\t\t\t<div class=\"elementor-container elementor-column-gap-no\">\n\t\t\t\t\t<div class=\"elementor-column elementor-col-100 elementor-top-column elementor-element elementor-element-383a3e6f\" data-id=\"383a3e6f\" data-element_type=\"column\" data-e-type=\"column\">\n\t\t\t<div class=\"elementor-widget-wrap elementor-element-populated\">\n\t\t\t\t\t\t<section class=\"elementor-section elementor-inner-section elementor-element elementor-element-593284ac elementor-section-content-middle elementor-section-boxed elementor-section-height-default elementor-section-height-default\" data-id=\"593284ac\" data-element_type=\"section\" data-e-type=\"section\">\n\t\t\t\t\t\t<div class=\"elementor-container elementor-column-gap-no\">\n\t\t\t\t\t<div class=\"elementor-column elementor-col-100 elementor-inner-column elementor-element elementor-element-5b5cb301\" data-id=\"5b5cb301\" data-element_type=\"column\" data-e-type=\"column\">\n\t\t\t<div class=\"elementor-widget-wrap elementor-element-populated\">\n\t\t\t\t\t\t<div class=\"elementor-element elementor-element-722732d3 elementor-widget elementor-widget-heading\" data-id=\"722732d3\" data-element_type=\"widget\" data-e-type=\"widget\" data-widget_type=\"heading.default\">\n\t\t\t\t<div class=\"elementor-widget-container\">\n\t\t\t\t\t<h3 class=\"elementor-heading-title elementor-size-default\"><a href=\"https:\/\/ccr.group\/bulut-cagri-merkezi-cozumleri-teknoloji-liderligi\/\">Beratungspakete f\u00fcr die Migration von On-Premises zu Cloud <\/a><\/h3>\t\t\t\t<\/div>\n\t\t\t\t<\/div>\n\t\t\t\t\t<\/div>\n\t\t<\/div>\n\t\t\t\t\t<\/div>\n\t\t<\/section>\n\t\t\t\t\t<\/div>\n\t\t<\/div>\n\t\t\t\t\t<\/div>\n\t\t<\/section>\n\t\t<div class=\"elementor-element elementor-element-b6c8035 e-flex e-con-boxed e-con e-parent\" data-id=\"b6c8035\" data-element_type=\"container\" data-e-type=\"container\" data-settings=\"{&quot;background_background&quot;:&quot;classic&quot;}\">\n\t\t\t\t\t<div class=\"e-con-inner\">\n\t\t<div class=\"elementor-element elementor-element-41b8b65e e-con-full e-flex e-con e-child\" data-id=\"41b8b65e\" data-element_type=\"container\" data-e-type=\"container\">\n\t\t<div class=\"elementor-element elementor-element-1b3689a4 e-flex e-con-boxed e-con e-child\" data-id=\"1b3689a4\" data-element_type=\"container\" data-e-type=\"container\" data-settings=\"{&quot;background_background&quot;:&quot;classic&quot;}\">\n\t\t\t\t\t<div class=\"e-con-inner\">\n\t\t<div class=\"elementor-element elementor-element-3962f5f8 e-con-full e-flex e-con e-child\" data-id=\"3962f5f8\" data-element_type=\"container\" data-e-type=\"container\">\n\t\t\t\t<div class=\"elementor-element elementor-element-71812bdb elementor-widget elementor-widget-heading\" data-id=\"71812bdb\" data-element_type=\"widget\" data-e-type=\"widget\" data-widget_type=\"heading.default\">\n\t\t\t\t<div class=\"elementor-widget-container\">\n\t\t\t\t\t<h3 class=\"elementor-heading-title elementor-size-default\">Basic Assessment Paket <\/h3>\t\t\t\t<\/div>\n\t\t\t\t<\/div>\n\t\t\t\t<div class=\"elementor-element elementor-element-63bdc52e elementor-widget elementor-widget-heading\" data-id=\"63bdc52e\" data-element_type=\"widget\" data-e-type=\"widget\" data-widget_type=\"heading.default\">\n\t\t\t\t<div class=\"elementor-widget-container\">\n\t\t\t\t\t<h6 class=\"elementor-heading-title elementor-size-default\">Analyse des aktuellen Zustands:<\/h6>\t\t\t\t<\/div>\n\t\t\t\t<\/div>\n\t\t\t\t<div class=\"elementor-element elementor-element-3fc530e elementor-widget elementor-widget-text-editor\" data-id=\"3fc530e\" data-element_type=\"widget\" data-e-type=\"widget\" data-widget_type=\"text-editor.default\">\n\t\t\t\t<div class=\"elementor-widget-container\">\n\t\t\t\t\t\t\t\t\t<p>Wir bewerten Ihre bestehende Contact-Center-Infrastruktur vor Ort, einschlie\u00dflich Hardware, Software, Prozessen und Daten. Wir inventarisieren die vorhandene Hardware, Software und Datenbest\u00e4nde vor Ort. Wir bewerten deren Nutzung, Abh\u00e4ngigkeiten, Performance und Kompatibilit\u00e4t mit Cloud-Umgebungen. Wir identifizieren Schwachstellen im aktuellen lokalen System. Basierend auf den Ergebnissen empfehlen wir die beste Cloud-Option f\u00fcr Ihr Unternehmen, um das Potenzial zu maximieren und die Gesch\u00e4ftsprozesse zu optimieren.<\/p>\t\t\t\t\t\t\t\t<\/div>\n\t\t\t\t<\/div>\n\t\t\t\t<\/div>\n\t\t<div class=\"elementor-element elementor-element-4014bb4c e-con-full e-flex e-con e-child\" data-id=\"4014bb4c\" data-element_type=\"container\" data-e-type=\"container\" data-settings=\"{&quot;background_background&quot;:&quot;classic&quot;}\">\n\t\t\t\t<div class=\"elementor-element elementor-element-58b28336 elementor-widget elementor-widget-image\" data-id=\"58b28336\" data-element_type=\"widget\" data-e-type=\"widget\" data-widget_type=\"image.default\">\n\t\t\t\t<div class=\"elementor-widget-container\">\n\t\t\t\t\t\t\t\t\t\t\t\t\t\t\t<img decoding=\"async\" width=\"500\" height=\"500\" src=\"https:\/\/ccr.group\/wp-content\/uploads\/2024\/09\/Temel-Degerlendirme.png\" class=\"attachment-full size-full wp-image-16693\" alt=\"Basic Assesment\" srcset=\"https:\/\/ccr.group\/wp-content\/uploads\/2024\/09\/Temel-Degerlendirme.png 500w, https:\/\/ccr.group\/wp-content\/uploads\/2024\/09\/Temel-Degerlendirme-300x300.png 300w, https:\/\/ccr.group\/wp-content\/uploads\/2024\/09\/Temel-Degerlendirme-150x150.png 150w\" sizes=\"(max-width: 500px) 100vw, 500px\" \/>\t\t\t\t\t\t\t\t\t\t\t\t\t\t\t<\/div>\n\t\t\t\t<\/div>\n\t\t\t\t<\/div>\n\t\t\t\t\t<\/div>\n\t\t\t\t<\/div>\n\t\t<div class=\"elementor-element elementor-element-cb586e2 e-flex e-con-boxed e-con e-child\" data-id=\"cb586e2\" data-element_type=\"container\" data-e-type=\"container\" data-settings=\"{&quot;background_background&quot;:&quot;classic&quot;}\">\n\t\t\t\t\t<div class=\"e-con-inner\">\n\t\t<div class=\"elementor-element elementor-element-2b8844a1 e-con-full e-flex e-con e-child\" data-id=\"2b8844a1\" data-element_type=\"container\" data-e-type=\"container\" data-settings=\"{&quot;background_background&quot;:&quot;classic&quot;}\">\n\t\t\t\t<div class=\"elementor-element elementor-element-b6af050 elementor-widget elementor-widget-image\" data-id=\"b6af050\" data-element_type=\"widget\" data-e-type=\"widget\" data-widget_type=\"image.default\">\n\t\t\t\t<div class=\"elementor-widget-container\">\n\t\t\t\t\t\t\t\t\t\t\t\t\t\t\t<img decoding=\"async\" width=\"500\" height=\"500\" src=\"https:\/\/ccr.group\/wp-content\/uploads\/2024\/09\/Cloud-Migratration-Consultancy-1.webp\" class=\"attachment-full size-full wp-image-16679\" alt=\"Buluta Ge\u00e7i\u015f Dan\u0131\u015fmanl\u0131\u011f\u0131\" srcset=\"https:\/\/ccr.group\/wp-content\/uploads\/2024\/09\/Cloud-Migratration-Consultancy-1.webp 500w, https:\/\/ccr.group\/wp-content\/uploads\/2024\/09\/Cloud-Migratration-Consultancy-1-300x300.webp 300w, https:\/\/ccr.group\/wp-content\/uploads\/2024\/09\/Cloud-Migratration-Consultancy-1-150x150.webp 150w\" sizes=\"(max-width: 500px) 100vw, 500px\" \/>\t\t\t\t\t\t\t\t\t\t\t\t\t\t\t<\/div>\n\t\t\t\t<\/div>\n\t\t\t\t<\/div>\n\t\t<div class=\"elementor-element elementor-element-3e14646e e-con-full e-flex e-con e-child\" data-id=\"3e14646e\" data-element_type=\"container\" data-e-type=\"container\">\n\t\t\t\t<div class=\"elementor-element elementor-element-2cfc813 elementor-widget elementor-widget-heading\" data-id=\"2cfc813\" data-element_type=\"widget\" data-e-type=\"widget\" data-widget_type=\"heading.default\">\n\t\t\t\t<div class=\"elementor-widget-container\">\n\t\t\t\t\t<h2 class=\"elementor-heading-title elementor-size-default\">Erweiterte Bewertung mit Cloud-Readiness<\/h2>\t\t\t\t<\/div>\n\t\t\t\t<\/div>\n\t\t\t\t<div class=\"elementor-element elementor-element-490acce1 elementor-widget elementor-widget-text-editor\" data-id=\"490acce1\" data-element_type=\"widget\" data-e-type=\"widget\" data-widget_type=\"text-editor.default\">\n\t\t\t\t<div class=\"elementor-widget-container\">\n\t\t\t\t\t\t\t\t\t<p>Umfasst die Basisbewertung und die folgenden zus\u00e4tzlichen Elemente:<\/p><p><span style=\"text-decoration: underline;\"><strong>Bewertung der Cloud-Bereitschaft:<\/strong><\/span> Unsere Beraterinnen und Berater bewerten die Bereitschaft Ihres Unternehmens, in die Cloud zu migrieren, einschlie\u00dflich der Netzwerkinfrastruktur, Sicherheits\u00fcberlegungen, Compliance-Anforderungen und Skalierbarkeitsanforderungen.<\/p><p><span style=\"text-decoration: underline;\"><strong>a) Analyse der gesch\u00e4ftlichen Anforderungen:\u00a0<\/strong><\/span><\/p><p>In dieser Phase arbeiten unsere fachkundigen und erfahrenen Berater mit Ihrem Team zusammen, um die einzigartigen Gesch\u00e4ftsfaktoren und Ziele Ihres Unternehmens f\u00fcr die Cloud-Migration vollst\u00e4ndig zu verstehen und zu erfassen. Zu Beginn pr\u00fcfen wir Ihre bestehende Infrastruktur, ermitteln die Anforderungen an die Skalierbarkeit und bewerten die Ziele zur Kostensenkung.<\/p><p>Wir untersuchen die Marketing-Tools und -Prozesse, die derzeit von Ihren Gesch\u00e4ftseinheiten verwendet werden, bewerten deren Effektivit\u00e4t und schlagen Verbesserungsm\u00f6glichkeiten vor. Indem wir Ihre spezifischen Bed\u00fcrfnisse und Herausforderungen verstehen, k\u00f6nnen wir Ihnen ma\u00dfgeschneiderte L\u00f6sungen anbieten, um Ihre Gesch\u00e4ftsprozesse zu verbessern, Ihre Kosten zu senken und letztendlich Ihr Wachstum zu f\u00f6rdern. Unsere gr\u00fcndliche Analyse bietet einen klaren Weg zur Implementierung von Cloud- und KI-basierten L\u00f6sungen, die Ihrem Unternehmen einen Wettbewerbsvorteil auf dem heutigen digitalen Markt verschaffen.<\/p><p><b><u>b) IT-Capabilities-Assessment (ITA):<\/u><\/b> IT-Capabilities-Assessment (ITA) hilft bei der Identifizierung potenzieller Herausforderungen, Risiken und L\u00fccken, die vor oder w\u00e4hrend des Migrationsprozesses adressiert werden m\u00fcssen, und liefert wertvolle Einblicke in Bereiche, die m\u00f6glicherweise zus\u00e4tzliche Investitionen, Ressourcenzuweisung oder Kompetenzentwicklung erfordern, um eine reibungslose und erfolgreiche Migration zu gew\u00e4hrleisten.<\/p>\t\t\t\t\t\t\t\t<\/div>\n\t\t\t\t<\/div>\n\t\t\t\t<\/div>\n\t\t\t\t\t<\/div>\n\t\t\t\t<\/div>\n\t\t\t\t<div class=\"elementor-element elementor-element-48f7217 elementor-widget elementor-widget-spacer\" data-id=\"48f7217\" data-element_type=\"widget\" data-e-type=\"widget\" data-widget_type=\"spacer.default\">\n\t\t\t\t<div class=\"elementor-widget-container\">\n\t\t\t\t\t\t\t<div class=\"elementor-spacer\">\n\t\t\t<div class=\"elementor-spacer-inner\"><\/div>\n\t\t<\/div>\n\t\t\t\t\t\t<\/div>\n\t\t\t\t<\/div>\n\t\t\t\t<\/div>\n\t\t\t\t\t<\/div>\n\t\t\t\t<\/div>\n\t\t\t\t<\/div>\n\t\t","protected":false},"excerpt":{"rendered":"<p>Die Beratungsdienste f\u00fcr die Cloud-Migration planen Ihren \u00dcbergang von Ihrem bestehenden lokalen System zur Cloud-Infrastruktur ohne betriebliche Probleme. Beratungspakete f\u00fcr die Cloud-Migration Beratungspakete f\u00fcr die Migration von On-Premises zu Cloud Basic Assessment Paket Analyse des aktuellen Zustands: Wir bewerten Ihre bestehende Contact-Center-Infrastruktur vor Ort, einschlie\u00dflich Hardware, Software, Prozessen und Daten. Wir inventarisieren die vorhandene Hardware, [&hellip;]<\/p>\n","protected":false},"author":1,"featured_media":0,"parent":0,"menu_order":0,"comment_status":"closed","ping_status":"closed","template":"","meta":{"_uag_custom_page_level_css":"","site-sidebar-layout":"no-sidebar","site-content-layout":"page-builder","ast-site-content-layout":"full-width-container","site-content-style":"default","site-sidebar-style":"default","ast-global-header-display":"","ast-banner-title-visibility":"","ast-main-header-display":"","ast-hfb-above-header-display":"","ast-hfb-below-header-display":"","ast-hfb-mobile-header-display":"","site-post-title":"disabled","ast-breadcrumbs-content":"","ast-featured-img":"disabled","footer-sml-layout":"","ast-disable-related-posts":"","theme-transparent-header-meta":"default","adv-header-id-meta":"","stick-header-meta":"","header-above-stick-meta":"","header-main-stick-meta":"","header-below-stick-meta":"","astra-migrate-meta-layouts":"set","ast-page-background-enabled":"default","ast-page-background-meta":{"desktop":{"background-color":"","background-image":"","background-repeat":"repeat","background-position":"center center","background-size":"auto","background-attachment":"scroll","background-type":"","background-media":"","overlay-type":"","overlay-color":"","overlay-opacity":"","overlay-gradient":""},"tablet":{"background-color":"","background-image":"","background-repeat":"repeat","background-position":"center center","background-size":"auto","background-attachment":"scroll","background-type":"","background-media":"","overlay-type":"","overlay-color":"","overlay-opacity":"","overlay-gradient":""},"mobile":{"background-color":"","background-image":"","background-repeat":"repeat","background-position":"center center","background-size":"auto","background-attachment":"scroll","background-type":"","background-media":"","overlay-type":"","overlay-color":"","overlay-opacity":"","overlay-gradient":""}},"ast-content-background-meta":{"desktop":{"background-color":"var(--ast-global-color-5)","background-image":"","background-repeat":"repeat","background-position":"center center","background-size":"auto","background-attachment":"scroll","background-type":"","background-media":"","overlay-type":"","overlay-color":"","overlay-opacity":"","overlay-gradient":""},"tablet":{"background-color":"var(--ast-global-color-5)","background-image":"","background-repeat":"repeat","background-position":"center center","background-size":"auto","background-attachment":"scroll","background-type":"","background-media":"","overlay-type":"","overlay-color":"","overlay-opacity":"","overlay-gradient":""},"mobile":{"background-color":"var(--ast-global-color-5)","background-image":"","background-repeat":"repeat","background-position":"center center","background-size":"auto","background-attachment":"scroll","background-type":"","background-media":"","overlay-type":"","overlay-color":"","overlay-opacity":"","overlay-gradient":""}},"footnotes":""},"class_list":["post-15397","page","type-page","status-publish","hentry"],"uagb_featured_image_src":{"full":false,"thumbnail":false,"medium":false,"medium_large":false,"large":false,"1536x1536":false,"2048x2048":false},"uagb_author_info":{"display_name":"ccr-yonetici","author_link":"https:\/\/ccr.group\/de\/author\/ccr-admin\/"},"uagb_comment_info":0,"uagb_excerpt":"Die Beratungsdienste f\u00fcr die Cloud-Migration planen Ihren \u00dcbergang von Ihrem bestehenden lokalen System zur Cloud-Infrastruktur ohne betriebliche Probleme. Beratungspakete f\u00fcr die Cloud-Migration Beratungspakete f\u00fcr die Migration von On-Premises zu Cloud Basic Assessment Paket Analyse des aktuellen Zustands: Wir bewerten Ihre bestehende Contact-Center-Infrastruktur vor Ort, einschlie\u00dflich Hardware, Software, Prozessen und Daten. Wir inventarisieren die vorhandene Hardware,&hellip;","_links":{"self":[{"href":"https:\/\/ccr.group\/de\/wp-json\/wp\/v2\/pages\/15397","targetHints":{"allow":["GET"]}}],"collection":[{"href":"https:\/\/ccr.group\/de\/wp-json\/wp\/v2\/pages"}],"about":[{"href":"https:\/\/ccr.group\/de\/wp-json\/wp\/v2\/types\/page"}],"author":[{"embeddable":true,"href":"https:\/\/ccr.group\/de\/wp-json\/wp\/v2\/users\/1"}],"replies":[{"embeddable":true,"href":"https:\/\/ccr.group\/de\/wp-json\/wp\/v2\/comments?post=15397"}],"version-history":[{"count":4,"href":"https:\/\/ccr.group\/de\/wp-json\/wp\/v2\/pages\/15397\/revisions"}],"predecessor-version":[{"id":21255,"href":"https:\/\/ccr.group\/de\/wp-json\/wp\/v2\/pages\/15397\/revisions\/21255"}],"wp:attachment":[{"href":"https:\/\/ccr.group\/de\/wp-json\/wp\/v2\/media?parent=15397"}],"curies":[{"name":"wp","href":"https:\/\/api.w.org\/{rel}","templated":true}]}}